{"id":101,"date":"2015-12-23T11:59:31","date_gmt":"2015-12-23T11:59:31","guid":{"rendered":"http:\/\/chove.hol.es\/web\/?page_id=101"},"modified":"2026-01-22T19:37:11","modified_gmt":"2026-01-22T19:37:11","slug":"articulos","status":"publish","type":"page","link":"https:\/\/chove.hol.es\/web\/?page_id=101","title":{"rendered":"Art\u00edculos"},"content":{"rendered":"<p>Aqu\u00ed dispones del listado de art\u00edculos, comentarios, etc. de Jos\u00e9 Guzm\u00e1n:<\/p>\n<ul>\n<li><a title=\"Aquellos tiempos de mi ni\u00f1ez\" href=\"http:\/\/chove.hol.es\/web\/?p=110\">Aquellos tiempos de mi ni\u00f1ez<\/a><\/li>\n<li><a title=\"Crisis Reflexi\u00f3n\" href=\"http:\/\/chove.hol.es\/web\/?p=153\">Crisis Reflexi\u00f3n<\/a><\/li>\n<li><a title=\"A Prop\u00f3sito de la Crisis Griega\" href=\"http:\/\/chove.hol.es\/web\/?p=160\">A Prop\u00f3sito de la Crisis Griega<\/a><\/li>\n<li><a title=\"La Vida en Torno a los Pilares P\u00fablicos\" href=\"http:\/\/chove.hol.es\/web\/?p=164\">La Vida en torno a los Pilares p\u00fablicos<\/a><\/li>\n<li><a title=\"Relato imaginario de una ma\u00f1ana de domingo\" href=\"http:\/\/chove.hol.es\/web\/?p=173\">Relato imaginario de una ma\u00f1ana de domingo<\/a><\/li>\n<li><a title=\"Dr\u00e1cula\" href=\"http:\/\/chove.hol.es\/web\/?p=276\">Dr\u00e1cula<\/a><\/li>\n<li><a title=\"Por un congreso del PSOE\" href=\"http:\/\/chove.hol.es\/web\/?p=279\">Por un congreso del PSOE<\/a><\/li>\n<li><a title=\"El proyecto socialista de futuro en Granada\" href=\"http:\/\/chove.hol.es\/web\/?p=282\">El proyecto socialista de futuro en Granada<\/a><\/li>\n<li><a title=\"Un d\u00eda de rehabilitaci\u00f3n\" href=\"http:\/\/chove.hol.es\/web\/?p=285\">Un d\u00eda de rehabilitaci\u00f3n<\/a><\/li>\n<li><a title=\"Historia de una fotograf\u00eda\" href=\"http:\/\/chove.hol.es\/web\/?p=305\">Historia de una fotograf\u00eda<\/a><\/li>\n<li><a title=\"Pilonchas, obituario (publicado en Ideal).\" href=\"http:\/\/chove.hol.es\/web\/?p=321\">Pilonchas, obituario (publicado en Ideal)<\/a><\/li>\n<li><a title=\"Recuerdos de la navidad montefrie\u00f1a\" href=\"http:\/\/chove.hol.es\/web\/?p=328\">Recuerdos de la navidad montefrie\u00f1a<\/a><\/li>\n<li><a title=\"Los enigmas del coraz\u00f3n\" href=\"http:\/\/chove.hol.es\/web\/?page_id=342\">Los enigmas del coraz\u00f3n<\/a><\/li>\n<li><a title=\"Pasi\u00f3n costalera\" href=\"http:\/\/chove.hol.es\/web\/?p=351\">Pasi\u00f3n costalera<\/a><\/li>\n<li><a title=\"Un Viernes Santo en Encinas Reales\" href=\"http:\/\/chove.hol.es\/web\/?p=354\">Un Viernes Santo en Encinas Reales<\/a><\/li>\n<li><a title=\"\u00a1\u00a1Un Pitatol!!\" href=\"http:\/\/chove.hol.es\/web\/?page_id=360\">\u00a1\u00a1Un Pitatol!!<\/a><\/li>\n<li><a title=\"Pilonchas y el m\u00e9dico\" href=\"http:\/\/chove.hol.es\/web\/?p=366\">Pilonchas y el m\u00e9dico<\/a><\/li>\n<li><a title=\"Econom\u00eda Montefr\u00edo\" href=\"http:\/\/chove.hol.es\/web\/?p=369\">Econom\u00eda Montefr\u00edo<\/a><\/li>\n<li><a title=\"Los viajes de los pol\u00edticos y la juez Alaya\" href=\"http:\/\/chove.hol.es\/web\/?p=372\">Los viajes de los pol\u00edticos y la juez Alaya<\/a><\/li>\n<li><a title=\"La desconexi\u00f3n de los partidos con la ciudadan\u00eda\" href=\"http:\/\/chove.hol.es\/web\/?p=375\">La desconexi\u00f3n de los partidos con la ciudadan\u00eda<\/a><\/li>\n<li><a title=\"\u00bfSomos todos corruptos?\" href=\"http:\/\/chove.hol.es\/web\/?p=378\">\u00bfSomos todos corruptos?<\/a><\/li>\n<li><a title=\"A prop\u00f3sito de la crisis griega y europea\" href=\"http:\/\/chove.hol.es\/web\/?p=381\">A prop\u00f3sito de la crisis griega y europea<\/a><\/li>\n<li><a title=\"\u00bfQu\u00e9 est\u00e1 pasando en el PSOE?\" href=\"http:\/\/chove.hol.es\/web\/?p=384\">\u00bfQu\u00e9 est\u00e1 pasando en el PSOE?<\/a><\/li>\n<li><a title=\"Hay que avanzar en democracia\" href=\"http:\/\/chove.hol.es\/web\/?p=387\">Hay que avanzar en democracia<\/a><\/li>\n<li><a title=\"El tiempo en los meses del presente a\u00f1o agr\u00edcola\" href=\"http:\/\/chove.hol.es\/web\/?p=390\">El tiempo en los presentes meses del a\u00f1o agr\u00edcola 2015<\/a><\/li>\n<li><a title=\"La investidura de Susana\" href=\"http:\/\/chove.hol.es\/web\/?p=395\">La investidura de Susana<\/a><\/li>\n<li><a title=\"El kit del diputado\" href=\"http:\/\/chove.hol.es\/web\/?p=398\">El kit del diputado<\/a><\/li>\n<li><a title=\"La investidura de Susana: Par\u00eds bien vale una misa\" href=\"http:\/\/chove.hol.es\/web\/?p=401\">La investidura de Susana: Par\u00eds bien vale una misa<\/a><\/li>\n<li><a title=\"Los socialistas ante los resultados electorales\" href=\"http:\/\/chove.hol.es\/web\/?p=404\">Los socialistas ante los resultados electorales<\/a><\/li>\n<li><a title=\"La desconexi\u00f3n de los partidos pol\u00edticos con la sociedad\" href=\"http:\/\/chove.hol.es\/web\/?p=407\">La desconexi\u00f3n de los partidos pol\u00edticos con la sociedad<\/a><\/li>\n<li><a title=\"La sobreh\u00fasa de habas verdes\" href=\"http:\/\/chove.hol.es\/web\/?p=410\">La sobreh\u00fasa de habas verdes<\/a><\/li>\n<li><a title=\"El presidente Su\u00e1rez y la otra forma de hacer pol\u00edtica\" href=\"http:\/\/chove.hol.es\/web\/?p=418\">El presidente Su\u00e1rez y la otra forma de hacer pol\u00edtica<\/a><\/li>\n<li><a title=\"Ron: el \u00faltimo betunero de Montefr\u00edo\" href=\"http:\/\/chove.hol.es\/web\/?p=421\">Ron: el \u00faltimo betunero de Montefr\u00edo<\/a><\/li>\n<li><a title=\"Consideraciones en torno al independentismo\" href=\"http:\/\/chove.hol.es\/web\/?p=427\">Consideraciones en torno al independentismo<\/a><\/li>\n<li><a title=\"Breve reflexi\u00f3n de la consulta catalana\" href=\"http:\/\/chove.hol.es\/web\/?p=430\">Breve reflexi\u00f3n sobre la consulta catalana<\/a><\/li>\n<li><a title=\"La experiencia vital de Ric El\u00edas\" href=\"http:\/\/chove.hol.es\/web\/?p=433\">La experiencia vital de Ric El\u00edas<\/a><\/li>\n<li><a title=\"Impuestos municipales\" href=\"http:\/\/chove.hol.es\/web\/?page_id=436\">Impuestos municipale<\/a><a title=\"\u00bf\u201dVilanos\u201d o \u201cMilanos\u201d?\" href=\"http:\/\/chove.hol.es\/web\/?p=440\">s<\/a><\/li>\n<li><a title=\"\u00bf\u201dVilanos\u201d o \u201cMilanos\u201d?\" href=\"http:\/\/chove.hol.es\/web\/?p=440\">\u00bf\u00bbVilanos\u00bb o \u00abMilanos\u00bb? <\/a><\/li>\n<li><a title=\"Reflexsiones ante los acontecimientos pol\u00edticos de finales de 2015\" href=\"http:\/\/chove.hol.es\/web\/?p=444\">Reflesiones ante los acontecimientos pol\u00edticos de finales de 2015<\/a><\/li>\n<li><a title=\"El Clima de Montefr\u00edo\" href=\"http:\/\/chove.hol.es\/web\/?p=449\">El Clima de Montefr\u00edo<\/a><\/li>\n<li><a title=\"Experiencias inolvidables a la reacci\u00f3n de la publicaci\u00f3n de mi primer trabajo\" href=\"http:\/\/chove.hol.es\/web\/?p=556\">Experiencias inolvidables a la reacci\u00f3n de la publicaci\u00f3n de mi primer trabajo<\/a><\/li>\n<li><a title=\"Obituario. Juanillo el de las Pe\u00f1as\" href=\"http:\/\/chove.hol.es\/web\/?p=572\">Obituario. Juanillo el de las Pe\u00f1as<\/a><\/li>\n<li><a title=\"Montefr\u00edo: el tiempo meteorol\u00f3gico en el a\u00f1o 2015\" href=\"http:\/\/chove.hol.es\/web\/?p=579\">Montefr\u00edo: el tiempo meteorol\u00f3gico en el a\u00f1o 201<\/a><a title=\"\u201cRemeditos\u201d: una proeza de madre\" href=\"http:\/\/chove.hol.es\/web\/?p=583\">5<\/a><\/li>\n<li><a title=\"\u201cRemeditos\u201d: una proeza de madre\" href=\"http:\/\/chove.hol.es\/web\/?p=583\">\u00abRemeditos\u00bb: una proeza de madre<\/a><\/li>\n<li><a title=\"El Preg\u00f3n de Semana Santa en Montefr\u00edo\" href=\"http:\/\/chove.hol.es\/web\/?p=596\">El Preg\u00f3n de Semana Santa en Montefr\u00edo<\/a><\/li>\n<li><a title=\"A la Banda de M\u00fasica de Montefr\u00edo\" href=\"http:\/\/chove.hol.es\/web\/?p=600\">A la Banda de M\u00fasica de Montefr\u00edo<\/a><\/li>\n<li><a title=\"La actitud de los pol\u00edticos tras las elecciones generales\" href=\"http:\/\/chove.hol.es\/web\/?p=603\">La actitud de los pol\u00edticos tras las elecciones generales<\/a><\/li>\n<li><a title=\"La ineficiencia de nuestros pol\u00edticos ha quedado demostrada\" href=\"http:\/\/chove.hol.es\/web\/?p=607\">La ineficiencia de nuestros pol\u00edticos ha quedado demostrada<\/a><\/li>\n<li><a title=\"C\u00e1balas y componendas ante las elecciones\" href=\"http:\/\/chove.hol.es\/web\/?p=612\">C\u00e1balas y componendas ante las elecciones<\/a><\/li>\n<li><a title=\"La irresponsabilidad e inutilidad de nuestros pol\u00edticos\" href=\"http:\/\/chove.hol.es\/web\/?p=616\">La irresponsabilidad e inutilidad de nuestros pol\u00edticos<\/a><\/li>\n<li><a title=\"Otra forma de hacer pol\u00edtica\" href=\"http:\/\/chove.hol.es\/web\/?p=620\">Otra forma de hacer pol\u00edtica<\/a><\/li>\n<li><a title=\"Otro camino era posible y mejor\" href=\"http:\/\/chove.hol.es\/web\/?p=623\">Otro camino era posible y mejor<\/a><\/li>\n<li><a title=\"Se observan se\u00f1ales de esperanza\" href=\"http:\/\/chove.hol.es\/web\/?p=626\">Se observan se\u00f1ales de esperanza<\/a><\/li>\n<li><a title=\"La situaci\u00f3n de los inmigrantes en Montefr\u00edo\" href=\"http:\/\/chove.hol.es\/web\/?p=630\">La situaci\u00f3n de los inmigrantes en Montefr\u00edo<\/a><\/li>\n<li><a title=\"\u00bfDos hospitales completos para Granada?\" href=\"http:\/\/chove.hol.es\/web\/?p=648\">\u00bfDos hospitales completos para Granada?<\/a><\/li>\n<li><a title=\"La suerte en pol\u00edtica\" href=\"http:\/\/chove.hol.es\/web\/?p=653\">La suerte en pol\u00edtica<\/a><\/li>\n<li><a title=\"Don Ram\u00f3n Alba y su obra social en Montefr\u00edo\" href=\"http:\/\/chove.hol.es\/web\/?p=657\">Don Ram\u00f3n Alba y su obra social en Montefr\u00edo<\/a><\/li>\n<li><a title=\"La Rebeli\u00f3n del Gobierno Catal\u00e1n\" href=\"http:\/\/chove.hol.es\/web\/?p=677\">La Rebeli\u00f3n del Gobierno Catal\u00e1n<\/a><\/li>\n<li><a title=\"Catalu\u00f1a: Hip\u00f3tesis sobre el trasfondo de la operaci\u00f3n de independencia\" href=\"http:\/\/chove.hol.es\/web\/?p=680\">Catalu\u00f1a: Hip\u00f3tesis sobre el trasfondo de la operaci\u00f3n de independencia<\/a><\/li>\n<li><a title=\"Ha muerto Frasco \u201cEl Marengo\u201d\" href=\"http:\/\/chove.hol.es\/web\/?p=687\">Ha muerto Frasco \u00abEl Marengo\u00bb<\/a><\/li>\n<li><a title=\"La prisi\u00f3n eludible con fianza\" href=\"http:\/\/chove.hol.es\/web\/?page_id=696\">La prisi\u00f3n eludible con fianza<\/a><\/li>\n<li><a title=\"MONTEFR\u00cdO EL TIEMPO METEOROL\u00d3GICO\" href=\"http:\/\/chove.hol.es\/web\/?p=706\">Montefr\u00edo: El Tiempo Meteorol\u00f3gico en los \u00faltimos a\u00f1os<\/a><\/li>\n<li><a title=\"Don \u00c1lvaro de Baz\u00e1n y Guzm\u00e1n\" href=\"http:\/\/chove.hol.es\/web\/?p=709\">Don \u00c1lvaro de Baz\u00e1n y Guzm\u00e1n<\/a><\/li>\n<li><a title=\"Las fiestas de las Candelarias y el Carnaval en Montefr\u00edo\" href=\"http:\/\/chove.hol.es\/web\/?p=717\">Las fiestas de las Candelarias y el Carnaval en Montefr\u00edo<\/a><\/li>\n<li><a title=\"Puigdemont y la cueva de Al\u00ed Bab\u00e1 europea\" href=\"http:\/\/chove.hol.es\/web\/?p=729\">Puigdemont y la cueva de Al\u00ed Bab\u00e1 Eurioea<\/a><\/li>\n<li><a title=\"Contradicciones del abogado alem\u00e1n de Puigdemont\" href=\"http:\/\/chove.hol.es\/web\/?p=733\">Contradicciones del abogado Alem\u00e1n de Puigdemont<\/a><\/li>\n<li><a title=\"La Moci\u00f3n de censura\" href=\"http:\/\/chove.hol.es\/web\/?p=737\">La Moci\u00f3n de censura<\/a><\/li>\n<li><a title=\"El catal\u00e1n como requisito oficial para optar a un trabajo\" href=\"http:\/\/chove.hol.es\/web\/?p=740\">El catal\u00e1n como requisito oficial para optar a un trabajo<\/a><\/li>\n<li><a title=\"La ley soy yo\" href=\"http:\/\/chove.hol.es\/web\/?p=746\">La Ley soy yo<\/a><\/li>\n<li><a title=\"El auge tur\u00edstico de Montefr\u00edo\" href=\"http:\/\/chove.hol.es\/web\/?p=755\">El auge tur\u00edstico de Montefr\u00edo<\/a><\/li>\n<li><a title=\"El dogmatismo independentista catal\u00e1n\" href=\"http:\/\/chove.hol.es\/web\/?p=760\">El dogmatismo independentista catal\u00e1n<\/a><\/li>\n<li><a title=\"La ambici\u00f3n de poder y control de los partidos pol\u00edticos\" href=\"http:\/\/chove.hol.es\/web\/?p=764\">La ambici\u00f3n de poder y control de los partidos pol\u00edticos<\/a><\/li>\n<li><a title=\"MONTEFR\u00cdO: EL TIEMPO METEOROL\u00d3GICO EN 2018\" href=\"http:\/\/chove.hol.es\/web\/?p=768\">Montefr\u00edo: el tiempo meteorol\u00f3gico en 2018<\/a><\/li>\n<li><a title=\"La palabra de algunos pol\u00edticos\" href=\"http:\/\/chove.hol.es\/web\/?p=771\">La palabra de algunos pol\u00edticos<\/a><\/li>\n<li><a title=\"Qu\u00e9 pretende Pedro S\u00e1nchez\" href=\"http:\/\/chove.hol.es\/web\/?p=775\">\u00bfQu\u00e9 pretende Pedro S\u00e1nchez?<\/a><\/li>\n<li><a title=\"Las candidaturas electorales de los presos y fugados de la justicia\" href=\"http:\/\/chove.hol.es\/web\/?p=779\">Las candidaturas electorales de los presos y fugados de la justicia<\/a><\/li>\n<li><a title=\"Y ahora qu\u00e9\" href=\"http:\/\/chove.hol.es\/web\/?p=783\">Y ahora qu\u00e9<\/a><\/li>\n<li><a title=\"MONTEFR\u00cdO: EL TIEMPO METEOROL\u00d3GICO EN 2019\" href=\"http:\/\/chove.hol.es\/web\/?p=787\">Montefr\u00edo: El Tiempo Meteorol\u00f3gico en 2019<\/a><\/li>\n<li><a title=\"D. Julio Anguita\" href=\"http:\/\/chove.hol.es\/web\/?p=802\">D. Julio Anguita<\/a><\/li>\n<li><a title=\"El acoso a Felipe Gonz\u00e1lez\" href=\"http:\/\/chove.hol.es\/web\/?p=806\">El acoso a Felipe Gonz\u00e1lez<\/a><\/li>\n<li><a title=\"Antonio Dom\u00ednguez, \u201cDomingu\u00edn\u201d\" href=\"http:\/\/chove.hol.es\/web\/?p=810\">Antonio Dom\u00ednguez \u00abDomingu\u00edn\u00bb<\/a><\/li>\n<li><a title=\"La nueva Ley de Educaci\u00f3n: \u201cLey Cela\u00e1\u201d\" href=\"http:\/\/chove.hol.es\/web\/?p=870\">La Nueva Ley de Educaci\u00f3n: Ley Cela\u00e1<\/a><\/li>\n<li><a title=\"Recordando mis tiempos de maestro en M\u00e1laga\" href=\"http:\/\/chove.hol.es\/web\/?p=874\">Recordando mis tiempos de maestro en M\u00e1laga<\/a><\/li>\n<li><a title=\"Los indultos: una decisi\u00f3n basa en vaguedades e ilusi\u00f3n\" href=\"http:\/\/chove.hol.es\/web\/?p=895\">Los indultos: una decisi\u00f3n basada en vaguedades e ilusi\u00f3n<\/a><\/li>\n<li><a title=\"Las vacunas en el mundo globalizado\" href=\"http:\/\/chove.hol.es\/web\/?p=909\">Las vacunas en el mundo globalizado<\/a><\/li>\n<li><a title=\"A vueltas con el independentismo: el alumno de Canet de Mar\" href=\"http:\/\/chove.hol.es\/web\/?p=913\">A Vueltas con el independentismo: el alumno de Canet de Mar<\/a><\/li>\n<li><a title=\"Qu\u00e9 quiere Putin\" href=\"http:\/\/chove.hol.es\/web\/?p=918\">Qu\u00e9 quiere Putin<\/a><\/li>\n<li><a title=\"Dolores \u201cLa Perilla\u201d y las habas verdes\" href=\"http:\/\/chove.hol.es\/web\/?p=924\">Dolores \u00abLa Perilla\u00bb y las habas verdes<\/a><\/li>\n<li><a title=\"Las elecciones al parlamento alem\u00e1n\" href=\"http:\/\/chove.hol.es\/web\/?p=901\">Las elecciones al parlamento alem\u00e1n<\/a><\/li>\n<li><a href=\"http:\/\/chove.hol.es\/web\/?p=1068\">La derogaci\u00f3n del delito de sedici\u00f3n<\/a><\/li>\n<li><a href=\"http:\/\/chove.hol.es\/web\/?p=1079\">Lo bueno de la vida<\/a><\/li>\n<li><a href=\"http:\/\/chove.hol.es\/web\/?p=1085\">Con respecto al paso del tiempo<\/a><\/li>\n<li><a href=\"http:\/\/chove.hol.es\/web\/?p=1106\">Orientaciones y pautas ante un problema<\/a><\/li>\n<li><a href=\"http:\/\/chove.hol.es\/web\/?p=1101\">M\u00e1s sobre las lenguas<\/a><\/li>\n<li><a href=\"http:\/\/chove.hol.es\/web\/?p=1098\">Las lenguas en el parlamento espa\u00f1ol<\/a><\/li>\n<li><a title=\"Mentir o cambiar de opini\u00f3n ante lo prometido\" href=\"http:\/\/chove.hol.es\/web\/?p=1112\">Mentir o cambiar de opini\u00f3n ante lo prometido<\/a>\u00a0<\/li>\n<li><a href=\"http:\/\/chove.hol.es\/web\/?p=1119\">Amnist\u00eda al proces: no en mi nombre<\/a><\/li>\n<li><a href=\"http:\/\/chove.hol.es\/web\/?p=1125\">Periodos de sequ\u00eda en Montefr\u00edo desde el a\u00f1o 1945<\/a><\/li>\n<li><a href=\"https:\/\/chove.hol.es\/web\/?p=1147\">\u00bfMerece la pena tanta tensi\u00f3n pol\u00edtica?<\/a><\/li>\n<li><a href=\"http:\/\/chove.hol.es\/web\/?page_id=101\">S\u00e1nchez y el poder a cualquier precio<\/a><\/li>\n<li><a href=\"https:\/\/chove.hol.es\/web\/wp-admin\/post.php?post=1174\">La Pobreza, un delito mayor<\/a><\/li>\n<li><a href=\"https:\/\/chove.hol.es\/web\/?p=1185\">El \u00abputo amo\u00bb y su perro de cortijo<\/a><\/li>\n<li><a href=\"https:\/\/chove.hol.es\/web\/?p=1266\">La DANA, los presupuestos y los pol\u00edticos<\/a><\/li>\n<li><a href=\"https:\/\/chove.hol.es\/web\/?p=1274\">MUFACE, un desprop\u00f3sito<\/a><\/li>\n<li>\n<p><a href=\"https:\/\/chove.hol.es\/web\/?p=1281\"><strong>S\u00e1nchez, Puigdemont, Otegi, Yolanda\u2026 y la olla<\/strong><\/a><\/p>\n<\/li>\n<li><a href=\"https:\/\/chove.hol.es\/web\/?p=1285\">La alusi\u00f3n de Pedro S\u00e1nchez al ciclo formativo de Paisajismo en el IES de Montefr\u00edo<\/a><\/li>\n<li><a href=\"https:\/\/chove.hol.es\/web\/?p=1290\">La Democracia espa\u00f1ola y su estado de salud<\/a><\/li>\n<li>\n<p><a href=\"http:\/\/El acuerdo de financiaci\u00f3n auton\u00f3mica S\u00e1nchez-Junqueras Una humillaci\u00f3n m\u00e1s\" data-wplink-url-error=\"true\"><strong>El acuerdo de financiaci\u00f3n auton\u00f3mica S\u00e1nchez-Junqueras. Una humillaci\u00f3n m\u00e1s<\/strong><\/a><\/p>\n<p>\u00a0<\/p>\n<\/li>\n<\/ul>\n\n\n<p><\/p>\n\n\n\n<p><\/p>\n","protected":false},"excerpt":{"rendered":"<p>Aqu\u00ed dispones del listado de art\u00edculos, comentarios, etc. de Jos\u00e9 Guzm\u00e1n: Aquellos tiempos de mi ni\u00f1ez Crisis Reflexi\u00f3n A Prop\u00f3sito de la Crisis Griega La Vida en torno a los Pilares p\u00fablicos Relato imaginario de una ma\u00f1ana de domingo Dr\u00e1cula Por un congreso del PSOE El proyecto socialista de futuro en Granada Un d\u00eda de [&hellip;]<\/p>\n","protected":false},"author":2,"featured_media":0,"parent":12,"menu_order":0,"comment_status":"open","ping_status":"open","template":"","meta":{"footnotes":""},"class_list":["post-101","page","type-page","status-publish","hentry"],"_links":{"self":[{"href":"https:\/\/chove.hol.es\/web\/index.php?rest_route=\/wp\/v2\/pages\/101","targetHints":{"allow":["GET"]}}],"collection":[{"href":"https:\/\/chove.hol.es\/web\/index.php?rest_route=\/wp\/v2\/pages"}],"about":[{"href":"https:\/\/chove.hol.es\/web\/index.php?rest_route=\/wp\/v2\/types\/page"}],"author":[{"embeddable":true,"href":"https:\/\/chove.hol.es\/web\/index.php?rest_route=\/wp\/v2\/users\/2"}],"replies":[{"embeddable":true,"href":"https:\/\/chove.hol.es\/web\/index.php?rest_route=%2Fwp%2Fv2%2Fcomments&post=101"}],"version-history":[{"count":125,"href":"https:\/\/chove.hol.es\/web\/index.php?rest_route=\/wp\/v2\/pages\/101\/revisions"}],"predecessor-version":[{"id":1307,"href":"https:\/\/chove.hol.es\/web\/index.php?rest_route=\/wp\/v2\/pages\/101\/revisions\/1307"}],"up":[{"embeddable":true,"href":"https:\/\/chove.hol.es\/web\/index.php?rest_route=\/wp\/v2\/pages\/12"}],"wp:attachment":[{"href":"https:\/\/chove.hol.es\/web\/index.php?rest_route=%2Fwp%2Fv2%2Fmedia&parent=101"}],"curies":[{"name":"wp","href":"https:\/\/api.w.org\/{rel}","templated":true}]}}