{"id":103,"date":"2015-12-23T12:00:25","date_gmt":"2015-12-23T12:00:25","guid":{"rendered":"http:\/\/chove.hol.es\/web\/?page_id=103"},"modified":"2024-12-24T13:51:19","modified_gmt":"2024-12-24T13:51:19","slug":"prensa-digital","status":"publish","type":"page","link":"https:\/\/chove.hol.es\/web\/?page_id=103","title":{"rendered":"Prensa Digital"},"content":{"rendered":"<p>Estas son las referencias sobre mi obra en prensa digital:<\/p>\n<p><strong>Montefr\u00edo: Historia y Vida de sus Gentes<\/strong><\/p>\n<ul>\n<li><a href=\"http:\/\/www.ideal.es\/granada\/v\/20100924\/provincia\/bate-record-ventas-montefrio-20100924.html\" target=\"_blank\" rel=\"noopener\">R\u00e9cor de Ventas (Ideal)<\/a><\/li>\n<li><a href=\"https:\/\/www.ideal.es\/granada\/20100923\/local\/provincia-granada\/escritor-montefrio-bate-record-201009231333.html\">Un escritor de Montefr\u00edo bate el r\u00e9cord de ventas de libros con una obra basada en la vida de sus vecinos<\/a><\/li>\n<li><a href=\"http:\/\/www.laopiniondegranada.es\/cultura\/2010\/09\/24\/best-seller-montefrio\/207656.html\" target=\"_blank\" rel=\"noopener\">El best-seller de Montefr\u00edo (La Opini\u00f3n)<\/a><\/li>\n<\/ul>\n<p><strong>La Candelaria y el Carnaval Montefrie\u00f1os<\/strong><\/p>\n<ul>\n<li><a href=\"http:\/\/chove.hol.es\/web\/wp-content\/uploads\/2015\/12\/Libro.-Un-investigador-de-Montefr\u00edo-recupera-m\u00e1s-de-60-coplas-populares.pdf\">Granada es Noticia: Un investigador de Montefr\u00edo recupera m\u00e1s de 60 coplas populares<\/a><\/li>\n<li><a href=\"http:\/\/chove.hol.es\/web\/wp-content\/uploads\/2015\/12\/Libro-coplas.Ideal_.Un-investigador.pdf\">Ideal: Un investigador de Montefr\u00edo recupera m\u00e1s de 60 coplas populares del siglo XIX<\/a><\/li>\n<\/ul>\n<p><strong>CD Coplas Candelaria y Carnaval<\/strong><\/p>\n<ul>\n<li><a href=\"http:\/\/chove.hol.es\/web\/wp-content\/uploads\/2015\/12\/Ideal.-Mayores-de-Montefr\u00edo-graban-un-CD.pdf\">Ideal: Mayores de Montefr\u00edo graban un CD con canciones populares antiguas<\/a><\/li>\n<li><a href=\"http:\/\/chove.hol.es\/web\/wp-content\/uploads\/2015\/12\/GRN.Mayores-de-Montefr\u00edo-graban-un-CD.pdf\">Granada es Noticia: Mayores de Montefr\u00edo graban un CD con canciones populares antiguas que estaban a punto de perderse<\/a><\/li>\n<\/ul>\n<p><strong>Las marcas de cantero en la Iglesia de la Encarnaci\u00f3n de Montefr\u00edo<\/strong><\/p>\n<ul>\n<li><a href=\"https:\/\/www.granadaesnoticia.com\/provincia\/un-libro-analiza-el-significado-de-las-marcas-de-cantero-de-la-iglesia-de-la-encarnacion-de-montefrio\">granadaesnoticia.com: Un libro analiza el significado de las marcas de cantero de la Iglesia de la Encarnaci\u00f3n de Montefr\u00edo<\/a><\/li>\n<li><a href=\"https:\/\/www.granadahoy.com\/provincia\/Zubia-fomenta-entretenimiento-cobertura-jovenes_0_1713129490.html\">Granada Hoy: Un libro analiza el significado de las marcas de cantero de la Iglesia de la Encarnaci\u00f3n de Montefr\u00edo<\/a><\/li>\n<li><a href=\"https:\/\/laplazadigital.es\/que-significado-guardan-las-marcas-de-cantero-de-la-iglesia-de-la-encarnacion-de-montefrio\/\">La Plaza Digital: \u00bfQu\u00e9 significado tienen las marcas de cantero de la Iglesia de la Encarnaci\u00f3n de Montefr\u00edo?<\/a><\/li>\n<\/ul>\n","protected":false},"excerpt":{"rendered":"<p>Estas son las referencias sobre mi obra en prensa digital: Montefr\u00edo: Historia y Vida de sus Gentes R\u00e9cor de Ventas (Ideal) Un escritor de Montefr\u00edo bate el r\u00e9cord de ventas de libros con una obra basada en la vida de sus vecinos El best-seller de Montefr\u00edo (La Opini\u00f3n) La Candelaria y el Carnaval Montefrie\u00f1os Granada [&hellip;]<\/p>\n","protected":false},"author":1,"featured_media":0,"parent":12,"menu_order":0,"comment_status":"open","ping_status":"open","template":"","meta":{"footnotes":""},"class_list":["post-103","page","type-page","status-publish","hentry"],"_links":{"self":[{"href":"https:\/\/chove.hol.es\/web\/index.php?rest_route=\/wp\/v2\/pages\/103","targetHints":{"allow":["GET"]}}],"collection":[{"href":"https:\/\/chove.hol.es\/web\/index.php?rest_route=\/wp\/v2\/pages"}],"about":[{"href":"https:\/\/chove.hol.es\/web\/index.php?rest_route=\/wp\/v2\/types\/page"}],"author":[{"embeddable":true,"href":"https:\/\/chove.hol.es\/web\/index.php?rest_route=\/wp\/v2\/users\/1"}],"replies":[{"embeddable":true,"href":"https:\/\/chove.hol.es\/web\/index.php?rest_route=%2Fwp%2Fv2%2Fcomments&post=103"}],"version-history":[{"count":8,"href":"https:\/\/chove.hol.es\/web\/index.php?rest_route=\/wp\/v2\/pages\/103\/revisions"}],"predecessor-version":[{"id":1272,"href":"https:\/\/chove.hol.es\/web\/index.php?rest_route=\/wp\/v2\/pages\/103\/revisions\/1272"}],"up":[{"embeddable":true,"href":"https:\/\/chove.hol.es\/web\/index.php?rest_route=\/wp\/v2\/pages\/12"}],"wp:attachment":[{"href":"https:\/\/chove.hol.es\/web\/index.php?rest_route=%2Fwp%2Fv2%2Fmedia&parent=103"}],"curies":[{"name":"wp","href":"https:\/\/api.w.org\/{rel}","templated":true}]}}