{"id":1190,"date":"2024-10-30T19:56:10","date_gmt":"2024-10-30T19:56:10","guid":{"rendered":"https:\/\/chove.hol.es\/web\/?page_id=1190"},"modified":"2024-10-30T20:55:01","modified_gmt":"2024-10-30T20:55:01","slug":"orientacion-e-iluminacion-de-la-iglesia-de-a-encarnacion-de-montefrio","status":"publish","type":"page","link":"https:\/\/chove.hol.es\/web\/?page_id=1190","title":{"rendered":"Orientaci\u00f3n e Iluminaci\u00f3n de la Iglesia de a Encarnaci\u00f3n de Montefr\u00edo"},"content":{"rendered":"<div class=\"wp-block-image\">\n<figure class=\"aligncenter size-large\"><img loading=\"lazy\" decoding=\"async\" width=\"1024\" height=\"782\" src=\"https:\/\/chove.hol.es\/web\/wp-content\/uploads\/2024\/10\/imagen_portada-1024x782.png\" alt=\"\" class=\"wp-image-1193\" srcset=\"https:\/\/chove.hol.es\/web\/wp-content\/uploads\/2024\/10\/imagen_portada-1024x782.png 1024w, https:\/\/chove.hol.es\/web\/wp-content\/uploads\/2024\/10\/imagen_portada-300x229.png 300w, https:\/\/chove.hol.es\/web\/wp-content\/uploads\/2024\/10\/imagen_portada-768x586.png 768w, https:\/\/chove.hol.es\/web\/wp-content\/uploads\/2024\/10\/imagen_portada.png 1155w\" sizes=\"auto, (max-width: 1024px) 100vw, 1024px\" \/><\/figure>\n<\/div>\n\n\n<p><\/p>\n\n\n\n<ul class=\"wp-block-list\">\n<li><a href=\"https:\/\/chove.hol.es\/web\/?page_id=1197\">Saluda del Alcalde<\/a><\/li>\n\n\n\n<li><a href=\"https:\/\/chove.hol.es\/web\/wp-admin\/post.php?post=1204\">Saluda del Conce<\/a><a href=\"https:\/\/chove.hol.es\/web\/?page_id=1204\" data-type=\"page\" data-id=\"1204\">jal de Cultura<\/a><\/li>\n\n\n\n<li><a href=\"https:\/\/chove.hol.es\/web\/?page_id=1229\">Comentario del P\u00e1rroco<\/a><\/li>\n\n\n\n<li><a href=\"https:\/\/chove.hol.es\/web\/?page_id=1237\">Pr\u00f3logo<\/a><\/li>\n\n\n\n<li><a href=\"http:\/\/chove.hol.es\/web\/?page_id=67\">I<\/a><a href=\"https:\/\/chove.hol.es\/web\/?page_id=1208\">r a Fotos de la Presentaci\u00f3n<\/a><\/li>\n<\/ul>\n\n\n\n<p><\/p>\n\n\n<audio class=\"wp-audio-shortcode\" id=\"audio-1190-1\" preload=\"none\" style=\"width: 100%;\" controls=\"controls\"><source type=\"audio\/mpeg\" src=\"http:\/\/chove.hol.es\/web\/wp-content\/uploads\/2024\/10\/2024-10-02-ENTREVISTA-PRESEN.-LIBRO-D.-JOSE-GUZMAN-junto-concejal-cultura-Juan-Antonio.mp3?_=1\" \/><a href=\"http:\/\/chove.hol.es\/web\/wp-content\/uploads\/2024\/10\/2024-10-02-ENTREVISTA-PRESEN.-LIBRO-D.-JOSE-GUZMAN-junto-concejal-cultura-Juan-Antonio.mp3\">http:\/\/chove.hol.es\/web\/wp-content\/uploads\/2024\/10\/2024-10-02-ENTREVISTA-PRESEN.-LIBRO-D.-JOSE-GUZMAN-junto-concejal-cultura-Juan-Antonio.mp3<\/a><\/audio>\n\n\n<p><\/p>\n\n\n\n<p><strong>Introducci\u00f3n:<\/strong><\/p>\n\n\n<p>Quien no conoce su historia, su tierra, su pueblo, su contexto, sus vecinos y gentes no se conoce a s\u00ed mismo. Y cuanto m\u00e1s los conoces tambi\u00e9n los aprecias y los quieres m\u00e1s. Esta concepci\u00f3n ha sido la base y el motivo que justifican la mayor\u00eda de mis trabajos y publicaciones. Me apasiona profundizar en el conocimiento de nuestros antepasados y de todo aquello que forma parte de nuestra vida, porque ese todo, personas y cosas, han contribuido muy mucho a conformar nuestro ser, nuestra personalidad. Nuestros padres, nuestros vecinos y amigos, nuestra calle y barrio, la escuela y los maestros, las iglesias y monumentos, nuestra cultura y tradici\u00f3n, etc. nos han hecho como somos y han concebido nuestro sentimiento de pertenencia.<\/p>\n\n\n<p>Dec\u00eda Arist\u00f3teles que no tenemos conocimiento de nada hasta que comprendemos por qu\u00e9, su causa. En este caso, el trabajo que aqu\u00ed se presenta surgi\u00f3 como respuesta al inter\u00e9s por indagar el motivo por el que la iglesia de la Encarnaci\u00f3n de nuestro pueblo presenta su orientaci\u00f3n constructiva, distinta<br>a la del resto de iglesias y ermitas de la localidad. El trabajo de indagaci\u00f3n e investigaci\u00f3n en este objetivo, la orientaci\u00f3n, me llev\u00f3 de manera casi obligada, inexorable, a observar otro aspecto fundamental en la construcci\u00f3n e \u00edntimamente relacionado con \u00e9l, la iluminaci\u00f3n. Y a trav\u00e9s de la relaci\u00f3n de ambos conceptos se lleg\u00f3 a la conclusi\u00f3n de que la orientaci\u00f3n e iluminaci\u00f3n de nuestra majestuosa iglesia redonda forman parte de la misma finalidad de la obra de ese conjunto monumental extraordinario, de la intenci\u00f3n del responsable de su proyecto, de la pretensi\u00f3n de su arquitecto, el insigne Domingo Antonio Lois de Monteagudo, que no era otra que la de ofrecer una imitaci\u00f3n genial y fant\u00e1stica de uno de los monumentos m\u00e1s bellos del mundo, el Pante\u00f3n de Agripa-Adriano en Roma. Porque lo imita no solo en la forma sino tambi\u00e9n en la simbolog\u00eda, utilizando la orientaci\u00f3n y la iluminaci\u00f3n para resaltar detalles y aspectos concretos de su contenido, as\u00ed como para cumplir tambi\u00e9n con la tradici\u00f3n del cristianismo antiguo conforme a sus creencias religiosas.<\/p>\n\n\n\n<p>A los montefrie\u00f1os nos enorgullece que una revista de prestigio como National Geographic haya descubierto ahora nuestra iglesia, que alerte e informe de la categor\u00eda de este monumento y de su parecido con El Pante\u00f3n, aunque nosotros somos conocedores de su categor\u00eda, valor y belleza desde<br>siempre, porque hemos tenido el privilegio de haber estado integrados en ella desde nuestro nacimiento.<\/p>\n\n\n\n<p>Pues bien, aqu\u00ed se ofrece una hip\u00f3tesis del porqu\u00e9 de su orientaci\u00f3n, una opini\u00f3n que se sustenta en argumentos y datos ciertos y contrastados. No obstante, el asunto est\u00e1 abierto a otras interpretaciones futuras, pero nunca a la simpleza de la casualidad, porque todo tiene una causa, un motivo, nada se<br>produce por casualidad ni se debe al azar, como dec\u00eda Einstein, y mucho menos en una obra de estas caracter\u00edsticas.<\/p>\n\n\n\n<p>Espero que la lectura de su contenido sea agradable, ilustradora y amena, y que de la misma surja cari\u00f1o y apego hacia su protagonista, la monumental iglesia de la Encarnaci\u00f3n de Montefr\u00edo.<\/p>\n","protected":false},"excerpt":{"rendered":"<p>Introducci\u00f3n: Quien no conoce su historia, su tierra, su pueblo, su contexto, sus vecinos y gentes no se conoce a s\u00ed mismo. Y cuanto m\u00e1s los conoces tambi\u00e9n los aprecias y los quieres m\u00e1s. Esta concepci\u00f3n ha sido la base y el motivo que justifican la mayor\u00eda de mis trabajos y publicaciones. Me apasiona profundizar [&hellip;]<\/p>\n","protected":false},"author":2,"featured_media":0,"parent":99,"menu_order":0,"comment_status":"open","ping_status":"closed","template":"","meta":{"footnotes":""},"class_list":["post-1190","page","type-page","status-publish","hentry"],"_links":{"self":[{"href":"https:\/\/chove.hol.es\/web\/index.php?rest_route=\/wp\/v2\/pages\/1190","targetHints":{"allow":["GET"]}}],"collection":[{"href":"https:\/\/chove.hol.es\/web\/index.php?rest_route=\/wp\/v2\/pages"}],"about":[{"href":"https:\/\/chove.hol.es\/web\/index.php?rest_route=\/wp\/v2\/types\/page"}],"author":[{"embeddable":true,"href":"https:\/\/chove.hol.es\/web\/index.php?rest_route=\/wp\/v2\/users\/2"}],"replies":[{"embeddable":true,"href":"https:\/\/chove.hol.es\/web\/index.php?rest_route=%2Fwp%2Fv2%2Fcomments&post=1190"}],"version-history":[{"count":11,"href":"https:\/\/chove.hol.es\/web\/index.php?rest_route=\/wp\/v2\/pages\/1190\/revisions"}],"predecessor-version":[{"id":1257,"href":"https:\/\/chove.hol.es\/web\/index.php?rest_route=\/wp\/v2\/pages\/1190\/revisions\/1257"}],"up":[{"embeddable":true,"href":"https:\/\/chove.hol.es\/web\/index.php?rest_route=\/wp\/v2\/pages\/99"}],"wp:attachment":[{"href":"https:\/\/chove.hol.es\/web\/index.php?rest_route=%2Fwp%2Fv2%2Fmedia&parent=1190"}],"curies":[{"name":"wp","href":"https:\/\/api.w.org\/{rel}","templated":true}]}}