{"id":1197,"date":"2024-10-30T20:12:03","date_gmt":"2024-10-30T20:12:03","guid":{"rendered":"https:\/\/chove.hol.es\/web\/?page_id=1197"},"modified":"2024-10-30T20:55:31","modified_gmt":"2024-10-30T20:55:31","slug":"saluda-del-alcalde","status":"publish","type":"page","link":"https:\/\/chove.hol.es\/web\/?page_id=1197","title":{"rendered":"Saluda del Alcalde"},"content":{"rendered":"\n<ul class=\"wp-block-list\">\n<li><a href=\"https:\/\/chove.hol.es\/web\/?page_id=1190\" data-type=\"page\" data-id=\"1190\">Introducci\u00f3n<\/a><\/li>\n\n\n\n<li><a href=\"https:\/\/chove.hol.es\/web\/?page_id=1204\">Saluda del Concejal de Cultura<\/a><\/li>\n\n\n\n<li><a href=\"https:\/\/chove.hol.es\/web\/?page_id=1229\">Comentario del P\u00e1rroco<\/a><\/li>\n\n\n\n<li><a href=\"https:\/\/chove.hol.es\/web\/?page_id=1237\">Pr\u00f3logo<\/a><\/li>\n\n\n\n<li><a href=\"http:\/\/chove.hol.es\/web\/?page_id=67\">I<\/a><a href=\"https:\/\/chove.hol.es\/web\/?page_id=1208\">r a Fotos de la Presentaci\u00f3n<\/a><\/li>\n<\/ul>\n\n\n\n<p>\u00a1Hola al libro de Jos\u00e9 Guzm\u00e1n Flores!, el CHOVE, como es conocido por sus paisanos\/as, amigos\/as\u2026<\/p>\n\n\n\n<p>La grandeza de los pueblos es reflejo de las personas que los aman y m\u00e1s a\u00fan cuando muestran ese afecto con testimonios palpables como es el libro que ten\u00e9is en vuestras manos, o cualquiera de los cinco anteriores o de sus innumerables art\u00edculos, referencias, comentarios, etc, pod\u00e9is apreciar todo lo que digo<br>en su blog https:\/\/chove.hol.es\/web\/.<\/p>\n\n\n\n<p>Simplemente decir que los pueblos necesitan \u201cChoves\u201d, gracias por estar, ser y servir de ejemplo.<\/p>\n\n\n\n<p>Es un honor tener entre manos una obra que explora la rica historia y la majestuosidad de la Iglesia de la Encarnaci\u00f3n de Montefr\u00edo, como sab\u00e9is, recientemente reconocida como uno de los monumentos m\u00e1s emblem\u00e1ticos, que podemos encontrar por la prestigiosa revista National Geographic. Este libro, junto con \u201cLas marcas de cantero en la iglesia de la Encarnaci\u00f3n de Montefr\u00edo\u201d son un tesoro para quienes desean conocer en profundidad los detalles arquitect\u00f3nicos, hist\u00f3ricos y culturales de este emblem\u00e1tico monumento.<\/p>\n\n\n\n<p>Gracias a la dedicaci\u00f3n de Jos\u00e9 Guzm\u00e1n Flores, podemos adentrarnos en la esencia de la iglesia, comprender su importancia en la comunidad, y apreciar el legado que ha dejado a lo largo de los siglos. \u00a1Un saludo especial a este libro que preserva y comparte la herencia de Montefr\u00edo con todos nosotros!<\/p>\n\n\n\n<p>\u00d3scar Fern\u00e1ndez Mart\u00edn<br>Alcalde de Montefr\u00edo<\/p>\n","protected":false},"excerpt":{"rendered":"<p>\u00a1Hola al libro de Jos\u00e9 Guzm\u00e1n Flores!, el CHOVE, como es conocido por sus paisanos\/as, amigos\/as\u2026 La grandeza de los pueblos es reflejo de las personas que los aman y m\u00e1s a\u00fan cuando muestran ese afecto con testimonios palpables como es el libro que ten\u00e9is en vuestras manos, o cualquiera de los cinco anteriores o [&hellip;]<\/p>\n","protected":false},"author":2,"featured_media":0,"parent":0,"menu_order":0,"comment_status":"closed","ping_status":"closed","template":"","meta":{"footnotes":""},"class_list":["post-1197","page","type-page","status-publish","hentry"],"_links":{"self":[{"href":"https:\/\/chove.hol.es\/web\/index.php?rest_route=\/wp\/v2\/pages\/1197","targetHints":{"allow":["GET"]}}],"collection":[{"href":"https:\/\/chove.hol.es\/web\/index.php?rest_route=\/wp\/v2\/pages"}],"about":[{"href":"https:\/\/chove.hol.es\/web\/index.php?rest_route=\/wp\/v2\/types\/page"}],"author":[{"embeddable":true,"href":"https:\/\/chove.hol.es\/web\/index.php?rest_route=\/wp\/v2\/users\/2"}],"replies":[{"embeddable":true,"href":"https:\/\/chove.hol.es\/web\/index.php?rest_route=%2Fwp%2Fv2%2Fcomments&post=1197"}],"version-history":[{"count":6,"href":"https:\/\/chove.hol.es\/web\/index.php?rest_route=\/wp\/v2\/pages\/1197\/revisions"}],"predecessor-version":[{"id":1260,"href":"https:\/\/chove.hol.es\/web\/index.php?rest_route=\/wp\/v2\/pages\/1197\/revisions\/1260"}],"wp:attachment":[{"href":"https:\/\/chove.hol.es\/web\/index.php?rest_route=%2Fwp%2Fv2%2Fmedia&parent=1197"}],"curies":[{"name":"wp","href":"https:\/\/api.w.org\/{rel}","templated":true}]}}