{"id":12,"date":"2015-12-21T18:33:00","date_gmt":"2015-12-21T18:33:00","guid":{"rendered":"http:\/\/chove.hol.es\/web\/?page_id=12"},"modified":"2015-12-25T17:17:07","modified_gmt":"2015-12-25T17:17:07","slug":"publicaciones","status":"publish","type":"page","link":"https:\/\/chove.hol.es\/web\/?page_id=12","title":{"rendered":"Publicaciones"},"content":{"rendered":"<p>Entre las publicaciones disponibles, tenemos los libros editados, art\u00edculos y referencias en prensa digital:<\/p>\n<ul>\n<li><a title=\"Libros\" href=\"http:\/\/chove.hol.es\/web\/?page_id=99\">Libros<\/a><\/li>\n<li><a href=\"http:\/\/chove.hol.es\/web\/?page_id=176\">CD Coplas Carnaval y Candelarias Montefr\u00edo<\/a><\/li>\n<li><a title=\"Art\u00edculos\" href=\"http:\/\/chove.hol.es\/web\/?page_id=101\">Art\u00edculos<\/a><\/li>\n<li><a title=\"Prensa Digital\" href=\"http:\/\/chove.hol.es\/web\/?page_id=103\">Prensa Digital<\/a><\/li>\n<\/ul>\n","protected":false},"excerpt":{"rendered":"<p>Entre las publicaciones disponibles, tenemos los libros editados, art\u00edculos y referencias en prensa digital: Libros CD Coplas Carnaval y Candelarias Montefr\u00edo Art\u00edculos Prensa Digital<\/p>\n","protected":false},"author":1,"featured_media":0,"parent":0,"menu_order":0,"comment_status":"closed","ping_status":"open","template":"","meta":{"footnotes":""},"class_list":["post-12","page","type-page","status-publish","hentry"],"_links":{"self":[{"href":"https:\/\/chove.hol.es\/web\/index.php?rest_route=\/wp\/v2\/pages\/12","targetHints":{"allow":["GET"]}}],"collection":[{"href":"https:\/\/chove.hol.es\/web\/index.php?rest_route=\/wp\/v2\/pages"}],"about":[{"href":"https:\/\/chove.hol.es\/web\/index.php?rest_route=\/wp\/v2\/types\/page"}],"author":[{"embeddable":true,"href":"https:\/\/chove.hol.es\/web\/index.php?rest_route=\/wp\/v2\/users\/1"}],"replies":[{"embeddable":true,"href":"https:\/\/chove.hol.es\/web\/index.php?rest_route=%2Fwp%2Fv2%2Fcomments&post=12"}],"version-history":[{"count":5,"href":"https:\/\/chove.hol.es\/web\/index.php?rest_route=\/wp\/v2\/pages\/12\/revisions"}],"predecessor-version":[{"id":258,"href":"https:\/\/chove.hol.es\/web\/index.php?rest_route=\/wp\/v2\/pages\/12\/revisions\/258"}],"wp:attachment":[{"href":"https:\/\/chove.hol.es\/web\/index.php?rest_route=%2Fwp%2Fv2%2Fmedia&parent=12"}],"curies":[{"name":"wp","href":"https:\/\/api.w.org\/{rel}","templated":true}]}}