{"id":1204,"date":"2024-10-30T20:20:22","date_gmt":"2024-10-30T20:20:22","guid":{"rendered":"https:\/\/chove.hol.es\/web\/?page_id=1204"},"modified":"2024-10-30T20:53:37","modified_gmt":"2024-10-30T20:53:37","slug":"saluda-del-concejal-de-cultura-2","status":"publish","type":"page","link":"https:\/\/chove.hol.es\/web\/?page_id=1204","title":{"rendered":"Saluda del Concejal de Cultura"},"content":{"rendered":"\n<ul class=\"wp-block-list\">\n<li><a href=\"https:\/\/chove.hol.es\/web\/?page_id=1190\" data-type=\"page\" data-id=\"1190\">Introducci\u00f3n<\/a><\/li>\n\n\n\n<li><a href=\"https:\/\/chove.hol.es\/web\/?page_id=1197\">Saluda del Alcalde<\/a><\/li>\n\n\n\n<li><a href=\"https:\/\/chove.hol.es\/web\/?page_id=1229\">Comentario del P\u00e1rroco<\/a><\/li>\n\n\n\n<li><a href=\"https:\/\/chove.hol.es\/web\/?page_id=1237\">Pr\u00f3logo<\/a><\/li>\n\n\n\n<li><a href=\"http:\/\/chove.hol.es\/web\/?page_id=67\">I<\/a><a href=\"https:\/\/chove.hol.es\/web\/?page_id=1208\">r a Fotos de la Presentaci\u00f3n<\/a><\/li>\n<\/ul>\n\n\n\n<p>Es para m\u00ed un honor estimado lector firmar el saluda de este libro. El trabajo de escribir no es f\u00e1cil, da mucho miedo enfrentarse al mayor temor de un escritor, la p\u00e1gina en blanco. Cuando Jos\u00e9 me encomend\u00f3 la tarea de escribir en su libro, ese miedo lo hice m\u00edo, y como no se decir que no, acept\u00e9, aunque mi pensamiento fue \u00bfy ahora que escribo yo? \u00bfHablo del autor?, \u00bfde su historia?, o \u00bfintroduzco el tema del libro? Dicen que escribir es desnudar el alma, por eso amigo Jos\u00e9 me gustar\u00eda darte las gracias. Gracias por querer que mis palabras abrieran tu \u00faltimo hijo, s\u00e9 que no soy un erudito escritor, ni nadie<br>que no sea un ef\u00edmero representante de la voluntad popular del pueblo. Jos\u00e9 me ense\u00f1as mucho cada d\u00eda, y escucho tus palabras y consejos con detenimiento. Tus palabras son sabidur\u00eda, esa que te da la experiencia de la edad y lo vivido. No son solo tus consejos pol\u00edticos, sino tus palabras ante el peor episodio de mi vida, el infarto de mi padre. Me diste \u00e1nimo y esperanza, te preocupaste y te volcaste con nosotros, a pesar de que nuestra relaci\u00f3n no iba m\u00e1s all\u00e1 de un saludo cordial al cruzarnos en la calle, eso lo tendr\u00e9 siempre en mi coraz\u00f3n. Dejando de lado los pre\u00e1mbulos y agradecimientos, como Concejal de Cultura y Fiestas me apasiona tu inter\u00e9s por estudiar los pormenores de Montefr\u00edo. Pudiera parecer que en los tiempos que vivimos todo estuviera estudiado, pero no, siempre consigues sorprender. La tem\u00e1tica de este libro creo que enamorar\u00e1 al lector y es que Jos\u00e9 se ha fijado en un fen\u00f3meno que el resto de vecinos pasamos por alto, debido a nuestros quehaceres diarios. \u00bfPor qu\u00e9 nuestra iglesia tiene la orientaci\u00f3n diferente? \u00bfQu\u00e9 la hace tan especial? A todo esto, espero que el lector encuentre respuesta<br>al terminar el libro.<\/p>\n\n\n\n<p>Juan Antonio Peregrina Coca<br>Concejal de Cultura de Montefr\u00edo<\/p>\n","protected":false},"excerpt":{"rendered":"<p>Es para m\u00ed un honor estimado lector firmar el saluda de este libro. El trabajo de escribir no es f\u00e1cil, da mucho miedo enfrentarse al mayor temor de un escritor, la p\u00e1gina en blanco. Cuando Jos\u00e9 me encomend\u00f3 la tarea de escribir en su libro, ese miedo lo hice m\u00edo, y como no se decir [&hellip;]<\/p>\n","protected":false},"author":2,"featured_media":0,"parent":0,"menu_order":0,"comment_status":"closed","ping_status":"closed","template":"","meta":{"footnotes":""},"class_list":["post-1204","page","type-page","status-publish","hentry"],"_links":{"self":[{"href":"https:\/\/chove.hol.es\/web\/index.php?rest_route=\/wp\/v2\/pages\/1204","targetHints":{"allow":["GET"]}}],"collection":[{"href":"https:\/\/chove.hol.es\/web\/index.php?rest_route=\/wp\/v2\/pages"}],"about":[{"href":"https:\/\/chove.hol.es\/web\/index.php?rest_route=\/wp\/v2\/types\/page"}],"author":[{"embeddable":true,"href":"https:\/\/chove.hol.es\/web\/index.php?rest_route=\/wp\/v2\/users\/2"}],"replies":[{"embeddable":true,"href":"https:\/\/chove.hol.es\/web\/index.php?rest_route=%2Fwp%2Fv2%2Fcomments&post=1204"}],"version-history":[{"count":5,"href":"https:\/\/chove.hol.es\/web\/index.php?rest_route=\/wp\/v2\/pages\/1204\/revisions"}],"predecessor-version":[{"id":1254,"href":"https:\/\/chove.hol.es\/web\/index.php?rest_route=\/wp\/v2\/pages\/1204\/revisions\/1254"}],"wp:attachment":[{"href":"https:\/\/chove.hol.es\/web\/index.php?rest_route=%2Fwp%2Fv2%2Fmedia&parent=1204"}],"curies":[{"name":"wp","href":"https:\/\/api.w.org\/{rel}","templated":true}]}}