{"id":1229,"date":"2024-10-30T20:36:00","date_gmt":"2024-10-30T20:36:00","guid":{"rendered":"https:\/\/chove.hol.es\/web\/?page_id=1229"},"modified":"2024-10-30T20:55:22","modified_gmt":"2024-10-30T20:55:22","slug":"comentario-del-parroco","status":"publish","type":"page","link":"https:\/\/chove.hol.es\/web\/?page_id=1229","title":{"rendered":"Comentario del P\u00e1rroco"},"content":{"rendered":"\n<ul class=\"wp-block-list\">\n<li><a href=\"https:\/\/chove.hol.es\/web\/?page_id=1190\" data-type=\"page\" data-id=\"1190\">Introducci\u00f3n<\/a><\/li>\n\n\n\n<li><a href=\"https:\/\/chove.hol.es\/web\/?page_id=1197\">Saluda del Alcalde<\/a><\/li>\n\n\n\n<li><a href=\"https:\/\/chove.hol.es\/web\/?page_id=1204\">Saluda del Concejal de Cultura<\/a><\/li>\n\n\n\n<li><a href=\"https:\/\/chove.hol.es\/web\/?page_id=1237\">Pr\u00f3logo<\/a><\/li>\n\n\n\n<li><a href=\"http:\/\/chove.hol.es\/web\/?page_id=67\">I<\/a><a href=\"https:\/\/chove.hol.es\/web\/?page_id=1208\">r a Fotos de la Presentaci\u00f3n<\/a><\/li>\n<\/ul>\n\n\n\n<p>La fascinaci\u00f3n misteriosa que se esconden tras aquellos objetos y experiencias cercanas y cotidianas es uno de los motivos claves por los que merece la pena aventurarse en el conocimiento del mundo y de la vida.<\/p>\n\n\n\n<p>A ello, nos viene acostumbrando el autor de este libro, nuestro paisano y amigo, Jos\u00e9 Guzm\u00e1n Flores. Ya sea la vida e historia de la gente con la que nos cruzamos cada d\u00eda por las calles de nuestro pueblo, o los signos y marcas desapercibidas que, con atenci\u00f3n, pueden distinguirse en las fachadas de nuestros edificios, marca de los canteros; todos ellos son incentivos que nos cuestionan e intrigan. Es este precisamente el motivo del presente libro en el que su autor una vez m\u00e1s nos introduce en el conocimiento del misterio de nuestro mundo cercano, en la construcci\u00f3n de este edificio que fascina e identifica a cualquier montefrie\u00f1o, su iglesia de la Encarnaci\u00f3n.<\/p>\n\n\n\n<p>Caemos en la cuenta de que su arquitectura sobrepasa su funci\u00f3n pr\u00e1ctica y se convierte en un medio de comunicaci\u00f3n. Este edificio contiene una narrativa visual y espacial que cuenta historias, transmite emociones religiosas y refleja los valores de una sociedad. Esta rica forma de lenguaje se basa en varios<br>elementos que, juntos, crean un di\u00e1logo silencioso entre la estructura y sus observadores.<\/p>\n\n\n\n<p>El estudio de las formas esf\u00e9ricas de nuestra iglesia no s\u00f3lo nos permite apreciar su belleza est\u00e9tica, sino que tambi\u00e9n nos 10 Orientaci\u00f3n e Iluminaci\u00f3n de la iglesia de la Encarnaci\u00f3n de Montefr\u00edo invita a reflexionar sobre la habilidad y la creatividad de las generaciones pasadas. Es un recordatorio de que, incluso en un mundo moderno, las maravillas arquitect\u00f3nicas del pasado siguen siendo fuentes inagotables de inspiraci\u00f3n y asombro. <\/p>\n\n\n\n<p>La disposici\u00f3n espacial que muestra la iglesia de la Encarnaci\u00f3n tambi\u00e9n es reveladora. El uso del c\u00edrculo no s\u00f3lo sirve para organizar lit\u00fargicamente el espacio, sino que crea una sensaci\u00f3n de infinito donde nada comienza ni termina, y que nos sumerge en el misterio divino a medida que nuestra vista recorre el edificio.<\/p>\n\n\n\n<p>Este edificio de la Encarnaci\u00f3n trasciende su funci\u00f3n original para convertirse en s\u00edmbolo ic\u00f3nico de Montefr\u00edo. Los s\u00edmbolos juegan este papel de mimetizar y empapar el entorno en el que est\u00e1n o acontecen. Ejemplos como la Torre Eiffel, la ic\u00f3nica \u00d3pera de S\u00eddney o el majestuoso Taj Mahal demuestran c\u00f3mo algunos pueblos y ciudades se vuelven mundialmente reconocibles gracias a esta caracter\u00edstica simb\u00f3lica.<\/p>\n\n\n\n<p>Pues bien, aunque la fuerza de la costumbre pueda llevarnos a la invisibilidad de este gigante de nuestro pueblo, el objetivo del presente libro es valorar y apreciar algunas de sus magn\u00edficas caracter\u00edsticas. Que las disfruten.<\/p>\n\n\n\n<p>Emiliano Zafra Lara<br>P\u00e1rroco de la Encarnaci\u00f3n<\/p>\n","protected":false},"excerpt":{"rendered":"<p>La fascinaci\u00f3n misteriosa que se esconden tras aquellos objetos y experiencias cercanas y cotidianas es uno de los motivos claves por los que merece la pena aventurarse en el conocimiento del mundo y de la vida. A ello, nos viene acostumbrando el autor de este libro, nuestro paisano y amigo, Jos\u00e9 Guzm\u00e1n Flores. Ya sea [&hellip;]<\/p>\n","protected":false},"author":2,"featured_media":0,"parent":0,"menu_order":0,"comment_status":"closed","ping_status":"closed","template":"","meta":{"footnotes":""},"class_list":["post-1229","page","type-page","status-publish","hentry"],"_links":{"self":[{"href":"https:\/\/chove.hol.es\/web\/index.php?rest_route=\/wp\/v2\/pages\/1229","targetHints":{"allow":["GET"]}}],"collection":[{"href":"https:\/\/chove.hol.es\/web\/index.php?rest_route=\/wp\/v2\/pages"}],"about":[{"href":"https:\/\/chove.hol.es\/web\/index.php?rest_route=\/wp\/v2\/types\/page"}],"author":[{"embeddable":true,"href":"https:\/\/chove.hol.es\/web\/index.php?rest_route=\/wp\/v2\/users\/2"}],"replies":[{"embeddable":true,"href":"https:\/\/chove.hol.es\/web\/index.php?rest_route=%2Fwp%2Fv2%2Fcomments&post=1229"}],"version-history":[{"count":5,"href":"https:\/\/chove.hol.es\/web\/index.php?rest_route=\/wp\/v2\/pages\/1229\/revisions"}],"predecessor-version":[{"id":1259,"href":"https:\/\/chove.hol.es\/web\/index.php?rest_route=\/wp\/v2\/pages\/1229\/revisions\/1259"}],"wp:attachment":[{"href":"https:\/\/chove.hol.es\/web\/index.php?rest_route=%2Fwp%2Fv2%2Fmedia&parent=1229"}],"curies":[{"name":"wp","href":"https:\/\/api.w.org\/{rel}","templated":true}]}}