{"id":123,"date":"2015-12-23T12:27:08","date_gmt":"2015-12-23T12:27:08","guid":{"rendered":"http:\/\/chove.hol.es\/web\/?page_id=123"},"modified":"2015-12-25T17:18:28","modified_gmt":"2015-12-25T17:18:28","slug":"presentacion-alcaldesa","status":"publish","type":"page","link":"https:\/\/chove.hol.es\/web\/?page_id=123","title":{"rendered":"Presentaci\u00f3n Alcaldesa"},"content":{"rendered":"<p><a href=\"http:\/\/chove.hol.es\/web\/wp-content\/uploads\/2015\/12\/portada2.png\"><img loading=\"lazy\" decoding=\"async\" class=\"aligncenter size-medium wp-image-121\" src=\"http:\/\/chove.hol.es\/web\/wp-content\/uploads\/2015\/12\/portada2-210x300.png\" alt=\"\" width=\"210\" height=\"300\" srcset=\"https:\/\/chove.hol.es\/web\/wp-content\/uploads\/2015\/12\/portada2-210x300.png 210w, https:\/\/chove.hol.es\/web\/wp-content\/uploads\/2015\/12\/portada2.png 362w\" sizes=\"auto, (max-width: 210px) 100vw, 210px\" \/><\/a><\/p>\n<ul>\n<li><a title=\"Montefr\u00edo: Historia y Vidad de sus Gentes (A\u00f1os 50 y 60)\" href=\"http:\/\/chove.hol.es\/web\/?page_id=120\">Introducci\u00f3n<\/a><\/li>\n<li><a title=\"Presentaci\u00f3n Tte. Alcalde\" href=\"http:\/\/chove.hol.es\/web\/?page_id=125\">Presentaci\u00f3n Tte. Alcalde<\/a><\/li>\n<li><a title=\"Montefr\u00edo: Historia y Vida de sus Gentes\" href=\"http:\/\/chove.hol.es\/web\/?page_id=67\">Ir a Fotos de la Presentaci\u00f3n<\/a><\/li>\n<li><a title=\"Montefr\u00edo: Historia y Vida de sus Gentes\" href=\"http:\/\/chove.hol.es\/web\/?page_id=244\">Ir a V\u00eddeos sobre el Libro<\/a><\/li>\n<\/ul>\n<p><strong>Presentaci\u00f3n Alcaldesa:<\/strong><\/p>\n<p>Es un honor para m\u00ed, en condici\u00f3n de alcaldesa de la villa de Montefr\u00edo, presentar esta segunda edici\u00f3n del libro que el montefrie\u00f1o Jos\u00e9 Guzm\u00e1n Flores ha realizado. Adem\u00e1s, la acogida que por parte del pueblo ha tenido me hace sentirme enormemente orgullosa de las iniciativas locales, y mostrar mi m\u00e1ximo apoyo personal y del consistorio municipal que presido, aliento por parte de este Ayuntamiento no le va a faltar.<\/p>\n<p>El estudio de la historia local es importante en un mundo en el cual la globalizaci\u00f3n tiende a homogeneizar las vidas, los gustos y las ideas; el rescate de las diferencias y acciones de los sujetos a escala local es uno de los medios que nos pueden ayudar a mantener las identidades e historias que dan vida a cada una de las comunidades. Por ello es muy interesante que textos como \u00e9ste salten a la luz y sean conocidos por la ciudadan\u00eda; cuando un pueblo conoce su pasado, se reafirma en su presente y ayuda a conseguir su futuro.<\/p>\n<p>Es ahora cuando todos y todas los montefrie\u00f1os y las montefrie\u00f1as debemos dar el empuj\u00f3n definitivo para conseguir las metas comunes que tod@s nos hemos propuesto; yo, desde mi lugar de privilegio que los ciudadanos y ciudadanas me han otorgado, observo con enorme admiraci\u00f3n la respuesta del pueblo, leo con pasi\u00f3n las historias pasadas, que yo no viv\u00ed, y animo a que este libro llegue a todas las casa y hogares de Montefr\u00edo.<\/p>\n<p>Por tanto, muchas gracias por regalarnos este texto lleno de pasi\u00f3n, nostalgia, a\u00f1oranza, melancol\u00eda y realizado desde el cari\u00f1o, el afecto y el apego que le tienes a tu tierra y a tu gente.<\/p>\n<p>Este equipo de Gobierno y esta alcaldesa estar\u00e1n siempre al lado de las personas que deciden aportar su sapiencia al resto de vecinos, y as\u00ed lo ha mostrado durante su mandato. Seguid trabajando, que las instituciones estar\u00e1n tras vosotros.<\/p>\n<p>La Historia de Montefr\u00edo la construimos entre todos y todas y por tanto la escribiremos y reescribiremos entre tod@s. \u00c1nimo y a seguir escribiendo sobre Montefr\u00edo.<\/p>\n","protected":false},"excerpt":{"rendered":"<p>Introducci\u00f3n Presentaci\u00f3n Tte. Alcalde Ir a Fotos de la Presentaci\u00f3n Ir a V\u00eddeos sobre el Libro Presentaci\u00f3n Alcaldesa: Es un honor para m\u00ed, en condici\u00f3n de alcaldesa de la villa de Montefr\u00edo, presentar esta segunda edici\u00f3n del libro que el montefrie\u00f1o Jos\u00e9 Guzm\u00e1n Flores ha realizado. Adem\u00e1s, la acogida que por parte del pueblo ha [&hellip;]<\/p>\n","protected":false},"author":2,"featured_media":0,"parent":120,"menu_order":0,"comment_status":"open","ping_status":"open","template":"","meta":{"footnotes":""},"class_list":["post-123","page","type-page","status-publish","hentry"],"_links":{"self":[{"href":"https:\/\/chove.hol.es\/web\/index.php?rest_route=\/wp\/v2\/pages\/123","targetHints":{"allow":["GET"]}}],"collection":[{"href":"https:\/\/chove.hol.es\/web\/index.php?rest_route=\/wp\/v2\/pages"}],"about":[{"href":"https:\/\/chove.hol.es\/web\/index.php?rest_route=\/wp\/v2\/types\/page"}],"author":[{"embeddable":true,"href":"https:\/\/chove.hol.es\/web\/index.php?rest_route=\/wp\/v2\/users\/2"}],"replies":[{"embeddable":true,"href":"https:\/\/chove.hol.es\/web\/index.php?rest_route=%2Fwp%2Fv2%2Fcomments&post=123"}],"version-history":[{"count":4,"href":"https:\/\/chove.hol.es\/web\/index.php?rest_route=\/wp\/v2\/pages\/123\/revisions"}],"predecessor-version":[{"id":248,"href":"https:\/\/chove.hol.es\/web\/index.php?rest_route=\/wp\/v2\/pages\/123\/revisions\/248"}],"up":[{"embeddable":true,"href":"https:\/\/chove.hol.es\/web\/index.php?rest_route=\/wp\/v2\/pages\/120"}],"wp:attachment":[{"href":"https:\/\/chove.hol.es\/web\/index.php?rest_route=%2Fwp%2Fv2%2Fmedia&parent=123"}],"curies":[{"name":"wp","href":"https:\/\/api.w.org\/{rel}","templated":true}]}}