{"id":1237,"date":"2024-10-30T20:46:47","date_gmt":"2024-10-30T20:46:47","guid":{"rendered":"https:\/\/chove.hol.es\/web\/?page_id=1237"},"modified":"2024-10-30T20:55:12","modified_gmt":"2024-10-30T20:55:12","slug":"prologo-de-manuel-tirado-pedrogosa","status":"publish","type":"page","link":"https:\/\/chove.hol.es\/web\/?page_id=1237","title":{"rendered":"Pr\u00f3logo de Manuel Tirado Pedrogosa"},"content":{"rendered":"\n<ul class=\"wp-block-list\">\n<li><a href=\"https:\/\/chove.hol.es\/web\/?page_id=1190\" data-type=\"page\" data-id=\"1190\">Introducci\u00f3n<\/a><\/li>\n\n\n\n<li><a href=\"https:\/\/chove.hol.es\/web\/?page_id=1197\">Saluda del Alcalde<\/a><\/li>\n\n\n\n<li><a href=\"https:\/\/chove.hol.es\/web\/?page_id=1204\">Saluda del Concejal de Cultura<\/a><\/li>\n\n\n\n<li><a href=\"https:\/\/chove.hol.es\/web\/?page_id=1229\">Comentario del P\u00e1rroco<\/a><\/li>\n\n\n\n<li><a href=\"http:\/\/chove.hol.es\/web\/?page_id=67\">I<\/a><a href=\"https:\/\/chove.hol.es\/web\/?page_id=1208\">r a Fotos de la Presentaci\u00f3n<\/a><\/li>\n<\/ul>\n\n\n\n<p>Esta obra que tienes en tus manos, estimado lector, ha sido escrita por Jos\u00e9 Guzm\u00e1n Flores, Chove. Su autor, nacido en Montefr\u00edo en 1952, ha desarrollado una intensa y prol\u00edfica vida cultural y pol\u00edtica. Ha cursado estudios de Magisterio y Psicolog\u00eda en la Universidad de Granada. Como maestro ha ejercido en varios centros docentes de Andaluc\u00eda y ha sido miembro del EOE (Equipo de Orientaci\u00f3n Educativa).<\/p>\n\n\n\n<p>La m\u00fasica ha llegado a ser parte importante de su vida, participando ya desde su m\u00e1s tierna infancia en la banda municipal de Montefr\u00edo y dirigiendo la banda de cornetas, tambores y gaitas (estas \u00faltimas incorporadas por su iniciativa), y componiendo varias marchas para ella que a la postre interpretaba.<br>Ya, en su \u00e9poca universitaria, curs\u00f3 estudios musicales en los conservatorios de M\u00e1laga, Ronda y Granada y form\u00f3 parte como jefe de voz de tenores del Coro Universitario de esta \u00faltima ciudad. Su inter\u00e9s musical le llev\u00f3 a publicar en 2014 \u201cLa Candelaria y el Carnaval Montefrie\u00f1os\u201d y, en 2015, un CD con selecci\u00f3n de coplas recopiladas e incluidas en el libro anteriormente mencionado.<\/p>\n\n\n\n<p>El inter\u00e9s por la mejora de su pueblo, as\u00ed como por su provincia le impuls\u00f3 a participar activamente en la vida pol\u00edtica ejerciendo como Teniente de Alcalde en el Ayuntamiento de Montefr\u00edo, Diputado Provincial de Granada y Coordinador de la Delegaci\u00f3n del Gobierno de la Junta de Andaluc\u00eda en Granada.<\/p>\n\n\n\n<p>En el \u00e1mbito literario ejerci\u00f3 como corresponsal del \u201cDiario de Granada\u201d en Montefr\u00edo publicando art\u00edculos en revistas y en prensa. En a\u00f1o 2010 public\u00f3 su libro \u201cMontefr\u00edo, Historia y Vida de sus Gentes, a\u00f1os 50 y 60\u201d, en el a\u00f1o 2011 \u201cMontefr\u00edo, Temperatura, Pluviometr\u00eda y Usos del Agua\u201d, en 2022 \u201cLos Canteros en la iglesia de la Encarnaci\u00f3n de Montefr\u00edo\u201d y en el a\u00f1o actual 2024 \u201cOrientaci\u00f3n e iluminaci\u00f3n de la iglesia de la Encarnaci\u00f3n de Montefr\u00edo\u201d que hoy ve la luz.<\/p>\n\n\n\n<p>Analizada brevemente su trayectoria cultural y pol\u00edtica, estoy convencido de que a Jos\u00e9 Guzm\u00e1n Flores se le puede aplicar la frase del comedi\u00f3grafo romano Terencio que resume un ideal de humanismo y que dice \u201csoy hombre y nada de lo humano es ajeno a m\u00ed\u201d.<\/p>\n\n\n\n<p>En lo tocante a su obra \u201cOrientaci\u00f3n e iluminaci\u00f3n de la Iglesia de la Encarnaci\u00f3n de Montefr\u00edo\u201d que prologamos, su autor hace un estudio diacr\u00f3nico sobre c\u00f3mo estos conceptos se han llevado a cabo a lo largo de las distintas culturas y civilizaciones: los d\u00f3lmenes, arquitectura egipcia, griega, romana, los mayas y el cristianismo, aportando al mismo tiempo las tesis y argumentos arquitect\u00f3nicos de Vitrubio y<br>los santos padres de la iglesia, como San Agust\u00edn, Tomas de Aquino, Or\u00edgenes etc. En suma, se llega a la conclusi\u00f3n de que en la iglesia cristiana los edificios religiosos est\u00e1n orientados de este-oeste aludiendo asimismo al gran simbolismo que los impregna. El este es el punto cardinal donde nace el sol. No en vano en el primer d\u00eda de la creaci\u00f3n, seg\u00fan el G\u00e9nesis, Dios dijo: \u201cfiat lux et lux facta est\u201d \u2014h\u00e1gase la luz<br>y la luz fue hecha\u2014. Dios cre\u00f3 la luz para disipar la oscuridad y el caos sobre toda la tierra. El templo se concibe y se proyecta as\u00ed para recibir la luz divina, la luz nutricia, bendita y bienhechora que viene de Cristo, lux mundi, y que da vida todas las cosas. Desde esta perspectiva, la importancia de la luz no solo influye en la orientaci\u00f3n del espacio arquitect\u00f3nico sino que influye tambi\u00e9n en los estados emocionales de sus ocupantes. Con la luz y la sombra se interviene tambi\u00e9n en la mente humana para invocar un sentido de divinidad y de espiritualidad en el edificio religioso.<\/p>\n\n\n\n<p>En lo que respecta a la Encarnaci\u00f3n, proyectada hacia al oeste, el autor da una explicaci\u00f3n bas\u00e1ndose en la orientaci\u00f3n e iluminaci\u00f3n de la iglesia. Compara la iluminaci\u00f3n con el Pante\u00f3n de Agripa en Roma y, aunque con orientaci\u00f3n distinta, la pretensi\u00f3n es similar a la del Pante\u00f3n. Concluye que la configuraci\u00f3n<br>de la iluminaci\u00f3n de la iglesia de La Encarnaci\u00f3n mediante cinco ventanales semicirculares en su alrededor hace que la luz penetre en su interior ilumin\u00e1ndola desde la ma\u00f1ana hasta la tarde. Las hermosas vidrieras con escenas b\u00edblicas, que circundan la iglesia, potencian su luminosidad.<\/p>\n\n\n\n<p>Estas vidrieras policromadas ofrecen, a mi humilde juicio, una luminosidad comparable a la que en el relato b\u00edblico del diluvio universal el arco iris con su caleidoscopio de colores ofreci\u00f3 a un mundo sumido en las tinieblas y la oscuridad.<\/p>\n\n\n\n<p>Concluye el autor que el dise\u00f1o de la iglesia y la orientaci\u00f3n de la misma para proyectarse a trav\u00e9s de sus ventanales sobre fieles, altares y capillas y, principalmente, sobre el Altar Mayor cumple con la tradici\u00f3n del cristianismo antiguo.<\/p>\n\n\n\n<p>La obra est\u00e1 salpicada de hermosas im\u00e1genes de iglesias, de vidrieras que desde mi punto de vista tienen un doble valor: por un lado, sirven para ilustrar la tesis de su autor y, por otro, para arrobarnos con su belleza y disfrutar de su valor art\u00edstico y arquitect\u00f3nico.<\/p>\n\n\n\n<p>Estoy convencido, estimado lector, que la lectura de esta obra te proporcionar\u00e1 un gran gozo y un gran deleite.<\/p>\n\n\n\n<p>Manuel J. Tirado Pedregosa<br>Profesor y amigo del autor<\/p>\n","protected":false},"excerpt":{"rendered":"<p>Esta obra que tienes en tus manos, estimado lector, ha sido escrita por Jos\u00e9 Guzm\u00e1n Flores, Chove. Su autor, nacido en Montefr\u00edo en 1952, ha desarrollado una intensa y prol\u00edfica vida cultural y pol\u00edtica. Ha cursado estudios de Magisterio y Psicolog\u00eda en la Universidad de Granada. Como maestro ha ejercido en varios centros docentes de [&hellip;]<\/p>\n","protected":false},"author":2,"featured_media":0,"parent":0,"menu_order":0,"comment_status":"closed","ping_status":"closed","template":"","meta":{"footnotes":""},"class_list":["post-1237","page","type-page","status-publish","hentry"],"_links":{"self":[{"href":"https:\/\/chove.hol.es\/web\/index.php?rest_route=\/wp\/v2\/pages\/1237","targetHints":{"allow":["GET"]}}],"collection":[{"href":"https:\/\/chove.hol.es\/web\/index.php?rest_route=\/wp\/v2\/pages"}],"about":[{"href":"https:\/\/chove.hol.es\/web\/index.php?rest_route=\/wp\/v2\/types\/page"}],"author":[{"embeddable":true,"href":"https:\/\/chove.hol.es\/web\/index.php?rest_route=\/wp\/v2\/users\/2"}],"replies":[{"embeddable":true,"href":"https:\/\/chove.hol.es\/web\/index.php?rest_route=%2Fwp%2Fv2%2Fcomments&post=1237"}],"version-history":[{"count":4,"href":"https:\/\/chove.hol.es\/web\/index.php?rest_route=\/wp\/v2\/pages\/1237\/revisions"}],"predecessor-version":[{"id":1258,"href":"https:\/\/chove.hol.es\/web\/index.php?rest_route=\/wp\/v2\/pages\/1237\/revisions\/1258"}],"wp:attachment":[{"href":"https:\/\/chove.hol.es\/web\/index.php?rest_route=%2Fwp%2Fv2%2Fmedia&parent=1237"}],"curies":[{"name":"wp","href":"https:\/\/api.w.org\/{rel}","templated":true}]}}