{"id":17,"date":"2015-12-21T18:36:02","date_gmt":"2015-12-21T18:36:02","guid":{"rendered":"http:\/\/chove.hol.es\/web\/?page_id=17"},"modified":"2016-02-06T19:40:07","modified_gmt":"2016-02-06T19:40:07","slug":"biografia","status":"publish","type":"page","link":"https:\/\/chove.hol.es\/web\/?page_id=17","title":{"rendered":"Biograf\u00eda"},"content":{"rendered":"<p>JOS\u00c9 GUZM\u00c1N FLORES nace en Montefr\u00edo (Granada) en 1952. Est\u00e1 casado y es padre de una hija y un hijo.<\/p>\n<p>Es Maestro y Psic\u00f3logo por la Universidad de Granada y ha cursado el grado elemental de m\u00fasica en los Conservatorios de Granada, M\u00e1laga y Ronda; funcionario por oposici\u00f3n de la Consejer\u00eda de Educaci\u00f3n desde el a\u00f1o 1977.<\/p>\n<p><img loading=\"lazy\" decoding=\"async\" class=\"aligncenter size-medium wp-image-77\" src=\"http:\/\/chove.hol.es\/web\/wp-content\/uploads\/2015\/12\/bio-203x300.png\" alt=\"bio\" width=\"203\" height=\"300\" srcset=\"https:\/\/chove.hol.es\/web\/wp-content\/uploads\/2015\/12\/bio-203x300.png 203w, https:\/\/chove.hol.es\/web\/wp-content\/uploads\/2015\/12\/bio.png 534w\" sizes=\"auto, (max-width: 203px) 100vw, 203px\" \/><\/p>\n<p>Ha ejercido como maestro en varios colegios de Andaluc\u00eda impartiendo distintas especialidades, y como miembro del EOE (Equipo de Orientaci\u00f3n Educativa), del que fue coordinador en sus \u00faltimos a\u00f1os de actividad docente.<\/p>\n<p>La m\u00fasica ha sido siempre una de sus actividades principales y hobby a lo largo de su vida. Inici\u00f3 sus estudios musicales siendo un ni\u00f1o en la banda municipal de Montefr\u00edo, donde tocaba la trompeta. De aqu\u00ed pas\u00f3 a dirigir la banda de cornetas y tambores, tambi\u00e9n de su pueblo, a la que incorpor\u00f3 gaitas, componiendo muchas de las marchas que interpretaba. Ya en su etapa universitaria, cursando paralelamente estudios musicales en el conservatorio de Granada, form\u00f3 parte del Coro Universitario durante varios a\u00f1os, y aqu\u00ed, adem\u00e1s de cantar, ejerc\u00eda como jefe de voz de la cuerda de tenores, responsabilidad que estaba gratificada. En su destino como profesor en M\u00e1laga continu\u00f3 los estudios de conservatorio y form\u00f3 parte del Coro Santa Mar\u00eda de la Victoria de esta ciudad. De M\u00e1laga fue trasladado a Ronda, donde ejerci\u00f3 como profesor de m\u00fasica y continu\u00f3 los estudios musicales en el conservatorio de esta ciudad. Y una vez en Granada, se integr\u00f3 en el Coro Santa Teresa, en el que canta como tenor actualmente y para el que ha compuesto varios temas.<\/p>\n<p>Ejerci\u00f3 como corresponsal del \u201cDiario de Granada\u201d en Montefr\u00edo y ha publicado art\u00edculos en revistas y prensa.<\/p>\n<p>Ha publicado en 2010 el libro \u201cMontefr\u00edo, Historia y Vida de sus Gentes, a\u00f1os 50 y 60\u201d, del que ya est\u00e1 puesta al p\u00fablico la 3\u00aa edici\u00f3n, en 2011 \u201cMontefr\u00edo, Temperatura, Pluviometr\u00eda y Usos del Agua\u201d, en 2014 \u00abLa Candelaria y el Carnaval montefrie\u00f1os\u00bb y en 2015 un CD con una selecci\u00f3n de las coplas incluidas en el libro de Candelarias y Carnaval. En este \u00faltimo trabajo ha colaborado el \u00abCoro Arrayanes\u00bb del Centro de D\u00eda de Montefr\u00edo y una Agrupaci\u00f3n de m\u00fasica tradicional de Montefr\u00edo y Granada, en la que han participado componentes del grupo Ambulancia Irlandesa.<\/p>\n<p>Ha asumido cargos de responsabilidad institucional por el PSOE, como Concejal y Teniente de Alcalde en el ayuntamiento de Montefr\u00edo, Diputado Provincial y Coordinador Provincial de la Delegaci\u00f3n del Gobierno de la Junta de Andaluc\u00eda; y ha sido miembro de la direcci\u00f3n local y provincial de este partido ocupando cargos de responsabilidad org\u00e1nica, como Secretario General de la Agrupaci\u00f3n Local de Montefr\u00edo, miembro del Comit\u00e9 Provincial y miembro de la Comisi\u00f3n Ejecutiva Provincial.<\/p>\n","protected":false},"excerpt":{"rendered":"<p>JOS\u00c9 GUZM\u00c1N FLORES nace en Montefr\u00edo (Granada) en 1952. Est\u00e1 casado y es padre de una hija y un hijo. Es Maestro y Psic\u00f3logo por la Universidad de Granada y ha cursado el grado elemental de m\u00fasica en los Conservatorios de Granada, M\u00e1laga y Ronda; funcionario por oposici\u00f3n de la Consejer\u00eda de Educaci\u00f3n desde el [&hellip;]<\/p>\n","protected":false},"author":2,"featured_media":0,"parent":0,"menu_order":0,"comment_status":"open","ping_status":"closed","template":"page-templates\/full-width.php","meta":{"footnotes":""},"class_list":["post-17","page","type-page","status-publish","hentry"],"_links":{"self":[{"href":"https:\/\/chove.hol.es\/web\/index.php?rest_route=\/wp\/v2\/pages\/17","targetHints":{"allow":["GET"]}}],"collection":[{"href":"https:\/\/chove.hol.es\/web\/index.php?rest_route=\/wp\/v2\/pages"}],"about":[{"href":"https:\/\/chove.hol.es\/web\/index.php?rest_route=\/wp\/v2\/types\/page"}],"author":[{"embeddable":true,"href":"https:\/\/chove.hol.es\/web\/index.php?rest_route=\/wp\/v2\/users\/2"}],"replies":[{"embeddable":true,"href":"https:\/\/chove.hol.es\/web\/index.php?rest_route=%2Fwp%2Fv2%2Fcomments&post=17"}],"version-history":[{"count":4,"href":"https:\/\/chove.hol.es\/web\/index.php?rest_route=\/wp\/v2\/pages\/17\/revisions"}],"predecessor-version":[{"id":274,"href":"https:\/\/chove.hol.es\/web\/index.php?rest_route=\/wp\/v2\/pages\/17\/revisions\/274"}],"wp:attachment":[{"href":"https:\/\/chove.hol.es\/web\/index.php?rest_route=%2Fwp%2Fv2%2Fmedia&parent=17"}],"curies":[{"name":"wp","href":"https:\/\/api.w.org\/{rel}","templated":true}]}}