{"id":176,"date":"2015-12-25T13:03:09","date_gmt":"2015-12-25T13:03:09","guid":{"rendered":"http:\/\/chove.hol.es\/web\/?page_id=176"},"modified":"2016-01-24T14:00:18","modified_gmt":"2016-01-24T14:00:18","slug":"cd-coplas-carnaval-y-candelarias-montefrio","status":"publish","type":"page","link":"https:\/\/chove.hol.es\/web\/?page_id=176","title":{"rendered":"CD Coplas Carnaval y Candelarias Montefr\u00edo"},"content":{"rendered":"<p><a href=\"http:\/\/chove.hol.es\/web\/wp-content\/uploads\/2015\/12\/cartel2.jpg\"><img loading=\"lazy\" decoding=\"async\" class=\" wp-image-177 aligncenter\" src=\"http:\/\/chove.hol.es\/web\/wp-content\/uploads\/2015\/12\/cartel2-212x300.jpg\" alt=\"cartel2\" width=\"312\" height=\"441\" srcset=\"https:\/\/chove.hol.es\/web\/wp-content\/uploads\/2015\/12\/cartel2-212x300.jpg 212w, https:\/\/chove.hol.es\/web\/wp-content\/uploads\/2015\/12\/cartel2-723x1024.jpg 723w\" sizes=\"auto, (max-width: 312px) 100vw, 312px\" \/><\/a><\/p>\n<ul>\n<li><a title=\"Partituras\" href=\"http:\/\/chove.hol.es\/web\/?page_id=53\">Ir a partituras de las coplas del CD<\/a><\/li>\n<li><a title=\"Audios\" href=\"http:\/\/chove.hol.es\/web\/?page_id=59\">Ir a audios de las coplas del CD<\/a><\/li>\n<li><a title=\"CD Coplas de Carnaval y Candelaria Montefr\u00edo\" href=\"http:\/\/chove.hol.es\/web\/?page_id=520\">Ir a Fotos<\/a><\/li>\n<li><a title=\"CD Coplas Carnaval y Candelaria Montefr\u00edo\" href=\"http:\/\/chove.hol.es\/web\/?page_id=250\">Ir a V\u00eddeo Televisi\u00f3n Canal Sur<\/a><\/li>\n<\/ul>\n<p><strong>Escuchar Presentaci\u00f3n en Radio Montefr\u00edo:<\/strong><\/p>\n<p><iframe loading=\"lazy\" width=\"50%\" height=\"120\" scrolling=\"no\" frameborder=\"no\" src=\"https:\/\/w.soundcloud.com\/player\/?url=https%3A\/\/api.soundcloud.com\/tracks\/243529796&amp;auto_play=false&amp;hide_related=false&amp;show_comments=true&amp;show_user=true&amp;show_reposts=false&amp;visual=true\"><\/iframe><\/p>\n<p><strong>Escuchar Entrevista del Proyecto en Radio Montefr\u00edo:<\/strong><\/p>\n<p><iframe loading=\"lazy\" src=\"https:\/\/w.soundcloud.com\/player\/?url=https%3A\/\/api.soundcloud.com\/tracks\/243522811&amp;auto_play=false&amp;hide_related=false&amp;show_comments=true&amp;show_user=true&amp;show_reposts=false&amp;visual=true\" width=\"50%\" height=\"120\" frameborder=\"no\" scrolling=\"no\"><\/iframe><\/p>\n<p><strong>Escuchar Entrevista Publicaci\u00f3n CD:<\/strong><\/p>\n<p><iframe loading=\"lazy\" src=\"https:\/\/w.soundcloud.com\/player\/?url=https%3A\/\/api.soundcloud.com\/tracks\/243525289&amp;auto_play=false&amp;hide_related=false&amp;show_comments=true&amp;show_user=true&amp;show_reposts=false&amp;visual=true\" width=\"50%\" height=\"120\" frameborder=\"no\" scrolling=\"no\"><\/iframe><\/p>\n<p>&nbsp;<\/p>\n<p>Con la publicaci\u00f3n del presente CD se concluye felizmente el interesante proyecto iniciado hace varios a\u00f1os de recopilaci\u00f3n de coplas y canciones populares de Montefr\u00edo. Son coplas, algunas de ellas acompa\u00f1adas de danzas, que se cantaban y bailaban preferentemente en las fiestas de La Candelaria y El Carnaval de este pueblo desde hace muchos a\u00f1os, de siempre; no se sabe con precisi\u00f3n la fecha de que datan, pero de algunas de ellas hay constancia de que se entonaban por las calles a finales del siglo XIX.<br \/>\nEs un momento de satisfacci\u00f3n el poder escribir estas l\u00edneas a sabiendas del deber cumplido, siendo consciente de que aquellas preciosas melod\u00edas y ritmos, aquellas voces populares y acordes de guitarras, bandurrias, la\u00fades, flautas, acordeones, etc. quedar\u00e1n para siempre conservados y custodiados. De no haber tomado esta iniciativa, este acervo musical, este patrimonio cultural montefrie\u00f1o de valor incalculable, se habr\u00eda ido como destino fatal con la memoria y la vida de sus portadores. Pero ya nos acompa\u00f1ar\u00e1n generaci\u00f3n tras generaci\u00f3n d\u00e1ndonos satisfacci\u00f3n y alegr\u00eda, como as\u00ed era el prop\u00f3sito de sus creadores, los talentosos poetas y virtuosos m\u00fasicos locales.<br \/>\nEn una primera parte, publicamos el libro con la historia y modo de celebraci\u00f3n de estas fiestas, as\u00ed como las partituras y letras de las coplas; y en esta otra, como final, los audios de una amplia representaci\u00f3n de las mismas, interpretados maravillosamente por veteranas y j\u00f3venes voces de la localidad y acompa\u00f1adas magistralmente por m\u00fasicos amigos locales y profesionales.<br \/>\nHa sido un proyecto completamente abierto a la participaci\u00f3n de muchos vecinos, cuya implicaci\u00f3n ha supuesto un inmenso disfrute durante el trabajo de campo, los ensayos, las presentaciones, los conciertos, las jornadas de grabaci\u00f3n y el producto final de nuestro trabajo. Gracias infinitas a todos y cada uno de los colaboradores; esta sentida experiencia la llevar\u00e9 siempre conmigo. Disfrutad de este disco oyendo y recordando aquellas coplas que cantaron e hicieron felices a nuestros antepasados.<\/p>\n<p>Jos\u00e9 Guzm\u00e1n Flores<\/p>\n<p><a href=\"http:\/\/chove.hol.es\/web\/wp-content\/uploads\/2015\/12\/Sin-t\u00edtulo.png\"><img loading=\"lazy\" decoding=\"async\" class=\"aligncenter  wp-image-181\" src=\"http:\/\/chove.hol.es\/web\/wp-content\/uploads\/2015\/12\/Sin-t\u00edtulo.png\" alt=\"\" width=\"736\" height=\"428\" srcset=\"https:\/\/chove.hol.es\/web\/wp-content\/uploads\/2015\/12\/Sin-t\u00edtulo.png 1010w, https:\/\/chove.hol.es\/web\/wp-content\/uploads\/2015\/12\/Sin-t\u00edtulo-300x174.png 300w\" sizes=\"auto, (max-width: 736px) 100vw, 736px\" \/><\/a><\/p>\n<p>&nbsp;<\/p>\n","protected":false},"excerpt":{"rendered":"<p>Ir a partituras de las coplas del CD Ir a audios de las coplas del CD Ir a Fotos Ir a V\u00eddeo Televisi\u00f3n Canal Sur Escuchar Presentaci\u00f3n en Radio Montefr\u00edo: Escuchar Entrevista del Proyecto en Radio Montefr\u00edo: Escuchar Entrevista Publicaci\u00f3n CD: &nbsp; Con la publicaci\u00f3n del presente CD se concluye felizmente el interesante proyecto iniciado [&hellip;]<\/p>\n","protected":false},"author":2,"featured_media":0,"parent":12,"menu_order":0,"comment_status":"open","ping_status":"open","template":"","meta":{"footnotes":""},"class_list":["post-176","page","type-page","status-publish","hentry"],"_links":{"self":[{"href":"https:\/\/chove.hol.es\/web\/index.php?rest_route=\/wp\/v2\/pages\/176","targetHints":{"allow":["GET"]}}],"collection":[{"href":"https:\/\/chove.hol.es\/web\/index.php?rest_route=\/wp\/v2\/pages"}],"about":[{"href":"https:\/\/chove.hol.es\/web\/index.php?rest_route=\/wp\/v2\/types\/page"}],"author":[{"embeddable":true,"href":"https:\/\/chove.hol.es\/web\/index.php?rest_route=\/wp\/v2\/users\/2"}],"replies":[{"embeddable":true,"href":"https:\/\/chove.hol.es\/web\/index.php?rest_route=%2Fwp%2Fv2%2Fcomments&post=176"}],"version-history":[{"count":18,"href":"https:\/\/chove.hol.es\/web\/index.php?rest_route=\/wp\/v2\/pages\/176\/revisions"}],"predecessor-version":[{"id":550,"href":"https:\/\/chove.hol.es\/web\/index.php?rest_route=\/wp\/v2\/pages\/176\/revisions\/550"}],"up":[{"embeddable":true,"href":"https:\/\/chove.hol.es\/web\/index.php?rest_route=\/wp\/v2\/pages\/12"}],"wp:attachment":[{"href":"https:\/\/chove.hol.es\/web\/index.php?rest_route=%2Fwp%2Fv2%2Fmedia&parent=176"}],"curies":[{"name":"wp","href":"https:\/\/api.w.org\/{rel}","templated":true}]}}