{"id":23,"date":"2015-12-21T18:36:38","date_gmt":"2015-12-21T18:36:38","guid":{"rendered":"http:\/\/chove.hol.es\/web\/?page_id=23"},"modified":"2015-12-25T17:18:28","modified_gmt":"2015-12-25T17:18:28","slug":"enlaces-de-interes","status":"publish","type":"page","link":"https:\/\/chove.hol.es\/web\/?page_id=23","title":{"rendered":"Enlaces de Inter\u00e9s"},"content":{"rendered":"<ul>\n<li><a href=\"http:\/\/es.wikipedia.org\/wiki\/Montefr%C3%ADo\" target=\"_blank\">Wikipedia<\/a><\/li>\n<li><a href=\"http:\/\/www.forummontefrio.es\/\" target=\"_blank\">ForumMontefr\u00edo<\/a><\/li>\n<li><a href=\"http:\/\/www.montefrio.org\/paginas\/home.htm\" target=\"_blank\">Ayuntamiento de Montefr\u00edo<\/a><\/li>\n<li><a href=\"http:\/\/blogsaverroes.juntadeandalucia.es\/ieshiponova\/\" target=\"_blank\">IES Hiponova<\/a><\/li>\n<li><a href=\"http:\/\/www.eltiempo.es\/montefrio.html\" target=\"_blank\">El tiempo en Montefr\u00edo<\/a><\/li>\n<li><a href=\"http:\/\/maps.google.es\/maps?oe=utf-8&amp;rls=org.mozilla:es-ES:official&amp;client=firefox-a&amp;q=montefrio&amp;um=1&amp;ie=UTF-8&amp;hq=&amp;hnear=0xd6df3663e6b17db:0x403d278a57679a0,Montefr%C3%ADo&amp;gl=es&amp;ei=X7FCT4DJOYfn-gbur5SkDw&amp;sa=X&amp;oi=geocode_result&amp;ct=title&amp;resnum=1&amp;ved=0CC8Q8gEwAA\" target=\"_blank\">Ubicaci\u00f3n<\/a><\/li>\n<li><a href=\"http:\/\/www.montefrio.org\/paginas\/alojamientos.htm\" target=\"_blank\">Turismo Rural<\/a><\/li>\n<\/ul>\n","protected":false},"excerpt":{"rendered":"<p>Wikipedia ForumMontefr\u00edo Ayuntamiento de Montefr\u00edo IES Hiponova El tiempo en Montefr\u00edo Ubicaci\u00f3n Turismo Rural<\/p>\n","protected":false},"author":2,"featured_media":0,"parent":0,"menu_order":0,"comment_status":"open","ping_status":"open","template":"","meta":{"footnotes":""},"class_list":["post-23","page","type-page","status-publish","hentry"],"_links":{"self":[{"href":"https:\/\/chove.hol.es\/web\/index.php?rest_route=\/wp\/v2\/pages\/23","targetHints":{"allow":["GET"]}}],"collection":[{"href":"https:\/\/chove.hol.es\/web\/index.php?rest_route=\/wp\/v2\/pages"}],"about":[{"href":"https:\/\/chove.hol.es\/web\/index.php?rest_route=\/wp\/v2\/types\/page"}],"author":[{"embeddable":true,"href":"https:\/\/chove.hol.es\/web\/index.php?rest_route=\/wp\/v2\/users\/2"}],"replies":[{"embeddable":true,"href":"https:\/\/chove.hol.es\/web\/index.php?rest_route=%2Fwp%2Fv2%2Fcomments&post=23"}],"version-history":[{"count":4,"href":"https:\/\/chove.hol.es\/web\/index.php?rest_route=\/wp\/v2\/pages\/23\/revisions"}],"predecessor-version":[{"id":84,"href":"https:\/\/chove.hol.es\/web\/index.php?rest_route=\/wp\/v2\/pages\/23\/revisions\/84"}],"wp:attachment":[{"href":"https:\/\/chove.hol.es\/web\/index.php?rest_route=%2Fwp%2Fv2%2Fmedia&parent=23"}],"curies":[{"name":"wp","href":"https:\/\/api.w.org\/{rel}","templated":true}]}}