{"id":250,"date":"2015-12-25T17:03:47","date_gmt":"2015-12-25T17:03:47","guid":{"rendered":"http:\/\/chove.hol.es\/web\/?page_id=250"},"modified":"2016-01-23T18:42:36","modified_gmt":"2016-01-23T18:42:36","slug":"cd-coplas-carnaval-y-candelaria-montefrio","status":"publish","type":"page","link":"https:\/\/chove.hol.es\/web\/?page_id=250","title":{"rendered":"CD Coplas Carnaval y Candelaria Montefr\u00edo"},"content":{"rendered":"<ul>\n<li><a href=\"http:\/\/chove.hol.es\/web\/?page_id=176\">\u00a0Ir a Presentaci\u00f3n del CD<\/a><\/li>\n<li><a title=\"CD Coplas de Carnaval y Candelaria Montefr\u00edo\" href=\"http:\/\/chove.hol.es\/web\/?page_id=520\">Ir a Fotos CD<\/a><\/li>\n<li><a title=\"Partituras\" href=\"http:\/\/chove.hol.es\/web\/?page_id=53\">Ir a partituras de las coplas del CD<\/a><\/li>\n<li><a title=\"Audios\" href=\"http:\/\/chove.hol.es\/web\/?page_id=59\">Ir a audios de las coplas del CD<\/a><\/li>\n<\/ul>\n<p>&nbsp;<\/p>\n<p><iframe loading=\"lazy\" title=\"CD coplas candelaria y carnaval montefrie\u00f1os  Chove  Jos\u00e9 Guzm\u00e1n Flores\" width=\"640\" height=\"360\" src=\"https:\/\/www.youtube.com\/embed\/s5qF7UqHq8Y?feature=oembed\" frameborder=\"0\" allow=\"accelerometer; autoplay; clipboard-write; encrypted-media; gyroscope; picture-in-picture; web-share\" referrerpolicy=\"strict-origin-when-cross-origin\" allowfullscreen><\/iframe><\/p>\n","protected":false},"excerpt":{"rendered":"<p>\u00a0Ir a Presentaci\u00f3n del CD Ir a Fotos CD Ir a partituras de las coplas del CD Ir a audios de las coplas del CD &nbsp;<\/p>\n","protected":false},"author":2,"featured_media":0,"parent":46,"menu_order":0,"comment_status":"open","ping_status":"open","template":"","meta":{"footnotes":""},"class_list":["post-250","page","type-page","status-publish","hentry"],"_links":{"self":[{"href":"https:\/\/chove.hol.es\/web\/index.php?rest_route=\/wp\/v2\/pages\/250","targetHints":{"allow":["GET"]}}],"collection":[{"href":"https:\/\/chove.hol.es\/web\/index.php?rest_route=\/wp\/v2\/pages"}],"about":[{"href":"https:\/\/chove.hol.es\/web\/index.php?rest_route=\/wp\/v2\/types\/page"}],"author":[{"embeddable":true,"href":"https:\/\/chove.hol.es\/web\/index.php?rest_route=\/wp\/v2\/users\/2"}],"replies":[{"embeddable":true,"href":"https:\/\/chove.hol.es\/web\/index.php?rest_route=%2Fwp%2Fv2%2Fcomments&post=250"}],"version-history":[{"count":6,"href":"https:\/\/chove.hol.es\/web\/index.php?rest_route=\/wp\/v2\/pages\/250\/revisions"}],"predecessor-version":[{"id":527,"href":"https:\/\/chove.hol.es\/web\/index.php?rest_route=\/wp\/v2\/pages\/250\/revisions\/527"}],"up":[{"embeddable":true,"href":"https:\/\/chove.hol.es\/web\/index.php?rest_route=\/wp\/v2\/pages\/46"}],"wp:attachment":[{"href":"https:\/\/chove.hol.es\/web\/index.php?rest_route=%2Fwp%2Fv2%2Fmedia&parent=250"}],"curies":[{"name":"wp","href":"https:\/\/api.w.org\/{rel}","templated":true}]}}