{"id":261,"date":"2015-12-25T19:02:02","date_gmt":"2015-12-25T19:02:02","guid":{"rendered":"http:\/\/chove.hol.es\/web\/?page_id=261"},"modified":"2016-01-24T13:07:08","modified_gmt":"2016-01-24T13:07:08","slug":"la-candelaria-y-el-carnaval-montefrienos","status":"publish","type":"page","link":"https:\/\/chove.hol.es\/web\/?page_id=261","title":{"rendered":"La Candelaria y el Carnaval montefrie\u00f1os"},"content":{"rendered":"<p><a href=\"http:\/\/chove.hol.es\/web\/wp-content\/uploads\/2015\/12\/PORTADA.jpg\"><img loading=\"lazy\" decoding=\"async\" class=\"aligncenter  wp-image-263\" src=\"http:\/\/chove.hol.es\/web\/wp-content\/uploads\/2015\/12\/PORTADA.jpg\" alt=\"PORTADA\" width=\"600\" height=\"382\" srcset=\"https:\/\/chove.hol.es\/web\/wp-content\/uploads\/2015\/12\/PORTADA.jpg 1871w, https:\/\/chove.hol.es\/web\/wp-content\/uploads\/2015\/12\/PORTADA-300x190.jpg 300w, https:\/\/chove.hol.es\/web\/wp-content\/uploads\/2015\/12\/PORTADA-1024x651.jpg 1024w\" sizes=\"auto, (max-width: 600px) 100vw, 600px\" \/><\/a><\/p>\n<ul>\n<li><a title=\"Presentaci\u00f3n Alcalde\" href=\"http:\/\/chove.hol.es\/web\/?page_id=267\">Presentaci\u00f3n Alcalde<\/a><\/li>\n<li><a title=\"Presentaci\u00f3n Tte. Alcalde \u2013 Delegado de Cultura\" href=\"http:\/\/chove.hol.es\/web\/?page_id=269\">Presentaci\u00f3n Tte. Alcalde &#8211; Delegado de Cultura<\/a><\/li>\n<li><a title=\"CD Coplas Carnaval y Candelaria Montefr\u00edo\" href=\"http:\/\/chove.hol.es\/web\/?page_id=176\">CD La Candelaria y el Carnaval montefrie\u00f1os<\/a><\/li>\n<li><a title=\"La Candelaria y el Carnaval Montefrie\u00f1os\" href=\"http:\/\/chove.hol.es\/web\/?page_id=498\">Ir a Fotos Presentaci\u00f3n<\/a><\/li>\n<li><a title=\"Prensa Digital\" href=\"http:\/\/chove.hol.es\/web\/?page_id=103\">Prensa Digital<\/a><\/li>\n<\/ul>\n<p><strong>Escuchar Presentaci\u00f3n:<\/strong><br \/>\n<iframe loading=\"lazy\" width=\"50%\" height=\"120\" scrolling=\"no\" frameborder=\"no\" src=\"https:\/\/w.soundcloud.com\/player\/?url=https%3A\/\/api.soundcloud.com\/tracks\/242944151&amp;auto_play=false&amp;hide_related=false&amp;show_comments=true&amp;show_user=true&amp;show_reposts=false&amp;visual=true\"><\/iframe><\/p>\n<p>Los gobiernos, ayuntamientos, asociaciones culturales y ciudadanos en general deben ser responsables de la protecci\u00f3n y conservaci\u00f3n del patrimonio cultural de los pueblos, y en ese patrimonio cultural se incluyen las tradiciones y costumbres de una comunidad vecinal. Las fiestas, la m\u00fasica, la poes\u00eda, el teatro y el arte en general de los pueblos son valores eternos que identifican la vida y la historia de sus vecinos; se\u00f1as de identidad que definen su personalidad, su forma de ser y de sentir: as\u00ed son.<\/p>\n<p>Los montefrie\u00f1os debemos respetar nuestra tradici\u00f3n y sentirnos orgullosos de ella, porque con ello respetamos a nuestros antepasados y a nosotros mismos; nos valoramos, aceptamos y reforzamos nuestra autoestima. Cuanto m\u00e1s nos conocemos m\u00e1s nos respetamos y queremos. Por otra parte, un pueblo que cuida y respeta las costumbres es un pueblo culto, tolerante y educado.<\/p>\n<p><a href=\"http:\/\/chove.hol.es\/web\/wp-content\/uploads\/2015\/12\/libro-.jpg\"><img loading=\"lazy\" decoding=\"async\" class=\"aligncenter size-full wp-image-491\" src=\"http:\/\/chove.hol.es\/web\/wp-content\/uploads\/2015\/12\/libro-.jpg\" alt=\"libro\" width=\"260\" height=\"194\" \/><\/a><\/p>\n<p>Estas son las ideas que han inspirado este trabajo, el respeto por nuestra tradici\u00f3n cultural, nuestros valores patrimoniales, el amor a nuestra gente y su modo de vida, y quiero ofrecerlo a las generaciones futuras para que lo conozcan, disfruten de \u00e9l y lo pongan en valor.<\/p>\n<p>Es una tarea basada en el conocimiento, la experiencia y la investigaci\u00f3n, puesta a disposici\u00f3n de todos los montefrie\u00f1os para que la practiquen y conserven con cari\u00f1o.<\/p>\n<p>Las actividades culturales de los pueblos evolucionan, est\u00e1n en continuo progreso, en permanente recreaci\u00f3n, pero siempre deben procurar estar inspiradas y enraizadas en la tradici\u00f3n, en la matriz, en los principios sobre los que se han inspirado.<\/p>\n<p>Las Candelarias y El Carnaval de Montefr\u00edo son dos fiestas antiguas, divertidas y muy participativas; dos celebraciones emotivas y recordadas por los vecinos mayores, que se desarrollaban en nuestro pueblo con una forma y estilo propio que debemos tener presente a la hora de su programaci\u00f3n y ejecuci\u00f3n. Para ello, este trabajo ofrece contenidos, procedimientos y detalles de las mismas, retrotray\u00e9ndonos hasta los tiempos de finales del siglo XIX.<\/p>\n<p>El cap\u00edtulo m\u00e1s importante de este trabajo es el relativo a la copla. Por ello, se han recopilado y se exponen una serie de coplillas populares, con letra y m\u00fasica an\u00f3nimas de montefrie\u00f1os aficionados, que se cantaban y bailaban en los corros de las candelarias y el carnaval de entonces, y que se han transcrito para que permanezcan para siempre entre nosotros formando parte de nuestro acervo cultural. Al mismo tiempo, estas coplas pueden servir de modelo para continuar creando con nuevas letras sobre esa matriz mel\u00f3dica o sirviendo de base para nuevas inspiraciones.<\/p>\n<p>Espero que este trabajo sea un documento pr\u00e1ctico y \u00fatil, de consulta y gu\u00eda para asociaciones, vecinos y aficionados a la literatura y la m\u00fasica, sirviendo de inspiraci\u00f3n en el desarrollo de nuestra tradici\u00f3n, y para la preparaci\u00f3n y programaci\u00f3n de las fiestas anuales de La Candelaria y El Carnaval, y que se use con la prudencia, el respeto y la educaci\u00f3n que siempre han de llevar a gala los montefrie\u00f1os. Y que proporcione mucho disfrute y alegr\u00eda, pues con esa intenci\u00f3n ha sido realizado.<\/p>\n<p>No se han podido conseguir fotograf\u00edas que muestren la realidad de estas fiestas por aquellos a\u00f1os; con una carencia tan generalizada de necesidades primarias y de todo tipo es l\u00f3gico que no existan documentos gr\u00e1ficos. Hemos tenido que conformarnos con fotos de a\u00f1os posteriores, que nada tienen que ver con la realidad de entonces.<\/p>\n","protected":false},"excerpt":{"rendered":"<p>Presentaci\u00f3n Alcalde Presentaci\u00f3n Tte. Alcalde &#8211; Delegado de Cultura CD La Candelaria y el Carnaval montefrie\u00f1os Ir a Fotos Presentaci\u00f3n Prensa Digital Escuchar Presentaci\u00f3n: Los gobiernos, ayuntamientos, asociaciones culturales y ciudadanos en general deben ser responsables de la protecci\u00f3n y conservaci\u00f3n del patrimonio cultural de los pueblos, y en ese patrimonio cultural se incluyen las [&hellip;]<\/p>\n","protected":false},"author":2,"featured_media":0,"parent":99,"menu_order":0,"comment_status":"closed","ping_status":"open","template":"","meta":{"footnotes":""},"class_list":["post-261","page","type-page","status-publish","hentry"],"_links":{"self":[{"href":"https:\/\/chove.hol.es\/web\/index.php?rest_route=\/wp\/v2\/pages\/261","targetHints":{"allow":["GET"]}}],"collection":[{"href":"https:\/\/chove.hol.es\/web\/index.php?rest_route=\/wp\/v2\/pages"}],"about":[{"href":"https:\/\/chove.hol.es\/web\/index.php?rest_route=\/wp\/v2\/types\/page"}],"author":[{"embeddable":true,"href":"https:\/\/chove.hol.es\/web\/index.php?rest_route=\/wp\/v2\/users\/2"}],"replies":[{"embeddable":true,"href":"https:\/\/chove.hol.es\/web\/index.php?rest_route=%2Fwp%2Fv2%2Fcomments&post=261"}],"version-history":[{"count":11,"href":"https:\/\/chove.hol.es\/web\/index.php?rest_route=\/wp\/v2\/pages\/261\/revisions"}],"predecessor-version":[{"id":1053,"href":"https:\/\/chove.hol.es\/web\/index.php?rest_route=\/wp\/v2\/pages\/261\/revisions\/1053"}],"up":[{"embeddable":true,"href":"https:\/\/chove.hol.es\/web\/index.php?rest_route=\/wp\/v2\/pages\/99"}],"wp:attachment":[{"href":"https:\/\/chove.hol.es\/web\/index.php?rest_route=%2Fwp%2Fv2%2Fmedia&parent=261"}],"curies":[{"name":"wp","href":"https:\/\/api.w.org\/{rel}","templated":true}]}}