{"id":267,"date":"2015-12-25T19:06:32","date_gmt":"2015-12-25T19:06:32","guid":{"rendered":"http:\/\/chove.hol.es\/web\/?page_id=267"},"modified":"2016-01-23T12:33:54","modified_gmt":"2016-01-23T12:33:54","slug":"presentacion-alcalde","status":"publish","type":"page","link":"https:\/\/chove.hol.es\/web\/?page_id=267","title":{"rendered":"Presentaci\u00f3n Alcalde"},"content":{"rendered":"<ul>\n<li><a title=\"La Candelaria y el Carnaval montefrie\u00f1os\" href=\"http:\/\/chove.hol.es\/web\/?page_id=261\">Introducci\u00f3n al Libro<\/a><\/li>\n<li><a title=\"Presentaci\u00f3n Tte. Alcalde \u2013 Delegado de Cultura\" href=\"http:\/\/chove.hol.es\/web\/?page_id=269\">Presentaci\u00f3n Tte. Alcade &#8211; Delegado de Cultura<\/a><\/li>\n<li><a title=\"La Candelaria y el Carnaval Montefrie\u00f1os\" href=\"http:\/\/chove.hol.es\/web\/?page_id=498\">Ir a Fotos Presentaci\u00f3n<\/a><\/li>\n<li><a title=\"CD Coplas Carnaval y Candelarias Montefr\u00edo\" href=\"http:\/\/chove.hol.es\/web\/?page_id=176\">CD La Candelaria y el Carnaval Montefrie\u00f1os<\/a><\/li>\n<li><a title=\"Prensa Digital\" href=\"http:\/\/chove.hol.es\/web\/?page_id=103\">Prensa Digital<\/a><\/li>\n<\/ul>\n<p>La gran riqueza hist\u00f3rica y cultural de un pueblo como Montefr\u00edo, necesita del concurso necesario de aquellas personas que manifiestan el amor a su tierra plasmando su extenso acervo cultural.<\/p>\n<p>Esta actividad es absolutamente necesaria para recordar nuestros or\u00edgenes a todos, a la vez que transmitir a las generaciones futuras el conocimiento de sus propias ra\u00edces.<\/p>\n<p>El conjunto de comportamientos de una sociedad, entre los que, por supuesto, se incluyen el modo de celebrar sus fiestas, moldean y dise\u00f1an el car\u00e1cter de las personas que en ella se desarrollan. Y en todos ellos hay un elemento com\u00fan que es el concepto de \u201cconvivencia\u201d, en su m\u00e1s amplio sentido, por lo que necesitamos de la participaci\u00f3n de los dem\u00e1s para engrandecer nuestras propias actividades.<\/p>\n<p>Este concepto queda perfectamente reflejado en actividades como \u201cla Candelaria\u201d, en la que desde los m\u00e1s peque\u00f1os hasta los m\u00e1s mayores, cada uno aporta su esfuerzo y su trabajo: unos buscando \u201caulagas\u201d con las que alimentar el fuego, otros aportando le\u00f1a, otros viandas&#8230;podr\u00edamos decir que es un reflejo perfecto de un modelo social b\u00e1sico -todos hacen su aportaci\u00f3n para conseguir el bien com\u00fan-. Y el premio no pod\u00eda ser mejor: compartir unas horas de relaci\u00f3n con nuestros vecinos y amigos.<\/p>\n<p>Actividades como estas hacen del Montefrie\u00f1o una persona abierta y de la Montefrie\u00f1a una sociedad acogedora, lo cual nos obliga a seguir fomentando esos modelos de participaci\u00f3n ciudadana en cualquier tipo de actividad p\u00fablica.<\/p>\n<p>Ello justifica y hace necesario la recopilaci\u00f3n que nuestro amigo Jos\u00e9 Guzm\u00e1n Flores recoge en este libro, sumando as\u00ed otro elemento m\u00e1s al conocimiento de la sociedad Montefrie\u00f1a y completando de este modo sus anteriores trabajos.<\/p>\n<p>Agust\u00edn Garc\u00eda Moreno<\/p>\n<p>Alcalde en funciones<\/p>\n","protected":false},"excerpt":{"rendered":"<p>Introducci\u00f3n al Libro Presentaci\u00f3n Tte. Alcade &#8211; Delegado de Cultura Ir a Fotos Presentaci\u00f3n CD La Candelaria y el Carnaval Montefrie\u00f1os Prensa Digital La gran riqueza hist\u00f3rica y cultural de un pueblo como Montefr\u00edo, necesita del concurso necesario de aquellas personas que manifiestan el amor a su tierra plasmando su extenso acervo cultural. Esta actividad [&hellip;]<\/p>\n","protected":false},"author":2,"featured_media":0,"parent":261,"menu_order":0,"comment_status":"closed","ping_status":"open","template":"","meta":{"footnotes":""},"class_list":["post-267","page","type-page","status-publish","hentry"],"_links":{"self":[{"href":"https:\/\/chove.hol.es\/web\/index.php?rest_route=\/wp\/v2\/pages\/267","targetHints":{"allow":["GET"]}}],"collection":[{"href":"https:\/\/chove.hol.es\/web\/index.php?rest_route=\/wp\/v2\/pages"}],"about":[{"href":"https:\/\/chove.hol.es\/web\/index.php?rest_route=\/wp\/v2\/types\/page"}],"author":[{"embeddable":true,"href":"https:\/\/chove.hol.es\/web\/index.php?rest_route=\/wp\/v2\/users\/2"}],"replies":[{"embeddable":true,"href":"https:\/\/chove.hol.es\/web\/index.php?rest_route=%2Fwp%2Fv2%2Fcomments&post=267"}],"version-history":[{"count":5,"href":"https:\/\/chove.hol.es\/web\/index.php?rest_route=\/wp\/v2\/pages\/267\/revisions"}],"predecessor-version":[{"id":510,"href":"https:\/\/chove.hol.es\/web\/index.php?rest_route=\/wp\/v2\/pages\/267\/revisions\/510"}],"up":[{"embeddable":true,"href":"https:\/\/chove.hol.es\/web\/index.php?rest_route=\/wp\/v2\/pages\/261"}],"wp:attachment":[{"href":"https:\/\/chove.hol.es\/web\/index.php?rest_route=%2Fwp%2Fv2%2Fmedia&parent=267"}],"curies":[{"name":"wp","href":"https:\/\/api.w.org\/{rel}","templated":true}]}}