{"id":269,"date":"2015-12-25T19:07:44","date_gmt":"2015-12-25T19:07:44","guid":{"rendered":"http:\/\/chove.hol.es\/web\/?page_id=269"},"modified":"2016-01-23T12:34:18","modified_gmt":"2016-01-23T12:34:18","slug":"presentacion-tte-alcalde-delegado-de-cultura","status":"publish","type":"page","link":"https:\/\/chove.hol.es\/web\/?page_id=269","title":{"rendered":"Presentaci\u00f3n Tte. Alcalde &#8211; Delegado de Cultura"},"content":{"rendered":"<ul>\n<li><a title=\"La Candelaria y el Carnaval montefrie\u00f1os\" href=\"http:\/\/chove.hol.es\/web\/?page_id=261\">Introducci\u00f3n al Libro<\/a><\/li>\n<li><a title=\"Presentaci\u00f3n Alcalde\" href=\"http:\/\/chove.hol.es\/web\/?page_id=267\">Presentaci\u00f3n Alcalde<\/a><\/li>\n<li><a title=\"La Candelaria y el Carnaval Montefrie\u00f1os\" href=\"http:\/\/chove.hol.es\/web\/?page_id=498\">Ir a Fotos Presentaci\u00f3n<\/a><\/li>\n<li><a title=\"CD Coplas Carnaval y Candelarias Montefr\u00edo\" href=\"http:\/\/chove.hol.es\/web\/?page_id=176\">CD La Candelaria y el Carnaval Montefrie\u00f1os<\/a><\/li>\n<li><a title=\"Prensa Digital\" href=\"http:\/\/chove.hol.es\/web\/?page_id=103\">Prensa Digital<\/a><\/li>\n<\/ul>\n<p>La tradici\u00f3n oral, sobre todo en la m\u00fasica, ha sido, es y ser\u00e1 uno de los elementos de an\u00e1lisis m\u00e1s interesantes para conocer la idiosincrasia de un pueblo y de sus gentes, sobre todo para conocer la historia social y la evoluci\u00f3n de la comunidad.<\/p>\n<p>La vida trabajadora, mon\u00f3tona y falta de libertades en el franquismo se ve\u00eda alterada cada cierto tiempo, y se desarrollaban unas \u00e9pocas que ten\u00edan estructuras arcaicas, tal vez asentadas en fiestas tan importantes como las calendas de febrero en honor de Helerno, o los Idus de febrero , con su parentalia, en que se suspend\u00edan los matrimonios, continuada con la fiesta de las lupercales, que se cerraba en los quirinales, cuyo \u00faltimo d\u00eda era la fornacalia. Esta fiesta no ten\u00eda fecha fija de celebraci\u00f3n, ya que cada Curia la celebraba en el d\u00eda en que se le hubiera anunciado que deb\u00eda hacerlo. Este d\u00eda, al que se denomin\u00f3 con el burlesco apelativo de <strong>\u00abSTULTORUM FESTA\u00bb<\/strong> o Fiesta de los Tontos, ser\u00e1 transformada en el Carnaval cristiano.<\/p>\n<p>Esta alteraci\u00f3n de la rutina diaria intentaba evitar la censura, y con sus coplillas, que a veces pod\u00edan parecer inofensivas, en modo cierto eran verdaderos tratados de la realidad social del municipio, que atacaban las l\u00edneas de flotaci\u00f3n del poder social y reflejaban, cual diario permanente, los hechos y acontecimientos m\u00e1s importantes, no solo del municipio, sino de la comarca.<\/p>\n<p>En estas canciones vamos a encontrar la trivialidad mezclada con la fuerza ideol\u00f3gica, la alegria mezclada con la pena, o sea, vamos a encontrar la realidad de Montefrio durante todo un siglo. As\u00ed que disfrutemos de su lectura e intentemos cantarla junto a hijos y nietos, reflej\u00e1ndo el orgullo de unas generaciones que supieron ser felices a pesar de las circunstancias.<\/p>\n<p>En este texto-partitura, Pepe Guzm\u00e1n nos hace una narraci\u00f3n de un pueblo, por boca de sus ciudadanos y ciudadanas. Ahora esta memoria hist\u00f3rica colectiva quedar\u00e1 plasmada en negro sobre blanco, convirti\u00e9ndose en un interesante tratado de ciencias sociales, donde podremos atisbar lecciones de econom\u00eda, sociolog\u00eda y antropolog\u00eda.<\/p>\n<p>Este documento es un paso m\u00e1s en la reivindicaci\u00f3n de la tradici\u00f3n oral del pueblo montefrie\u00f1o, como algo que fundamente las estructuras sociales de la localidad y que forman los pilares del enorme patrimonio inmaterial que MONTEFRIO ha aportado a la humanidad. No olvidemos que \u201cLos montefrie\u00f1os queremos volver a ser lo que fuimos, hombres de luz, que a los hombres, alma de hombres les dimos\u201d.<\/p>\n<p>Animo a leer con el coraz\u00f3n este trozo de memoria hist\u00f3rica colectiva, a re\u00edr, a so\u00f1ar con el recuerdo de nuestra tierra, y reivindicar que este sea un \u201clibro de texto\u201d m\u00e1s de nuestras futuras generaciones. Y que esta lectura y las audiciones que se van a producir nos produzcan las mayores sensaciones de paz, esperanza, bienestar, encanto y magia, en cualquier momento de nuestro d\u00eda.<\/p>\n<p>Disfrutad con su lectura, y gracias por el trabajo recopilatorio tan interesante y de tanta importancia para la ciudadan\u00eda montefrie\u00f1a.<em><br \/>\n<\/em><\/p>\n<p><em>\u00a0\u00a0\u00a0\u00a0\u00a0\u00a0\u00a0\u00a0\u00a0\u00a0\u00a0\u00a0\u00a0\u00a0\u00a0\u00a0\u00a0\u00a0\u00a0\u00a0\u00a0\u00a0\u00a0\u00a0\u00a0\u00a0\u00a0\u00a0\u00a0\u00a0\u00a0\u00a0\u00a0\u00a0\u00a0\u00a0\u00a0 <\/em><\/p>\n<p><em>\u00a0\u00a0\u00a0\u00a0\u00a0\u00a0\u00a0\u00a0\u00a0\u00a0\u00a0\u00a0\u00a0\u00a0\u00a0\u00a0\u00a0\u00a0\u00a0\u00a0\u00a0\u00a0\u00a0\u00a0\u00a0\u00a0\u00a0\u00a0\u00a0\u00a0\u00a0\u00a0\u00a0\u00a0\u00a0\u00a0\u00a0 \u00a0\u00a0\u00a0\u00a0\u00a0\u00a0\u00a0\u00a0 Rafael Garc\u00eda \u00c1vila<\/em><\/p>\n<p><em>\u00a0\u00a0\u00a0\u00a0\u00a0\u00a0\u00a0\u00a0\u00a0\u00a0\u00a0\u00a0\u00a0\u00a0\u00a0\u00a0\u00a0\u00a0 \u00a0\u00a0\u00a0\u00a0\u00a0\u00a0 \u00a0\u00a0\u00a0Tte. Alcalde Delegado de Cultura<\/em><\/p>\n","protected":false},"excerpt":{"rendered":"<p>Introducci\u00f3n al Libro Presentaci\u00f3n Alcalde Ir a Fotos Presentaci\u00f3n CD La Candelaria y el Carnaval Montefrie\u00f1os Prensa Digital La tradici\u00f3n oral, sobre todo en la m\u00fasica, ha sido, es y ser\u00e1 uno de los elementos de an\u00e1lisis m\u00e1s interesantes para conocer la idiosincrasia de un pueblo y de sus gentes, sobre todo para conocer la [&hellip;]<\/p>\n","protected":false},"author":2,"featured_media":0,"parent":261,"menu_order":0,"comment_status":"closed","ping_status":"open","template":"","meta":{"footnotes":""},"class_list":["post-269","page","type-page","status-publish","hentry"],"_links":{"self":[{"href":"https:\/\/chove.hol.es\/web\/index.php?rest_route=\/wp\/v2\/pages\/269","targetHints":{"allow":["GET"]}}],"collection":[{"href":"https:\/\/chove.hol.es\/web\/index.php?rest_route=\/wp\/v2\/pages"}],"about":[{"href":"https:\/\/chove.hol.es\/web\/index.php?rest_route=\/wp\/v2\/types\/page"}],"author":[{"embeddable":true,"href":"https:\/\/chove.hol.es\/web\/index.php?rest_route=\/wp\/v2\/users\/2"}],"replies":[{"embeddable":true,"href":"https:\/\/chove.hol.es\/web\/index.php?rest_route=%2Fwp%2Fv2%2Fcomments&post=269"}],"version-history":[{"count":3,"href":"https:\/\/chove.hol.es\/web\/index.php?rest_route=\/wp\/v2\/pages\/269\/revisions"}],"predecessor-version":[{"id":511,"href":"https:\/\/chove.hol.es\/web\/index.php?rest_route=\/wp\/v2\/pages\/269\/revisions\/511"}],"up":[{"embeddable":true,"href":"https:\/\/chove.hol.es\/web\/index.php?rest_route=\/wp\/v2\/pages\/261"}],"wp:attachment":[{"href":"https:\/\/chove.hol.es\/web\/index.php?rest_route=%2Fwp%2Fv2%2Fmedia&parent=269"}],"curies":[{"name":"wp","href":"https:\/\/api.w.org\/{rel}","templated":true}]}}