{"id":342,"date":"2016-01-10T20:49:40","date_gmt":"2016-01-10T20:49:40","guid":{"rendered":"http:\/\/chove.hol.es\/web\/?page_id=342"},"modified":"2016-01-10T20:49:40","modified_gmt":"2016-01-10T20:49:40","slug":"los-enigmas-del-corazon","status":"publish","type":"page","link":"https:\/\/chove.hol.es\/web\/?page_id=342","title":{"rendered":"Los enigmas del coraz\u00f3n"},"content":{"rendered":"<p>Hoy, nueve de marzo, he sido abuelo por primera vez; ha venido a engrosar la familia una ni\u00f1a impecable nacida de un parto perfecto de mi hija.<\/p>\n<p><a href=\"http:\/\/chove.hol.es\/web\/wp-content\/uploads\/2016\/01\/Sin-t\u00edtulo23.png\"><img loading=\"lazy\" decoding=\"async\" class=\"aligncenter size-full wp-image-343\" src=\"http:\/\/chove.hol.es\/web\/wp-content\/uploads\/2016\/01\/Sin-t\u00edtulo23.png\" alt=\"Sin t\u00edtulo\" width=\"373\" height=\"332\" srcset=\"https:\/\/chove.hol.es\/web\/wp-content\/uploads\/2016\/01\/Sin-t\u00edtulo23.png 373w, https:\/\/chove.hol.es\/web\/wp-content\/uploads\/2016\/01\/Sin-t\u00edtulo23-300x267.png 300w\" sizes=\"auto, (max-width: 373px) 100vw, 373px\" \/><\/a>En las horas previas a su alumbramiento, cuando todav\u00eda somos los mismos, esperamos con ansiedad su llegada en la sala de dilataci\u00f3n. En la habitaci\u00f3n s\u00f3lo se oye a trav\u00e9s del monitor el palpitar de su min\u00fasculo coraz\u00f3n a una velocidad de v\u00e9rtigo. Cada latido, seguro y en\u00e9rgico, anuncia su urgencia con un ritmo perfecto, acompasado, y un sonido limpio y mantenido que, a la par, parece querer tranquilizar a su madre y a los presentes. En el silencio interrumpido por esa dulce y serena melod\u00eda yo reflexiono sobre el milagro de la vida, que dentro de un momento seremos uno m\u00e1s. Pienso en ese coraz\u00f3n que se oye con fuerza, que funciona como una m\u00e1quina anunciando su llegada y que no dejar\u00e1 de trabajar para darle toda su vida a mi nieta.<br \/>\nEs un tiempo precioso y satisfactorio el de la espera para la reflexi\u00f3n. Me permito dejar libre la imaginaci\u00f3n para regodearme prestando atenci\u00f3n a cosas b\u00e1sicas, vitales, como por ejemplo el coraz\u00f3n, ese \u00f3rgano de nuestro cuerpo al que ahora, herido, prestamos tanta atenci\u00f3n y cuidado.<br \/>\n<a href=\"http:\/\/chove.hol.es\/web\/wp-content\/uploads\/2016\/01\/Sin-t\u00edtulo24.png\"><img loading=\"lazy\" decoding=\"async\" class=\"wp-image-344 alignleft\" src=\"http:\/\/chove.hol.es\/web\/wp-content\/uploads\/2016\/01\/Sin-t\u00edtulo24.png\" alt=\"Sin t\u00edtulo\" width=\"347\" height=\"213\" \/><\/a>Creemos conocerlo casi todo sobre el coraz\u00f3n, pero en realidad lo conocemos muy poco. S\u00ed, sabemos que es una doble bomba que pesa unos trescientos gramos y que impulsa la sangre por todo nuestro organismo; que de \u00e9l dependen todos los dem\u00e1s \u00f3rganos, como el cerebro, los pulmones, los m\u00fasculos, los ri\u00f1ones, el h\u00edgado, etc. y que por eso le llaman el \u00f3rgano de la vida. Pero \u00bfnos hemos parado a meditar en que este motor comienza a funcionar desde la cuarta semana de gestaci\u00f3n de la persona y no deja de hacerlo hasta su muerte?. Y con unas v\u00e1lvulas en su interior que cierran y abren permanentemente, con la resistencia precisa, la sincronizaci\u00f3n y coordinaci\u00f3n exactas para dejar pasar el flujo o no dejar que pase ni una gota cuando sea menester; \u00a1qu\u00e9 maravilla de motor y de v\u00e1lvulas!.<br \/>\nCerremos los ojos y concentr\u00e9monos por un momento: un motor que no para ni de d\u00eda ni de noche durante m\u00e1s de ochenta a\u00f1os, a veces m\u00e1s de cien, en cualquier estado y situaci\u00f3n personal: despiertos o mientras dormimos, con fr\u00edo o con calor, riendo o llorando, trabajando o descansando, con estr\u00e9s, con preocupaci\u00f3n, con ansiedad, etc. \u00a1Extraordinario! \u00bfAlguien tiene conocimiento de alg\u00fan otro motor fabricado por el hombre parecido a \u00e9ste?: avi\u00f3n, coche, lavadora, frigor\u00edfico, etc. Y no para ni un segundo para descansar; bueno, el m\u00edo lo pararon intencionadamente durante unas horas para poder trabajar sobre \u00e9l, pero una vez reparado lo volvieron a poner en funcionamiento, y hasta hoy. \u00bfEs esto normal?.<a href=\"http:\/\/chove.hol.es\/web\/wp-content\/uploads\/2016\/01\/Sin-t\u00edtulo25.png\"><img loading=\"lazy\" decoding=\"async\" class=\"wp-image-345 alignright\" src=\"http:\/\/chove.hol.es\/web\/wp-content\/uploads\/2016\/01\/Sin-t\u00edtulo25.png\" alt=\"Sin t\u00edtulo\" width=\"314\" height=\"237\" \/><\/a> Cuando me dijo el Dr. Iriarte que ten\u00eda las coronarias cerradas al noventa por ciento, tras mi sorpresa, reaccion\u00e9 con una pregunta directa: \u00bfc\u00f3mo es esto posible si este verano hice la ruta de senderismo desde Prado Llano hasta C\u00e1\u00f1ar, cruzando Sierra Nevada por el pico y refugio \u201cElorrieta\u201d, y no sent\u00ed nada anormal, permaneciendo siempre en el grupo de cabeza?. Para que vea usted, me contest\u00f3, lo servicial y agradecido que es el coraz\u00f3n, que ha estado realizando su funci\u00f3n con normalidad sin recibir su adecuado suministro y sin quejarse, hasta que no ha podido m\u00e1s.<br \/>\nEs una m\u00e1quina que se adapta autom\u00e1ticamente a nuestra situaci\u00f3n f\u00edsica y ps\u00edquica, a nuestro estado de \u00e1nimo, trabajando m\u00e1s r\u00e1pido o m\u00e1s lento, con mayor o menor fuerza, seg\u00fan la necesidad del organismo; en perfecta sinton\u00eda con nuestras emociones y sentimientos. \u00bfSabe alguien de otra tan perfecta?<br \/>\nAlgunos cient\u00edficos piensan que puede estar emocionalmente conectado con el cerebro, pues de todos es conocido los riesgos que corre el coraz\u00f3n ante el sufrimiento por alg\u00fan choque emocional, como el accidente o la muerte de un ser querido. Cuando sentimos ansiedad, angustia, miedo, etc., el coraz\u00f3n modifica su ritmo de bombeo, y cuando nos sentimos relajados, felices y contentos imprime otro ritmo, parecido al de una onda sonora musical. Son muchos los que pretenden descifrar los misterios de este \u00f3rgano vital, su inteligencia emocional, y le atribuyen una red neurol\u00f3gica central propia a la que denominan el peque\u00f1o cerebro del coraz\u00f3n.<br \/>\nAntiguamente, el coraz\u00f3n era considerado como el \u00f3rgano individual m\u00e1s importante del ser humano; para los griegos era el centro de la inteligencia y de la vida; el coraz\u00f3n estaba \u00edntimamente relacionado con el alma.<br \/>\n<a href=\"http:\/\/chove.hol.es\/web\/wp-content\/uploads\/2016\/01\/Sin-t\u00edtulo26.png\"><img loading=\"lazy\" decoding=\"async\" class=\"size-full wp-image-346 alignleft\" src=\"http:\/\/chove.hol.es\/web\/wp-content\/uploads\/2016\/01\/Sin-t\u00edtulo26.png\" alt=\"Sin t\u00edtulo\" width=\"376\" height=\"240\" srcset=\"https:\/\/chove.hol.es\/web\/wp-content\/uploads\/2016\/01\/Sin-t\u00edtulo26.png 376w, https:\/\/chove.hol.es\/web\/wp-content\/uploads\/2016\/01\/Sin-t\u00edtulo26-300x191.png 300w\" sizes=\"auto, (max-width: 376px) 100vw, 376px\" \/><\/a>Las religiones ven al coraz\u00f3n como una puerta a la sabidur\u00eda m\u00e1s profunda. La biblia nos invita a hablar de la sabidur\u00eda del coraz\u00f3n y nos dice que es el coraz\u00f3n el que regula las acciones. En \u00e9l se asienta la vida ps\u00edquica de la persona, la vida afectiva, y a \u00e9l se le atribuye la alegr\u00eda, la tristeza, el valor, el des\u00e1nimo, la emoci\u00f3n y el odio. Es la sede de la vida intelectual y el centro de la vida moral.<br \/>\nEn cualquier caso, f\u00edsicamente es un motor capaz de llevar la sangre por miles de kil\u00f3metros de tuber\u00edas, unas m\u00e1s gordas y otras m\u00e1s delgadas, con una precisi\u00f3n asombrosa en la coordinaci\u00f3n de su movimiento de contracci\u00f3n y distensi\u00f3n para recibir y enviar la sangre por nuestro cuerpo; \u00a1algo asombroso!. \u00bfExistir\u00e1 alg\u00fan motor de extracci\u00f3n y elevaci\u00f3n de agua capaz de llevarla tan lejos, alguna m\u00e1quina tan sofisticada?.<br \/>\nUn motor que pasa ignorado durante a\u00f1os, muchos toda la vida, sin que le prestemos la m\u00e1s m\u00ednima atenci\u00f3n ni agradecimiento, ni siquiera el menor reconocimiento, y \u00e9l sigue su cometido con ritmo y m\u00fasica suave, desapercibido, humilde, como si no quisiese molestar.<br \/>\n<a href=\"http:\/\/chove.hol.es\/web\/wp-content\/uploads\/2016\/01\/Sin-t\u00edtulo27.png\"><img loading=\"lazy\" decoding=\"async\" class=\"wp-image-347 alignright\" src=\"http:\/\/chove.hol.es\/web\/wp-content\/uploads\/2016\/01\/Sin-t\u00edtulo27.png\" alt=\"Sin t\u00edtulo\" width=\"300\" height=\"239\" \/><\/a>Y cuando se da a conocer y llama nuestra atenci\u00f3n, en muchos casos nunca, pero en la actualidad cada vez con mayor frecuencia y a m\u00e1s temprana edad, es porque no resiste nuestro desinter\u00e9s, nuestra falta de colaboraci\u00f3n e incluso nuestra obstaculizaci\u00f3n. Generalmente, las irregularidades que manifiesta, las aver\u00edas que sufre, no son inherentes a su constituci\u00f3n sino que son provocadas por la situaci\u00f3n lamentable y de dificultad al que lo sometemos en su trabajo. Este es el caso, tan general, por cierto, de las anginas e infartos provocados por las estenosis o estrechamientos de las coronarias. Estas enfermedades llamadas del coraz\u00f3n no son propias de \u00e9l, que no le queda m\u00e1s remedio que fallar al no llegarle el suministro; son un defecto de las arterias coronarias, pero no del coraz\u00f3n. \u00bfFunciona un motor cualquiera sin fuente de alimentaci\u00f3n, si no le llega corriente el\u00e9ctrica, gasoil o gasolina?. Incluso en este caso concreto de estenosis en las arterias, se da con mucha frecuencia el prodigio de que el propio coraz\u00f3n busca una v\u00eda de abastecimiento alternativo antes de que se corte la que viene utilizando, como ocurre con los bypass coronarios naturales. Es decir, el propio motor procura su arreglo antes de que se produzca la aver\u00eda. \u00bfEs esto normal, ocurre algo parecido con cualquier otra m\u00e1quina?<br \/>\n<a href=\"http:\/\/chove.hol.es\/web\/wp-content\/uploads\/2016\/01\/Sin-t\u00edtulo28.png\"><img loading=\"lazy\" decoding=\"async\" class=\"size-full wp-image-348 alignleft\" src=\"http:\/\/chove.hol.es\/web\/wp-content\/uploads\/2016\/01\/Sin-t\u00edtulo28.png\" alt=\"Sin t\u00edtulo\" width=\"269\" height=\"225\" \/><\/a>El objetivo de la medicina regenerativa es crear un coraz\u00f3n nuevo. La investigaci\u00f3n cient\u00edfica est\u00e1 en el intento de crear un coraz\u00f3n sint\u00e9tico o utilizar \u00f3rganos o partes envejecidas o enfermas para regenerarlas a trav\u00e9s de sus propias c\u00e9lulas. \u00bfSe lograr\u00e1 alg\u00fan d\u00eda sustituir efectivamente al natural?<br \/>\n\u00a1Cu\u00e1nto enigma oculta este peque\u00f1o y prudente \u00f3rgano! Cuando me concentro en estas reflexiones es inevitable pensar en atribuirle caracteres sobrenaturales, a pesar de que todos estos fen\u00f3menos en su funcionamiento tengan una explicaci\u00f3n cient\u00edfica.<br \/>\n\u00a1Ha llegado la hora de volver a la realidad actual!, la matrona nos anuncia que mi nieta no aguanta m\u00e1s la espera, que quiere ocupar su puesto y jugar su papel con todas sus consecuencias en esta familia.<br \/>\n\u00a1Bienvenida seas, Mar\u00eda Eugenia!<\/p>\n<p>Jos\u00e9 Guzm\u00e1n Flores. Chove. Marzo de 2013. Para la revista Vivir con Coraz\u00f3n.<\/p>\n","protected":false},"excerpt":{"rendered":"<p>Hoy, nueve de marzo, he sido abuelo por primera vez; ha venido a engrosar la familia una ni\u00f1a impecable nacida de un parto perfecto de mi hija. En las horas previas a su alumbramiento, cuando todav\u00eda somos los mismos, esperamos con ansiedad su llegada en la sala de dilataci\u00f3n. En la habitaci\u00f3n s\u00f3lo se oye [&hellip;]<\/p>\n","protected":false},"author":2,"featured_media":0,"parent":0,"menu_order":0,"comment_status":"closed","ping_status":"open","template":"","meta":{"footnotes":""},"class_list":["post-342","page","type-page","status-publish","hentry"],"_links":{"self":[{"href":"https:\/\/chove.hol.es\/web\/index.php?rest_route=\/wp\/v2\/pages\/342","targetHints":{"allow":["GET"]}}],"collection":[{"href":"https:\/\/chove.hol.es\/web\/index.php?rest_route=\/wp\/v2\/pages"}],"about":[{"href":"https:\/\/chove.hol.es\/web\/index.php?rest_route=\/wp\/v2\/types\/page"}],"author":[{"embeddable":true,"href":"https:\/\/chove.hol.es\/web\/index.php?rest_route=\/wp\/v2\/users\/2"}],"replies":[{"embeddable":true,"href":"https:\/\/chove.hol.es\/web\/index.php?rest_route=%2Fwp%2Fv2%2Fcomments&post=342"}],"version-history":[{"count":1,"href":"https:\/\/chove.hol.es\/web\/index.php?rest_route=\/wp\/v2\/pages\/342\/revisions"}],"predecessor-version":[{"id":349,"href":"https:\/\/chove.hol.es\/web\/index.php?rest_route=\/wp\/v2\/pages\/342\/revisions\/349"}],"wp:attachment":[{"href":"https:\/\/chove.hol.es\/web\/index.php?rest_route=%2Fwp%2Fv2%2Fmedia&parent=342"}],"curies":[{"name":"wp","href":"https:\/\/api.w.org\/{rel}","templated":true}]}}