{"id":43,"date":"2015-12-22T13:11:08","date_gmt":"2015-12-22T13:11:08","guid":{"rendered":"http:\/\/chove.hol.es\/web\/?page_id=43"},"modified":"2015-12-25T17:17:07","modified_gmt":"2015-12-25T17:17:07","slug":"fotos","status":"publish","type":"page","link":"https:\/\/chove.hol.es\/web\/?page_id=43","title":{"rendered":"Fotos"},"content":{"rendered":"<p>En estos momentos disponemos de las siguientes galer\u00edas de im\u00e1genes:<\/p>\n<ul>\n<li><a href=\"http:\/\/chove.hol.es\/web\/?page_id=67\" title=\"Montefr\u00edo: Historia y Vida de sus Gentes\">Presentaci\u00f3n del libro \u00abMontefr\u00edo: Historia y Vida de sus Gentes (A\u00f1os 50 y 60)\u00bb<\/a><\/li>\n<li><a href=\"http:\/\/chove.hol.es\/web\/?page_id=69\" title=\"Montefr\u00edo: Tempratura, Pluviometr\u00eda y Usos del Agua\">Presentaci\u00f3n del libro \u00abMontefr\u00edo: Temperatura, Pluviometr\u00eda y Usos del Agua\u00bb<\/a><\/li>\n<\/ul>\n","protected":false},"excerpt":{"rendered":"<p>En estos momentos disponemos de las siguientes galer\u00edas de im\u00e1genes: Presentaci\u00f3n del libro \u00abMontefr\u00edo: Historia y Vida de sus Gentes (A\u00f1os 50 y 60)\u00bb Presentaci\u00f3n del libro \u00abMontefr\u00edo: Temperatura, Pluviometr\u00eda y Usos del Agua\u00bb<\/p>\n","protected":false},"author":1,"featured_media":0,"parent":19,"menu_order":0,"comment_status":"closed","ping_status":"open","template":"page-templates\/full-width.php","meta":{"footnotes":""},"class_list":["post-43","page","type-page","status-publish","hentry"],"_links":{"self":[{"href":"https:\/\/chove.hol.es\/web\/index.php?rest_route=\/wp\/v2\/pages\/43","targetHints":{"allow":["GET"]}}],"collection":[{"href":"https:\/\/chove.hol.es\/web\/index.php?rest_route=\/wp\/v2\/pages"}],"about":[{"href":"https:\/\/chove.hol.es\/web\/index.php?rest_route=\/wp\/v2\/types\/page"}],"author":[{"embeddable":true,"href":"https:\/\/chove.hol.es\/web\/index.php?rest_route=\/wp\/v2\/users\/1"}],"replies":[{"embeddable":true,"href":"https:\/\/chove.hol.es\/web\/index.php?rest_route=%2Fwp%2Fv2%2Fcomments&post=43"}],"version-history":[{"count":4,"href":"https:\/\/chove.hol.es\/web\/index.php?rest_route=\/wp\/v2\/pages\/43\/revisions"}],"predecessor-version":[{"id":80,"href":"https:\/\/chove.hol.es\/web\/index.php?rest_route=\/wp\/v2\/pages\/43\/revisions\/80"}],"up":[{"embeddable":true,"href":"https:\/\/chove.hol.es\/web\/index.php?rest_route=\/wp\/v2\/pages\/19"}],"wp:attachment":[{"href":"https:\/\/chove.hol.es\/web\/index.php?rest_route=%2Fwp%2Fv2%2Fmedia&parent=43"}],"curies":[{"name":"wp","href":"https:\/\/api.w.org\/{rel}","templated":true}]}}