{"id":436,"date":"2016-01-13T13:50:03","date_gmt":"2016-01-13T13:50:03","guid":{"rendered":"http:\/\/chove.hol.es\/web\/?page_id=436"},"modified":"2016-01-13T13:50:34","modified_gmt":"2016-01-13T13:50:34","slug":"436-2","status":"publish","type":"page","link":"https:\/\/chove.hol.es\/web\/?page_id=436","title":{"rendered":"Impuestos municipales"},"content":{"rendered":"<p>BOP 10-12-15: MONTEFR\u00cdO: SUBIDA DEL IMPUESTO DE CIRCULACI\u00d3N.<\/p>\n<p>LOS TRACTORES, REMOLQUES Y CICLOMOTORES PAGAN.<\/p>\n<p>B.O.P. n\u00famero 236 Granada, jueves, 10 de diciembre de 2015 P\u00e1gina 29<br \/>\nN\u00daMERO 8.837<br \/>\nAyuntamiento de Montefr\u00edo (GRANADA)<\/p>\n<p>Aprobaci\u00f3n definitiva Ordenanzas Fiscales<\/p>\n<p>EDICTO<\/p>\n<p>Remedios G\u00e1mez Mu\u00f1oz, alcaldesa de Montefr\u00edo, hago saber que habiendo finalizado el plazo para presentaci\u00f3n de reclamaciones contra los acuerdos adoptados por el Ayuntamiento Pleno, en sesi\u00f3n de 3 de septiembre de 2015, y publicados en el B.O.P. n\u00ba. 179, de fecha 17 de septiembre de 2015, relativo a la aprobaci\u00f3n inicial de la \u201cModificaci\u00f3n de la Ordenanza fiscal reguladora del impuesto sobre veh\u00edculos de tracci\u00f3n mec\u00e1nica\u201d, y la imposici\u00f3n de la \u201cOrdenanza fiscal reguladora de la tasa por utilizaci\u00f3n privativa de determinados bienes de dominio p\u00fablico\u201d, sin que se haya formulado reclamaci\u00f3n alguna, de conformidad con lo establecido en el art. 17.3 del Texto Refundido de la Ley reguladora de las Haciendas Locales (RDL 2\/2004 de 5 de marzo), queda elevado a definitivo el acuerdo hasta ahora provisional; lo que se hace p\u00fablico, a los efectos oportunos, con la publicaci\u00f3n del texto de la modificaci\u00f3n en el primero de los casos y del texto \u00edntegro en el segundo de ellos:<\/p>\n<p>1. MODIFICACION DE LA ORDENANZA FISCAL REGULADORA DEL IMPUESTO SOBRE VEH\u00cdCULOS DE<br \/>\nTRACCI\u00d3N MEC\u00c1NICA:<\/p>\n<p>Se da una nueva redacci\u00f3n al art\u00edculo 1, que queda redactado en los siguientes t\u00e9rminos:<\/p>\n<p>1.2. Sin perjuicio de las modificaciones que se puedan practicar mediante la Ley de Presupuestos Generales del Estado, las cuotas del impuesto ser\u00e1n las siguientes, seg\u00fan la potencia y clase de veh\u00edculo:<\/p>\n<p>POTENCIA Y CLASE DE VEHICULO<br \/>\nCUOTA EUROS<\/p>\n<p>A) TURISMOS<br \/>\nDe menos de 8 caballos fiscales 15,14<br \/>\nDe 8 hasta 11,99 caballos fiscales 40,90<br \/>\nDe 12 hasta 15,99 caballos fiscales 86,33<br \/>\nDe 16 hasta 19,99 caballos fiscales 107,53<br \/>\nDe 20 caballos fiscales en adelante 134,40<\/p>\n<p>B) AUTOBUSES<br \/>\nDe menos de 21 plazas 95,80<br \/>\nDe 21 a 50 plazas 136,44<br \/>\nDe m\u00e1s de 50 plazas 170,55<br \/>\nC) CAMIONES<br \/>\nDe menos de 1.000 kg. de carga \u00fatil 46,51<br \/>\nDe 1.000 a 2.999 kg. de carga \u00fatil 91,63<br \/>\nDe 2.999 a 9.999 kg. de carga \u00fatil 130,50<br \/>\nDe m\u00e1s de 9.999 kg. de carga \u00fatil 163,13<\/p>\n<p>D) TRACTORES<br \/>\nDe menos de 16 caballos fiscales 20,32<br \/>\nDe 16 a 25 caballos fiscales 31,94<br \/>\nDe m\u00e1s de 25 caballos fiscales 95,80<\/p>\n<p>E) REMOLQUES Y SEMIREMOLQUES<br \/>\nARRASTRADOS POR VEH\u00cdCULOS DE TRACCI\u00d3N MEC\u00c1NICA<\/p>\n<p>De menos de 1.000 y m\u00e1s de 750 kg. de carga \u00fatil 19,44<br \/>\nDe 1.000 a 2.999 kg. de carga \u00fatil 30,55<br \/>\nDe m\u00e1s de 2.999 kg. de carga \u00fatil 91,63<\/p>\n<p>F) VEH\u00cdCULOS<\/p>\n<p>Ciclomotores 7,51<br \/>\nMotocicletas hasta 125 c.c. 7,51<br \/>\nMotocicletas de m\u00e1s de 125 hasta 250 c.c. 12,87<br \/>\nMotocicletas de m\u00e1s de 250 hasta 500 c.c. 25,76<br \/>\nMotocicletas de m\u00e1s de 500 hasta 1.000 c.c. 51,49<\/p>\n<p>Motocicletas de m\u00e1s de 1.000 c.c. 102,99<\/p>\n<p>2. IMPOSICI\u00d3N DE LA ORDENANZA FISCAL REGULADORA DE LA TASA POR UTILIZACI\u00d3N PRIVATIVA O EL APROVECHAMIENTO ESPECIAL DE DETERMINADOS BIENES DE DOMINIO P\u00daBLICO, TITULARIDAD MUNICIPAL.<\/p>\n<p>LA UTILIZACI\u00d3N DE LA NAVE MULTIUSOS, CASETA MUNICIPAL Y CINE-P\u00d3SITO SE PAGAR\u00c1<\/p>\n<p>Art\u00edculo 1\u00ba. FUNDAMENTO Y R\u00c9GIMEN<\/p>\n<p>En uso de las facultades concedidas por los art\u00edculos 133.2 y 142 de la Constituci\u00f3n y por el art\u00edculo 106 de la Ley 7\/1.985, de 2 de abril, reguladora de las Bases de R\u00e9gimen Local, y de conformidad con lo dispuesto en los art\u00edculos 15 a 27 del Real Decreto Legislativo 2\/2004, de 5 de marzo que aprueba el Texto Refundido de la Ley reguladora de las Haciendas Locales, este ayuntamiento establece la tasa por utilizaci\u00f3n privativa de los bienes de dominio p\u00fablico municipal, excluidas las v\u00edas p\u00fablicas, parques y jardines, que se regular\u00e1 por la presente Ordenanza, redactada conforme a lo dispuesto en los art\u00edculos 20.3) del citado Real Decreto Legislativo.<\/p>\n<p>Art\u00edculo 4\u00ba. CUOTA TRIBUTARIA<br \/>\nLa cuota a abonar por esta tasa ser\u00e1 la siguiente seg\u00fan el bien objeto de la cesi\u00f3n, el car\u00e1cter de la actividad o acto a desarrollar y de la duraci\u00f3n de la actividad:<\/p>\n<p>A) NAVE MULTIUSOS, CASETA MUNICIPAL Y CINE-P\u00d3SITO.<\/p>\n<p>A.1.- ACTIVIDADES Y CELEBRACIONES DE CAR\u00c1CTER NO LUCRATIVO, como bodas, bautizos, etc.: 400 euros.<\/p>\n<p>A.2.- ACTIVIDADES DE CAR\u00c1CTER LUCRATIVO: 800 euros.<\/p>\n<p>Cuando la actividad tenga una duraci\u00f3n superior a un d\u00eda, por cada d\u00eda adicional la cuota se incrementara un 20%.<\/p>\n<p>En la autorizaci\u00f3n de utilizaci\u00f3n privativa se entender\u00e1n incluidos los trabajos preparatorios y de recogida, aunque excedan del d\u00eda autorizado.<\/p>\n<p>B) RESTO DE BIENES DE DOMINIO P\u00daBLICO MUNICIPALES, EXCLUIDAS VIAS P\u00daBLICAS Y LOS PARQUES Y JARDINES.<\/p>\n<p>B.1.- ACTIVIDADES Y CELEBRACIONES DE CAR\u00c1CTER NO LUCRATIVO, como bodas, bautizos, etc.: 200 euros.<\/p>\n<p>B.2.- ACTIVIDADES DE CAR\u00c1CTER LUCRATIVO: 300 euros.<\/p>\n<p>Cuando la actividad tenga una duraci\u00f3n superior a un d\u00eda, por cada d\u00eda adicional la cuota se incrementara un 20%.<\/p>\n","protected":false},"excerpt":{"rendered":"<p>BOP 10-12-15: MONTEFR\u00cdO: SUBIDA DEL IMPUESTO DE CIRCULACI\u00d3N. LOS TRACTORES, REMOLQUES Y CICLOMOTORES PAGAN. B.O.P. n\u00famero 236 Granada, jueves, 10 de diciembre de 2015 P\u00e1gina 29 N\u00daMERO 8.837 Ayuntamiento de Montefr\u00edo (GRANADA) Aprobaci\u00f3n definitiva Ordenanzas Fiscales EDICTO Remedios G\u00e1mez Mu\u00f1oz, alcaldesa de Montefr\u00edo, hago saber que habiendo finalizado el plazo para presentaci\u00f3n de reclamaciones contra [&hellip;]<\/p>\n","protected":false},"author":2,"featured_media":0,"parent":0,"menu_order":0,"comment_status":"closed","ping_status":"open","template":"","meta":{"footnotes":""},"class_list":["post-436","page","type-page","status-publish","hentry"],"_links":{"self":[{"href":"https:\/\/chove.hol.es\/web\/index.php?rest_route=\/wp\/v2\/pages\/436","targetHints":{"allow":["GET"]}}],"collection":[{"href":"https:\/\/chove.hol.es\/web\/index.php?rest_route=\/wp\/v2\/pages"}],"about":[{"href":"https:\/\/chove.hol.es\/web\/index.php?rest_route=\/wp\/v2\/types\/page"}],"author":[{"embeddable":true,"href":"https:\/\/chove.hol.es\/web\/index.php?rest_route=\/wp\/v2\/users\/2"}],"replies":[{"embeddable":true,"href":"https:\/\/chove.hol.es\/web\/index.php?rest_route=%2Fwp%2Fv2%2Fcomments&post=436"}],"version-history":[{"count":2,"href":"https:\/\/chove.hol.es\/web\/index.php?rest_route=\/wp\/v2\/pages\/436\/revisions"}],"predecessor-version":[{"id":438,"href":"https:\/\/chove.hol.es\/web\/index.php?rest_route=\/wp\/v2\/pages\/436\/revisions\/438"}],"wp:attachment":[{"href":"https:\/\/chove.hol.es\/web\/index.php?rest_route=%2Fwp%2Fv2%2Fmedia&parent=436"}],"curies":[{"name":"wp","href":"https:\/\/api.w.org\/{rel}","templated":true}]}}