{"id":46,"date":"2015-12-22T18:14:13","date_gmt":"2015-12-22T18:14:13","guid":{"rendered":"http:\/\/chove.hol.es\/web\/?page_id=46"},"modified":"2017-01-10T18:32:13","modified_gmt":"2017-01-10T18:32:13","slug":"videos","status":"publish","type":"page","link":"https:\/\/chove.hol.es\/web\/?page_id=46","title":{"rendered":"V\u00eddeos"},"content":{"rendered":"<div class=\"ytp-html5-clipboard\">En estos momentos disponemos de videos sobre las siguientes tem\u00e1ticas:<\/div>\n<div class=\"ytp-html5-clipboard\"><\/div>\n<ul>\n<li class=\"ytp-html5-clipboard\"><a title=\"Montefr\u00edo: Historia y Vida de sus Gentes\" href=\"http:\/\/chove.hol.es\/web\/?page_id=244\">Montefr\u00edo: Historia y Vida de sus Gentes<\/a><\/li>\n<li class=\"ytp-html5-clipboard\"><a title=\"CD Coplas Carnaval y Candelaria Montefr\u00edo\" href=\"http:\/\/chove.hol.es\/web\/?page_id=250\">CD Colas Candelaria y Carnavales Montefr\u00edo<\/a><\/li>\n<li class=\"ytp-html5-clipboard\"><a title=\"Libro La Candelaria y el Carnaval Montefrie\u00f1os\" href=\"http:\/\/chove.hol.es\/web\/?page_id=512\">Libro La Candelaria y el Carnaval Montefrie\u00f1oso<\/a><\/li>\n<li class=\"ytp-html5-clipboard\"><a title=\"Composiciones Propias\" href=\"http:\/\/chove.hol.es\/web\/?page_id=639\">Composiciones Propias<\/a><\/li>\n<\/ul>\n","protected":false},"excerpt":{"rendered":"<p>En estos momentos disponemos de videos sobre las siguientes tem\u00e1ticas: Montefr\u00edo: Historia y Vida de sus Gentes CD Colas Candelaria y Carnavales Montefr\u00edo Libro La Candelaria y el Carnaval Montefrie\u00f1oso Composiciones Propias<\/p>\n","protected":false},"author":1,"featured_media":0,"parent":19,"menu_order":0,"comment_status":"closed","ping_status":"open","template":"page-templates\/full-width.php","meta":{"footnotes":""},"class_list":["post-46","page","type-page","status-publish","hentry"],"_links":{"self":[{"href":"https:\/\/chove.hol.es\/web\/index.php?rest_route=\/wp\/v2\/pages\/46","targetHints":{"allow":["GET"]}}],"collection":[{"href":"https:\/\/chove.hol.es\/web\/index.php?rest_route=\/wp\/v2\/pages"}],"about":[{"href":"https:\/\/chove.hol.es\/web\/index.php?rest_route=\/wp\/v2\/types\/page"}],"author":[{"embeddable":true,"href":"https:\/\/chove.hol.es\/web\/index.php?rest_route=\/wp\/v2\/users\/1"}],"replies":[{"embeddable":true,"href":"https:\/\/chove.hol.es\/web\/index.php?rest_route=%2Fwp%2Fv2%2Fcomments&post=46"}],"version-history":[{"count":2,"href":"https:\/\/chove.hol.es\/web\/index.php?rest_route=\/wp\/v2\/pages\/46\/revisions"}],"predecessor-version":[{"id":246,"href":"https:\/\/chove.hol.es\/web\/index.php?rest_route=\/wp\/v2\/pages\/46\/revisions\/246"}],"up":[{"embeddable":true,"href":"https:\/\/chove.hol.es\/web\/index.php?rest_route=\/wp\/v2\/pages\/19"}],"wp:attachment":[{"href":"https:\/\/chove.hol.es\/web\/index.php?rest_route=%2Fwp%2Fv2%2Fmedia&parent=46"}],"curies":[{"name":"wp","href":"https:\/\/api.w.org\/{rel}","templated":true}]}}