{"id":59,"date":"2015-12-22T18:41:33","date_gmt":"2015-12-22T18:41:33","guid":{"rendered":"http:\/\/chove.hol.es\/web\/?page_id=59"},"modified":"2023-12-30T12:26:44","modified_gmt":"2023-12-30T12:26:44","slug":"audios","status":"publish","type":"page","link":"https:\/\/chove.hol.es\/web\/?page_id=59","title":{"rendered":"Audios"},"content":{"rendered":"<p>Ofrecemos audios del CD de coplas y de otras composiciones:<\/p>\n<p><strong>CD Coplas Carnaval y Candelaria<\/strong><\/p>\n<ul>\n<li>Candelarias:<\/li>\n<\/ul>\n<ol>\n<li>Vola Volanda<audio class=\"wp-audio-shortcode\" id=\"audio-59-1\" preload=\"none\" style=\"width: 100%;\" controls=\"controls\"><source type=\"audio\/mpeg\" src=\"http:\/\/chove.hol.es\/web\/wp-content\/uploads\/2015\/12\/01-Vola-Volanda.mp3?_=1\" \/><a href=\"http:\/\/chove.hol.es\/web\/wp-content\/uploads\/2015\/12\/01-Vola-Volanda.mp3\">http:\/\/chove.hol.es\/web\/wp-content\/uploads\/2015\/12\/01-Vola-Volanda.mp3<\/a><\/audio><\/li>\n<li>Ya vienen las Candelarias<audio class=\"wp-audio-shortcode\" id=\"audio-59-2\" preload=\"none\" style=\"width: 100%;\" controls=\"controls\"><source type=\"audio\/mpeg\" src=\"http:\/\/chove.hol.es\/web\/wp-content\/uploads\/2015\/12\/02-Ya-vienen-las-candelarias.mp3?_=2\" \/><a href=\"http:\/\/chove.hol.es\/web\/wp-content\/uploads\/2015\/12\/02-Ya-vienen-las-candelarias.mp3\">http:\/\/chove.hol.es\/web\/wp-content\/uploads\/2015\/12\/02-Ya-vienen-las-candelarias.mp3<\/a><\/audio><\/li>\n<li>Que la quiero ver bailar<audio class=\"wp-audio-shortcode\" id=\"audio-59-3\" preload=\"none\" style=\"width: 100%;\" controls=\"controls\"><source type=\"audio\/mpeg\" src=\"http:\/\/chove.hol.es\/web\/wp-content\/uploads\/2015\/12\/03.-Que-la-quiero-ver-bailar.mp3?_=3\" \/><a href=\"http:\/\/chove.hol.es\/web\/wp-content\/uploads\/2015\/12\/03.-Que-la-quiero-ver-bailar.mp3\">http:\/\/chove.hol.es\/web\/wp-content\/uploads\/2015\/12\/03.-Que-la-quiero-ver-bailar.mp3<\/a><\/audio><\/li>\n<li>Ech\u00e9 un lim\u00f3n a rodar<audio class=\"wp-audio-shortcode\" id=\"audio-59-4\" preload=\"none\" style=\"width: 100%;\" controls=\"controls\"><source type=\"audio\/mpeg\" src=\"http:\/\/chove.hol.es\/web\/wp-content\/uploads\/2015\/12\/04.-Ech\u00e9-un-lim\u00f3n-a-roar.mp3?_=4\" \/><a href=\"http:\/\/chove.hol.es\/web\/wp-content\/uploads\/2015\/12\/04.-Ech\u00e9-un-lim\u00f3n-a-roar.mp3\">http:\/\/chove.hol.es\/web\/wp-content\/uploads\/2015\/12\/04.-Ech\u00e9-un-lim\u00f3n-a-roar.mp3<\/a><\/audio><\/li>\n<li>El Perrito Blanco y Negro<audio class=\"wp-audio-shortcode\" id=\"audio-59-5\" preload=\"none\" style=\"width: 100%;\" controls=\"controls\"><source type=\"audio\/mpeg\" src=\"http:\/\/chove.hol.es\/web\/wp-content\/uploads\/2015\/12\/05.-El-perrito-blanco-y-negro.mp3?_=5\" \/><a href=\"http:\/\/chove.hol.es\/web\/wp-content\/uploads\/2015\/12\/05.-El-perrito-blanco-y-negro.mp3\">http:\/\/chove.hol.es\/web\/wp-content\/uploads\/2015\/12\/05.-El-perrito-blanco-y-negro.mp3<\/a><\/audio><\/li>\n<li>!Ay Ch\u00fangala\u00a1<audio class=\"wp-audio-shortcode\" id=\"audio-59-6\" preload=\"none\" style=\"width: 100%;\" controls=\"controls\"><source type=\"audio\/mpeg\" src=\"http:\/\/chove.hol.es\/web\/wp-content\/uploads\/2015\/12\/06.-\u00a1Ay-Ch\u00fangala.mp3?_=6\" \/><a href=\"http:\/\/chove.hol.es\/web\/wp-content\/uploads\/2015\/12\/06.-\u00a1Ay-Ch\u00fangala.mp3\">http:\/\/chove.hol.es\/web\/wp-content\/uploads\/2015\/12\/06.-\u00a1Ay-Ch\u00fangala.mp3<\/a><\/audio><\/li>\n<li>Gorigori<audio class=\"wp-audio-shortcode\" id=\"audio-59-7\" preload=\"none\" style=\"width: 100%;\" controls=\"controls\"><source type=\"audio\/mpeg\" src=\"http:\/\/chove.hol.es\/web\/wp-content\/uploads\/2015\/12\/07.-Gorigori.mp3?_=7\" \/><a href=\"http:\/\/chove.hol.es\/web\/wp-content\/uploads\/2015\/12\/07.-Gorigori.mp3\">http:\/\/chove.hol.es\/web\/wp-content\/uploads\/2015\/12\/07.-Gorigori.mp3<\/a><\/audio><\/li>\n<li>Habas com\u00ed el lunes<audio class=\"wp-audio-shortcode\" id=\"audio-59-8\" preload=\"none\" style=\"width: 100%;\" controls=\"controls\"><source type=\"audio\/mpeg\" src=\"http:\/\/chove.hol.es\/web\/wp-content\/uploads\/2015\/12\/08.-Habas-com\u00ed-el-lunes.mp3?_=8\" \/><a href=\"http:\/\/chove.hol.es\/web\/wp-content\/uploads\/2015\/12\/08.-Habas-com\u00ed-el-lunes.mp3\">http:\/\/chove.hol.es\/web\/wp-content\/uploads\/2015\/12\/08.-Habas-com\u00ed-el-lunes.mp3<\/a><\/audio><\/li>\n<li>Para pillar un pollo<audio class=\"wp-audio-shortcode\" id=\"audio-59-9\" preload=\"none\" style=\"width: 100%;\" controls=\"controls\"><source type=\"audio\/mpeg\" src=\"http:\/\/chove.hol.es\/web\/wp-content\/uploads\/2015\/12\/09.-Para-pillar-un-pollo.mp3?_=9\" \/><a href=\"http:\/\/chove.hol.es\/web\/wp-content\/uploads\/2015\/12\/09.-Para-pillar-un-pollo.mp3\">http:\/\/chove.hol.es\/web\/wp-content\/uploads\/2015\/12\/09.-Para-pillar-un-pollo.mp3<\/a><\/audio><\/li>\n<li>Para qu\u00e9 te pones flores<audio class=\"wp-audio-shortcode\" id=\"audio-59-10\" preload=\"none\" style=\"width: 100%;\" controls=\"controls\"><source type=\"audio\/mpeg\" src=\"http:\/\/chove.hol.es\/web\/wp-content\/uploads\/2015\/12\/10.-Para-qu\u00e9-te-pones-flores.mp3?_=10\" \/><a href=\"http:\/\/chove.hol.es\/web\/wp-content\/uploads\/2015\/12\/10.-Para-qu\u00e9-te-pones-flores.mp3\">http:\/\/chove.hol.es\/web\/wp-content\/uploads\/2015\/12\/10.-Para-qu\u00e9-te-pones-flores.mp3<\/a><\/audio><\/li>\n<li>Parejilla Novios<audio class=\"wp-audio-shortcode\" id=\"audio-59-11\" preload=\"none\" style=\"width: 100%;\" controls=\"controls\"><source type=\"audio\/mpeg\" src=\"http:\/\/chove.hol.es\/web\/wp-content\/uploads\/2015\/12\/11.-Parejilla-novios.mp3?_=11\" \/><a href=\"http:\/\/chove.hol.es\/web\/wp-content\/uploads\/2015\/12\/11.-Parejilla-novios.mp3\">http:\/\/chove.hol.es\/web\/wp-content\/uploads\/2015\/12\/11.-Parejilla-novios.mp3<\/a><\/audio><\/li>\n<\/ol>\n<ul>\n<li>Carnaval:<\/li>\n<\/ul>\n<ol>\n<li>Carnaval, carnaval<audio class=\"wp-audio-shortcode\" id=\"audio-59-12\" preload=\"none\" style=\"width: 100%;\" controls=\"controls\"><source type=\"audio\/mpeg\" src=\"http:\/\/chove.hol.es\/web\/wp-content\/uploads\/2015\/12\/12.-Carnaval-carnaval.mp3?_=12\" \/><a href=\"http:\/\/chove.hol.es\/web\/wp-content\/uploads\/2015\/12\/12.-Carnaval-carnaval.mp3\">http:\/\/chove.hol.es\/web\/wp-content\/uploads\/2015\/12\/12.-Carnaval-carnaval.mp3<\/a><\/audio><\/li>\n<li>Mascarilla<audio class=\"wp-audio-shortcode\" id=\"audio-59-13\" preload=\"none\" style=\"width: 100%;\" controls=\"controls\"><source type=\"audio\/mpeg\" src=\"http:\/\/chove.hol.es\/web\/wp-content\/uploads\/2015\/12\/13.-Mascarilla.mp3?_=13\" \/><a href=\"http:\/\/chove.hol.es\/web\/wp-content\/uploads\/2015\/12\/13.-Mascarilla.mp3\">http:\/\/chove.hol.es\/web\/wp-content\/uploads\/2015\/12\/13.-Mascarilla.mp3<\/a><\/audio><\/li>\n<li>Los quintos<audio class=\"wp-audio-shortcode\" id=\"audio-59-14\" preload=\"none\" style=\"width: 100%;\" controls=\"controls\"><source type=\"audio\/mpeg\" src=\"http:\/\/chove.hol.es\/web\/wp-content\/uploads\/2015\/12\/14.-Los-quintos.mp3?_=14\" \/><a href=\"http:\/\/chove.hol.es\/web\/wp-content\/uploads\/2015\/12\/14.-Los-quintos.mp3\">http:\/\/chove.hol.es\/web\/wp-content\/uploads\/2015\/12\/14.-Los-quintos.mp3<\/a><\/audio><\/li>\n<li>Por aquella ventana<audio class=\"wp-audio-shortcode\" id=\"audio-59-15\" preload=\"none\" style=\"width: 100%;\" controls=\"controls\"><source type=\"audio\/mpeg\" src=\"http:\/\/chove.hol.es\/web\/wp-content\/uploads\/2015\/12\/15.-Por-aquella-ventana.mp3?_=15\" \/><a href=\"http:\/\/chove.hol.es\/web\/wp-content\/uploads\/2015\/12\/15.-Por-aquella-ventana.mp3\">http:\/\/chove.hol.es\/web\/wp-content\/uploads\/2015\/12\/15.-Por-aquella-ventana.mp3<\/a><\/audio><\/li>\n<li>Eres alta como un huevo<audio class=\"wp-audio-shortcode\" id=\"audio-59-16\" preload=\"none\" style=\"width: 100%;\" controls=\"controls\"><source type=\"audio\/mpeg\" src=\"http:\/\/chove.hol.es\/web\/wp-content\/uploads\/2015\/12\/16.-Eres-alta-como-un-huevo.mp3?_=16\" \/><a href=\"http:\/\/chove.hol.es\/web\/wp-content\/uploads\/2015\/12\/16.-Eres-alta-como-un-huevo.mp3\">http:\/\/chove.hol.es\/web\/wp-content\/uploads\/2015\/12\/16.-Eres-alta-como-un-huevo.mp3<\/a><\/audio><\/li>\n<li>Todas las suegras merecen<audio class=\"wp-audio-shortcode\" id=\"audio-59-17\" preload=\"none\" style=\"width: 100%;\" controls=\"controls\"><source type=\"audio\/mpeg\" src=\"http:\/\/chove.hol.es\/web\/wp-content\/uploads\/2015\/12\/17.-Las-suegras.mp3?_=17\" \/><a href=\"http:\/\/chove.hol.es\/web\/wp-content\/uploads\/2015\/12\/17.-Las-suegras.mp3\">http:\/\/chove.hol.es\/web\/wp-content\/uploads\/2015\/12\/17.-Las-suegras.mp3<\/a><\/audio><\/li>\n<li>A Granada a Comisiones<audio class=\"wp-audio-shortcode\" id=\"audio-59-18\" preload=\"none\" style=\"width: 100%;\" controls=\"controls\"><source type=\"audio\/mpeg\" src=\"http:\/\/chove.hol.es\/web\/wp-content\/uploads\/2015\/12\/18.-A-Granada-comisiones.mp3?_=18\" \/><a href=\"http:\/\/chove.hol.es\/web\/wp-content\/uploads\/2015\/12\/18.-A-Granada-comisiones.mp3\">http:\/\/chove.hol.es\/web\/wp-content\/uploads\/2015\/12\/18.-A-Granada-comisiones.mp3<\/a><\/audio><\/li>\n<li>Las autoridades<audio class=\"wp-audio-shortcode\" id=\"audio-59-19\" preload=\"none\" style=\"width: 100%;\" controls=\"controls\"><source type=\"audio\/mpeg\" src=\"http:\/\/chove.hol.es\/web\/wp-content\/uploads\/2015\/12\/19.-Las-autoridades.mp3?_=19\" \/><a href=\"http:\/\/chove.hol.es\/web\/wp-content\/uploads\/2015\/12\/19.-Las-autoridades.mp3\">http:\/\/chove.hol.es\/web\/wp-content\/uploads\/2015\/12\/19.-Las-autoridades.mp3<\/a><\/audio><\/li>\n<li>Un beato de este pueblo<audio class=\"wp-audio-shortcode\" id=\"audio-59-20\" preload=\"none\" style=\"width: 100%;\" controls=\"controls\"><source type=\"audio\/mpeg\" src=\"http:\/\/chove.hol.es\/web\/wp-content\/uploads\/2015\/12\/20.-Un-beato.mp3?_=20\" \/><a href=\"http:\/\/chove.hol.es\/web\/wp-content\/uploads\/2015\/12\/20.-Un-beato.mp3\">http:\/\/chove.hol.es\/web\/wp-content\/uploads\/2015\/12\/20.-Un-beato.mp3<\/a><\/audio><\/li>\n<li>San Juan<audio class=\"wp-audio-shortcode\" id=\"audio-59-21\" preload=\"none\" style=\"width: 100%;\" controls=\"controls\"><source type=\"audio\/mpeg\" src=\"http:\/\/chove.hol.es\/web\/wp-content\/uploads\/2015\/12\/21.-San-Juan.mp3?_=21\" \/><a href=\"http:\/\/chove.hol.es\/web\/wp-content\/uploads\/2015\/12\/21.-San-Juan.mp3\">http:\/\/chove.hol.es\/web\/wp-content\/uploads\/2015\/12\/21.-San-Juan.mp3<\/a><\/audio><\/li>\n<li>Arrinc\u00f3namela<audio class=\"wp-audio-shortcode\" id=\"audio-59-22\" preload=\"none\" style=\"width: 100%;\" controls=\"controls\"><source type=\"audio\/mpeg\" src=\"http:\/\/chove.hol.es\/web\/wp-content\/uploads\/2015\/12\/22.-Arrinc\u00f3namela.mp3?_=22\" \/><a href=\"http:\/\/chove.hol.es\/web\/wp-content\/uploads\/2015\/12\/22.-Arrinc\u00f3namela.mp3\">http:\/\/chove.hol.es\/web\/wp-content\/uploads\/2015\/12\/22.-Arrinc\u00f3namela.mp3<\/a><\/audio><\/li>\n<li>Las ni\u00f1as<audio class=\"wp-audio-shortcode\" id=\"audio-59-23\" preload=\"none\" style=\"width: 100%;\" controls=\"controls\"><source type=\"audio\/mpeg\" src=\"http:\/\/chove.hol.es\/web\/wp-content\/uploads\/2015\/12\/23.-Las-ni\u00f1as.mp3?_=23\" \/><a href=\"http:\/\/chove.hol.es\/web\/wp-content\/uploads\/2015\/12\/23.-Las-ni\u00f1as.mp3\">http:\/\/chove.hol.es\/web\/wp-content\/uploads\/2015\/12\/23.-Las-ni\u00f1as.mp3<\/a><\/audio><\/li>\n<li>Seisdeos<audio class=\"wp-audio-shortcode\" id=\"audio-59-24\" preload=\"none\" style=\"width: 100%;\" controls=\"controls\"><source type=\"audio\/mpeg\" src=\"http:\/\/chove.hol.es\/web\/wp-content\/uploads\/2015\/12\/24.-Seisdeos.mp3?_=24\" \/><a href=\"http:\/\/chove.hol.es\/web\/wp-content\/uploads\/2015\/12\/24.-Seisdeos.mp3\">http:\/\/chove.hol.es\/web\/wp-content\/uploads\/2015\/12\/24.-Seisdeos.mp3<\/a><\/audio><\/li>\n<\/ol>\n<p><strong>Otras composiciones<\/strong><\/p>\n<ul>\n<li>Si yo tuviera un amor<\/li>\n<li><audio class=\"wp-audio-shortcode\" id=\"audio-59-25\" preload=\"none\" style=\"width: 100%;\" controls=\"controls\"><source type=\"audio\/mpeg\" src=\"http:\/\/chove.hol.es\/web\/wp-content\/uploads\/2023\/12\/Si-yo-tuviera-un-amor.Def_.mp3?_=25\" \/><a href=\"http:\/\/chove.hol.es\/web\/wp-content\/uploads\/2023\/12\/Si-yo-tuviera-un-amor.Def_.mp3\">http:\/\/chove.hol.es\/web\/wp-content\/uploads\/2023\/12\/Si-yo-tuviera-un-amor.Def_.mp3<\/a><\/audio><\/li>\n<li>Pajaritos<\/li>\n<li><audio class=\"wp-audio-shortcode\" id=\"audio-59-26\" preload=\"none\" style=\"width: 100%;\" controls=\"controls\"><source type=\"audio\/mpeg\" src=\"http:\/\/chove.hol.es\/web\/wp-content\/uploads\/2015\/12\/pajaritos.mp3?_=26\" \/><a href=\"http:\/\/chove.hol.es\/web\/wp-content\/uploads\/2015\/12\/pajaritos.mp3\">http:\/\/chove.hol.es\/web\/wp-content\/uploads\/2015\/12\/pajaritos.mp3<\/a><\/audio><\/li>\n<li>Cierra los ojitos. Melod\u00eda<audio class=\"wp-audio-shortcode\" id=\"audio-59-27\" preload=\"none\" style=\"width: 100%;\" controls=\"controls\"><source type=\"audio\/mpeg\" src=\"http:\/\/chove.hol.es\/web\/wp-content\/uploads\/2015\/12\/Cierra-los-ojitos1.mp3?_=27\" \/><a href=\"http:\/\/chove.hol.es\/web\/wp-content\/uploads\/2015\/12\/Cierra-los-ojitos1.mp3\">http:\/\/chove.hol.es\/web\/wp-content\/uploads\/2015\/12\/Cierra-los-ojitos1.mp3<\/a><\/audio><\/li>\n<li>Du\u00e9rmete ya mi ni\u00f1a<audio class=\"wp-audio-shortcode\" id=\"audio-59-28\" preload=\"none\" style=\"width: 100%;\" controls=\"controls\"><source type=\"audio\/mpeg\" src=\"http:\/\/chove.hol.es\/web\/wp-content\/uploads\/2015\/12\/Du\u00e9rmete-mi-ni\u00f1a.coro_.mp3?_=28\" \/><a href=\"http:\/\/chove.hol.es\/web\/wp-content\/uploads\/2015\/12\/Du\u00e9rmete-mi-ni\u00f1a.coro_.mp3\">http:\/\/chove.hol.es\/web\/wp-content\/uploads\/2015\/12\/Du\u00e9rmete-mi-ni\u00f1a.coro_.mp3<\/a><\/audio><\/li>\n<li>Mar\u00eda. Villancico<\/li>\n<li><audio class=\"wp-audio-shortcode\" id=\"audio-59-29\" preload=\"none\" style=\"width: 100%;\" controls=\"controls\"><source type=\"audio\/mpeg\" src=\"http:\/\/chove.hol.es\/web\/wp-content\/uploads\/2015\/12\/MAR\u00cdA-CORO-.mp3?_=29\" \/><a href=\"http:\/\/chove.hol.es\/web\/wp-content\/uploads\/2015\/12\/MAR\u00cdA-CORO-.mp3\">http:\/\/chove.hol.es\/web\/wp-content\/uploads\/2015\/12\/MAR\u00cdA-CORO-.mp3<\/a><\/audio><\/li>\n<li>S\u00e9 que existo<\/li>\n<li><audio class=\"wp-audio-shortcode\" id=\"audio-59-30\" preload=\"none\" style=\"width: 100%;\" controls=\"controls\"><source type=\"audio\/mpeg\" src=\"http:\/\/chove.hol.es\/web\/wp-content\/uploads\/2015\/12\/S\u00c9-QUE-EXISTO.-Coro.-final.mp3?_=30\" \/><a href=\"http:\/\/chove.hol.es\/web\/wp-content\/uploads\/2015\/12\/S\u00c9-QUE-EXISTO.-Coro.-final.mp3\">http:\/\/chove.hol.es\/web\/wp-content\/uploads\/2015\/12\/S\u00c9-QUE-EXISTO.-Coro.-final.mp3<\/a><\/audio><\/li>\n<li>Qu\u00e9 suerte<\/li>\n<li><audio class=\"wp-audio-shortcode\" id=\"audio-59-31\" preload=\"none\" style=\"width: 100%;\" controls=\"controls\"><source type=\"audio\/mpeg\" src=\"http:\/\/chove.hol.es\/web\/wp-content\/uploads\/2015\/12\/Qu\u00e9-suerte-CORO.mp3?_=31\" \/><a href=\"http:\/\/chove.hol.es\/web\/wp-content\/uploads\/2015\/12\/Qu\u00e9-suerte-CORO.mp3\">http:\/\/chove.hol.es\/web\/wp-content\/uploads\/2015\/12\/Qu\u00e9-suerte-CORO.mp3<\/a><\/audio><\/li>\n<li>Te quiero porque s\u00ed<\/li>\n<li><audio class=\"wp-audio-shortcode\" id=\"audio-59-32\" preload=\"none\" style=\"width: 100%;\" controls=\"controls\"><source type=\"audio\/mpeg\" src=\"http:\/\/chove.hol.es\/web\/wp-content\/uploads\/2015\/12\/Te-quiero-porque-s\u00ed.-Coro.mp3?_=32\" \/><a href=\"http:\/\/chove.hol.es\/web\/wp-content\/uploads\/2015\/12\/Te-quiero-porque-s\u00ed.-Coro.mp3\">http:\/\/chove.hol.es\/web\/wp-content\/uploads\/2015\/12\/Te-quiero-porque-s\u00ed.-Coro.mp3<\/a><\/audio>\n<p>Cierra los Ojitos. Coro<\/p>\n<audio class=\"wp-audio-shortcode\" id=\"audio-59-33\" preload=\"none\" style=\"width: 100%;\" controls=\"controls\"><source type=\"audio\/mpeg\" src=\"http:\/\/chove.hol.es\/web\/wp-content\/uploads\/2015\/12\/Cierra-los-ojitos2.mp3?_=33\" \/><a href=\"http:\/\/chove.hol.es\/web\/wp-content\/uploads\/2015\/12\/Cierra-los-ojitos2.mp3\">http:\/\/chove.hol.es\/web\/wp-content\/uploads\/2015\/12\/Cierra-los-ojitos2.mp3<\/a><\/audio>\n<p>Vivo sin vivir en m\u00ed<\/p>\n<audio class=\"wp-audio-shortcode\" id=\"audio-59-34\" preload=\"none\" style=\"width: 100%;\" controls=\"controls\"><source type=\"audio\/mpeg\" src=\"http:\/\/chove.hol.es\/web\/wp-content\/uploads\/2015\/12\/Vivo-sin-Vivir-en-M\u00ed.mp3?_=34\" \/><a href=\"http:\/\/chove.hol.es\/web\/wp-content\/uploads\/2015\/12\/Vivo-sin-Vivir-en-M\u00ed.mp3\">http:\/\/chove.hol.es\/web\/wp-content\/uploads\/2015\/12\/Vivo-sin-Vivir-en-M\u00ed.mp3<\/a><\/audio>\n<p>Volver\u00e9<\/p>\n<audio class=\"wp-audio-shortcode\" id=\"audio-59-35\" preload=\"none\" style=\"width: 100%;\" controls=\"controls\"><source type=\"audio\/mpeg\" src=\"http:\/\/chove.hol.es\/web\/wp-content\/uploads\/2015\/12\/VOLVER\u00c9.ARMON\u00cdA.mp3?_=35\" \/><a href=\"http:\/\/chove.hol.es\/web\/wp-content\/uploads\/2015\/12\/VOLVER\u00c9.ARMON\u00cdA.mp3\">http:\/\/chove.hol.es\/web\/wp-content\/uploads\/2015\/12\/VOLVER\u00c9.ARMON\u00cdA.mp3<\/a><\/audio>\n<p>Hoy es nochebuena<\/p>\n<p><audio class=\"wp-audio-shortcode\" id=\"audio-59-36\" preload=\"none\" style=\"width: 100%;\" controls=\"controls\"><source type=\"audio\/mpeg\" src=\"http:\/\/chove.hol.es\/web\/wp-content\/uploads\/2015\/12\/Hoy-es-Nochebuena.coro_.-Villancico.mp3?_=36\" \/><a href=\"http:\/\/chove.hol.es\/web\/wp-content\/uploads\/2015\/12\/Hoy-es-Nochebuena.coro_.-Villancico.mp3\">http:\/\/chove.hol.es\/web\/wp-content\/uploads\/2015\/12\/Hoy-es-Nochebuena.coro_.-Villancico.mp3<\/a><\/audio><\/li>\n<\/ul>\n","protected":false},"excerpt":{"rendered":"<p>Ofrecemos audios del CD de coplas y de otras composiciones: CD Coplas Carnaval y Candelaria Candelarias: Vola Volanda Ya vienen las Candelarias Que la quiero ver bailar Ech\u00e9 un lim\u00f3n a rodar El Perrito Blanco y Negro !Ay Ch\u00fangala\u00a1 Gorigori Habas com\u00ed el lunes Para pillar un pollo Para qu\u00e9 te pones flores Parejilla Novios [&hellip;]<\/p>\n","protected":false},"author":2,"featured_media":0,"parent":94,"menu_order":0,"comment_status":"open","ping_status":"open","template":"","meta":{"footnotes":""},"class_list":["post-59","page","type-page","status-publish","hentry"],"_links":{"self":[{"href":"https:\/\/chove.hol.es\/web\/index.php?rest_route=\/wp\/v2\/pages\/59","targetHints":{"allow":["GET"]}}],"collection":[{"href":"https:\/\/chove.hol.es\/web\/index.php?rest_route=\/wp\/v2\/pages"}],"about":[{"href":"https:\/\/chove.hol.es\/web\/index.php?rest_route=\/wp\/v2\/types\/page"}],"author":[{"embeddable":true,"href":"https:\/\/chove.hol.es\/web\/index.php?rest_route=\/wp\/v2\/users\/2"}],"replies":[{"embeddable":true,"href":"https:\/\/chove.hol.es\/web\/index.php?rest_route=%2Fwp%2Fv2%2Fcomments&post=59"}],"version-history":[{"count":37,"href":"https:\/\/chove.hol.es\/web\/index.php?rest_route=\/wp\/v2\/pages\/59\/revisions"}],"predecessor-version":[{"id":1135,"href":"https:\/\/chove.hol.es\/web\/index.php?rest_route=\/wp\/v2\/pages\/59\/revisions\/1135"}],"up":[{"embeddable":true,"href":"https:\/\/chove.hol.es\/web\/index.php?rest_route=\/wp\/v2\/pages\/94"}],"wp:attachment":[{"href":"https:\/\/chove.hol.es\/web\/index.php?rest_route=%2Fwp%2Fv2%2Fmedia&parent=59"}],"curies":[{"name":"wp","href":"https:\/\/api.w.org\/{rel}","templated":true}]}}