{"id":696,"date":"2017-11-13T20:05:38","date_gmt":"2017-11-13T20:05:38","guid":{"rendered":"http:\/\/chove.hol.es\/web\/?page_id=696"},"modified":"2017-11-13T20:05:38","modified_gmt":"2017-11-13T20:05:38","slug":"la-prision-eludible-con-fianza","status":"publish","type":"page","link":"https:\/\/chove.hol.es\/web\/?page_id=696","title":{"rendered":"La prisi\u00f3n eludible con fianza"},"content":{"rendered":"<p><strong>La prisi\u00f3n eludible con fianza <\/strong><\/p>\n<p><strong>\u00a0<\/strong><\/p>\n<p>Vaya por delante mi convencido respeto a la justicia, tribunales y jueces, pero en estos d\u00edas se est\u00e1n produciendo unos hechos que chirr\u00edan en mi l\u00f3gico proceso mental; la justicia no siempre es justa como principio moral.<\/p>\n<p>La condici\u00f3n para que un imputado por delito vaya a la c\u00e1rcel de manera preventiva, en el caso de prisi\u00f3n eludible con fianza, no depende s\u00f3lo de la gravedad del delito ni de ninguna otra consideraci\u00f3n de prevenci\u00f3n, como fuga, eliminaci\u00f3n de pruebas, probabilidad de reincidir, etc. Depende en \u00faltima instancia de la capacidad econ\u00f3mica del imputado para pagar la fianza, de si tiene dinero o puede disponer de \u00e9l f\u00e1cilmente. Es decir, pienso yo, si no tienes dinero vas a la c\u00e1rcel y si dispones del \u00e9l quedas libre, por lo que se deduce que si vas a la c\u00e1rcel no es porque hayas hecho algo malo sino porque no tienes dinero, y, por consiguiente, la conclusi\u00f3n ser\u00eda que el no tener dinero es el mayor delito.<\/p>\n<p>En cualquier caso, no todos los chorizos son iguales en rendir cuentas ante la justicia.<\/p>\n<p>La prisi\u00f3n eludible con fianza es un recurso que s\u00f3lo sirve para los ricos, pudientes y poderosos, porque los pobres y proletarios nunca podr\u00e1n hacer uso de ella.<\/p>\n<p>Para que todos seamos iguales, todo el que merezca la c\u00e1rcel deber\u00eda purgarla, tenga o no tenga dinero o poder.<\/p>\n<p>&nbsp;<\/p>\n<p>Chove, noviembre de 2017<\/p>\n","protected":false},"excerpt":{"rendered":"<p>La prisi\u00f3n eludible con fianza \u00a0 Vaya por delante mi convencido respeto a la justicia, tribunales y jueces, pero en estos d\u00edas se est\u00e1n produciendo unos hechos que chirr\u00edan en mi l\u00f3gico proceso mental; la justicia no siempre es justa como principio moral. La condici\u00f3n para que un imputado por delito vaya a la c\u00e1rcel [&hellip;]<\/p>\n","protected":false},"author":2,"featured_media":0,"parent":0,"menu_order":0,"comment_status":"open","ping_status":"open","template":"","meta":{"footnotes":""},"class_list":["post-696","page","type-page","status-publish","hentry"],"_links":{"self":[{"href":"https:\/\/chove.hol.es\/web\/index.php?rest_route=\/wp\/v2\/pages\/696","targetHints":{"allow":["GET"]}}],"collection":[{"href":"https:\/\/chove.hol.es\/web\/index.php?rest_route=\/wp\/v2\/pages"}],"about":[{"href":"https:\/\/chove.hol.es\/web\/index.php?rest_route=\/wp\/v2\/types\/page"}],"author":[{"embeddable":true,"href":"https:\/\/chove.hol.es\/web\/index.php?rest_route=\/wp\/v2\/users\/2"}],"replies":[{"embeddable":true,"href":"https:\/\/chove.hol.es\/web\/index.php?rest_route=%2Fwp%2Fv2%2Fcomments&post=696"}],"version-history":[{"count":1,"href":"https:\/\/chove.hol.es\/web\/index.php?rest_route=\/wp\/v2\/pages\/696\/revisions"}],"predecessor-version":[{"id":697,"href":"https:\/\/chove.hol.es\/web\/index.php?rest_route=\/wp\/v2\/pages\/696\/revisions\/697"}],"wp:attachment":[{"href":"https:\/\/chove.hol.es\/web\/index.php?rest_route=%2Fwp%2Fv2%2Fmedia&parent=696"}],"curies":[{"name":"wp","href":"https:\/\/api.w.org\/{rel}","templated":true}]}}