{"id":956,"date":"2022-09-30T17:38:26","date_gmt":"2022-09-30T17:38:26","guid":{"rendered":"http:\/\/chove.hol.es\/web\/?page_id=956"},"modified":"2022-09-30T19:19:05","modified_gmt":"2022-09-30T19:19:05","slug":"prologo-paco-cano","status":"publish","type":"page","link":"https:\/\/chove.hol.es\/web\/?page_id=956","title":{"rendered":"Pr\u00f3logo &#8211; Paco Cano"},"content":{"rendered":"\n<ul class=\"wp-block-list\"><li><a href=\"http:\/\/chove.hol.es\/web\/?page_id=952\">Introducci\u00f3n al libro<\/a><\/li><li><a href=\"http:\/\/chove.hol.es\/web\/?page_id=960\">Saluda del Alcalde<\/a><\/li><li><a href=\"http:\/\/chove.hol.es\/web\/?page_id=961\" title=\"Saluda del Conejal de Cultura\">Saluda del Concejal de Cultura<\/a><\/li><li><a href=\"http:\/\/chove.hol.es\/web\/?page_id=968\">Ir a fotos de la presentaci\u00f3n<\/a><\/li><li><a href=\"http:\/\/chove.hol.es\/web\/?page_id=103\">Prensa digital<\/a><\/li><li><a href=\"http:\/\/chove.hol.es\/web\/?page_id=991\">Fotos de las marcas<\/a><\/li><\/ul>\n\n\n\n<p>De nuevo tenemos entre las manos una obra de Jos\u00e9 Guzm\u00e1n Flores, de \u201cCHOVE\u201d. Como las anteriores, es fruto del cari\u00f1o por cualquier aspecto relacionado con Montefr\u00edo y de su sensibilidad hacia todo lo que se refiere a la historia, costumbres, intereses y, en suma, la vida de la tierra donde naci\u00f3. Del mismo modo, es de destacar su curiosidad y su capacidad para el esfuerzo de investigar tanto los aspectos m\u00e1s evidentes y llamativos de la historia, la geograf\u00eda, las tradiciones populares, y cualquier expresi\u00f3n del folklore (en su m\u00e1s noble acepci\u00f3n) de \u201csu pueblo\u201d: Montefr\u00edo. De otra parte, en esta ocasi\u00f3n pone su atenci\u00f3n en un aspecto igualmente interesante,\u00a0 que puede haber pasado m\u00e1s desapercibido a muchas personas. \u00a0El tema del trabajo que nos ofrece en la presente publicaci\u00f3n pudi\u00e9ramos establecerlo en ese segundo grupo de las particularidades del monumento menos percibidas por el com\u00fan de la gente.<\/p>\n\n\n\n<p>&nbsp;&nbsp;&nbsp;&nbsp;&nbsp;&nbsp;&nbsp;&nbsp;&nbsp;&nbsp;&nbsp;&nbsp;&nbsp;&nbsp;&nbsp; Es un trabajo que nos llama la atenci\u00f3n sobre un aspecto desconocido para la gran mayor\u00eda de montefrie\u00f1os o de visitantes y no por ello menos importante. Algo que est\u00e1 a la vista de todos desde hace m\u00e1s de doscientos a\u00f1os y, sin embargo, pasa totalmente desapercibido a la mayor parte de los que viven, hemos vivido o visitan &nbsp;Montefr\u00edo.<\/p>\n\n\n\n<p>&nbsp;&nbsp;&nbsp;&nbsp;&nbsp;&nbsp;&nbsp;&nbsp;&nbsp;&nbsp;&nbsp;&nbsp;&nbsp;&nbsp;&nbsp; Tengo que confesar que me acerqu\u00e9 a su lectura con una predisposici\u00f3n positiva, sobrevenida por la cercan\u00eda con su autor: primero fue&nbsp; alumno (claro ejemplo de aquello de \u201c<em>el alumno supera al maestro\u201d<\/em>), despu\u00e9s compa\u00f1ero y siempre paisano y amigo. Sin embargo, creo honestamente que se trata de una aportaci\u00f3n muy valiosa para a\u00f1adir una faceta m\u00e1s a las muchas que puede presentar el conocimiento de un monumento tan singular e importante como es la IGLESIA DE LA ENCARNACI\u00d3N DE MONTEFR\u00cdO.<\/p>\n\n\n\n<p>&nbsp;&nbsp;&nbsp;&nbsp;&nbsp;&nbsp;&nbsp;&nbsp;&nbsp;&nbsp;&nbsp;&nbsp;&nbsp;&nbsp;&nbsp; Puede parecer, a priori, un asunto menor el <strong><u>estudio de los signos de canter\u00eda<\/u><\/strong>, pero cualquier resto, indicio, se\u00f1al, etc. en una construcci\u00f3n arquitect\u00f3nica puede aportar un dato que ayude a completar el conocimiento sobre su estudio. La decoraci\u00f3n epigr\u00e1fica est\u00e1 presente en la arquitectura de muchas civilizaciones como, entre otras, pueden servir de ejemplo la egipcia o la musulmana. Los fines var\u00edan desde un af\u00e1n de perdurar en el tiempo, hasta una intenci\u00f3n de exaltaci\u00f3n pol\u00edtica o religiosa. Tambi\u00e9n&nbsp; podr\u00eda ser, en este caso, sencillamente un dato t\u00e9cnico para facilitar la colocaci\u00f3n del sillar, o bien, &nbsp;de contabilidad para cobrar su realizaci\u00f3n. Por deformaci\u00f3n cultural, puede parecer que la canter\u00eda es un oficio artesano propio de las Edades de la Historia pasada, pero nada m\u00e1s alejado de la realidad; hoy contin\u00faa siendo un aporte esencial, uno m\u00e1s, entre los necesarios para la construcci\u00f3n y, sobre todo, para la rehabilitaci\u00f3n de importantes edificios singulares o hist\u00f3ricos.<\/p>\n\n\n\n<p>Como curiosidad contempor\u00e1nea puede citarse un caso anecd\u00f3tico ocurrido en la ciudad de Trujillo en los primeros a\u00f1os setenta del siglo XX. La torre de la iglesia de Trujillo (C\u00e1ceres) de Santa Mar\u00eda la Mayor (del siglo XIII) fue demolida, en parte, a causa de los da\u00f1os del terremoto de Lisboa del a\u00f1o 1755. En 1971, la Direcci\u00f3n General de Bellas Artes decidi\u00f3 reconstruir los dos cuerpos de la torre rom\u00e1nica. Era tarea del <strong>maestro cantero <\/strong>dise\u00f1ar los 52 capiteles de la torre, adem\u00e1s de otro centenar de elementos arquitect\u00f3nicos, sin repetir ning\u00fan motivo decorativo. A punto de acabar la obra, faltaba esculpir un capitel y el cantero manifest\u00f3 haber agotado su creatividad. Aficionado al equipo de f\u00fatbol del Atl\u00e9tico de Bilbao, propuso que ese \u00faltimo capitel llevase grabado el escudo del citado club deportivo. Y as\u00ed se puede ver, desde entonces, en un bloque de 200 kg, en lo m\u00e1s alto de la torre. El propio Director General de Bellas Artes se person\u00f3 en Trujillo para recabar informaci\u00f3n sobre este, para \u00e9l, ins\u00f3lito hecho. El arquitecto director de la obra le argument\u00f3 que lo hab\u00eda autorizado por ser un motivo escult\u00f3rico \u00fatil para que generaciones futuras puedan datar la fecha de la rehabilitaci\u00f3n. Y ah\u00ed qued\u00f3 todo.<\/p>\n\n\n\n<p>En el libro que nos ocupa, el rigor, la metodolog\u00eda y la dedicaci\u00f3n de tiempo, medios, bibliograf\u00eda y esfuerzo en general, dan como resultado un texto que nos engancha en su lectura desde el primer p\u00e1rrafo hasta el \u00faltimo y, como consecuencia, de un modo placentero, sin que se pierda ni un \u00e1pice de rigor cient\u00edfico, iremos acerc\u00e1ndonos a un mundo fascinante como se supone que fue la construcci\u00f3n de un edificio de proporciones extraordinarias, con una geometr\u00eda arquitect\u00f3nica muy diferente a la mayor\u00eda de los templos de su \u00e9poca, de anteriores y posteriores.<\/p>\n\n\n\n<p>En el estudio de cualquier monumento, lo com\u00fan es destacar al autor del proyecto y nadie discute su gran importancia y la justicia de ese proceder. Pero, en cualquier engranaje, todas y cada una de las piezas son indispensables para su correcto funcionamiento. A veces, dejamos escapar la observaci\u00f3n y valoraci\u00f3n de la perfecci\u00f3n que supone la labor de un <strong>artesano<\/strong> dentro del contexto de una obra de arte, que no llegar\u00eda a ser tal sin esa colaboraci\u00f3n, en segundo plano, de unos profesionales a los que su cualificaci\u00f3n les ha obligado a un esfuerzo y estudio de muchos a\u00f1os que adem\u00e1s conlleva una carga de experiencia y nada desde\u00f1able.<\/p>\n\n\n\n<p>S\u00f3lo presentarnos esa faceta, puede ser suficiente para apreciar el contenido de un trabajo como el que ten\u00e9is entre manos. Aunque no se limita a ello: podr\u00eda decirse que <strong>hace justicia social<\/strong> cuando nos ense\u00f1a el valor y la importancia de trabajadores, an\u00f3nimos en su mayor\u00eda, que son indispensables y extraordinariamente h\u00e1biles en la estereotom\u00eda para conseguir unos sillares, millares de ellos, que encajan a la perfecci\u00f3n hasta lograr una obra con una <strong>c\u00fapula<\/strong> colosal, objeto de estudio y admiraci\u00f3n, que ha sido comparada a obras inmortales de la Historia como el Pante\u00f3n de Agripa en Roma,&nbsp; Santa Sof\u00eda de Constantinopla o San Pedro del Vaticano. Su destreza profesional, fruto de muchos a\u00f1os de duro aprendizaje, consigue con un material de gran dureza como es la piedra, una perfecci\u00f3n de orfebre; los sillares son piezas que ensamblan como si de una joya o de un mecanismo de alta precisi\u00f3n se tratase.<\/p>\n\n\n\n<p>La curiosidad que motiva este libro nos acerca a un estudio de la epigraf\u00eda presente en diversas partes de la iglesia de La Encarnaci\u00f3n de Montefr\u00edo con un rigor y una erudici\u00f3n que se difumina con la sencillez y claridad de la exposici\u00f3n, pero&nbsp; que no le resta el m\u00e1s m\u00ednimo valor cient\u00edfico y did\u00e1ctico.<\/p>\n\n\n\n<p>El reportaje fotogr\u00e1fico que acompa\u00f1a al texto, adem\u00e1s de su calidad, maestr\u00eda y precisi\u00f3n, es otro aliciente m\u00e1s que se a\u00f1ade para la perfecta comprensi\u00f3n de todo lo expresado a lo largo de la exposici\u00f3n por la que nos gu\u00eda su autor. Nos acerca materialmente a esos s\u00edmbolos que, a simple vista y desde la distancia, no son f\u00e1ciles de distinguir.<\/p>\n\n\n\n<p>Resulta muy interesante la percepci\u00f3n diferenciadora de las graf\u00edas que nos muestra y que, en funci\u00f3n de la forma, su lugar de colocaci\u00f3n y si est\u00e1 grabada en la piedra o ha sido realizada con pintura, son &nbsp;clasificadas y explicadas exhaustivamente a la vez que aporta su opini\u00f3n razonada del porqu\u00e9 y el c\u00f3mo, en cada caso.<\/p>\n\n\n\n<p>Finaliza con una relaci\u00f3n de personas que participaron en la edificaci\u00f3n y con un excelente reportaje fotogr\u00e1fico, al que se a\u00f1ade una interesante bibliograf\u00eda que a\u00f1ade autoridad a todo lo expresado en el texto y puede ser muy \u00fatil para aquellos lectores que se hayan sentido atra\u00eddos por el tema de la canter\u00eda y quieran profundizar en algunos aspectos o circunstancias de ese trabajo.<\/p>\n\n\n\n<p>No me queda m\u00e1s que desearles que disfruten de su lectura como yo lo he hecho.<\/p>\n\n\n\n<p>Francisco Cano Lara, en Granada, marzo de 2.022<\/p>\n","protected":false},"excerpt":{"rendered":"<p>Introducci\u00f3n al libro Saluda del Alcalde Saluda del Concejal de Cultura Ir a fotos de la presentaci\u00f3n Prensa digital Fotos de las marcas De nuevo tenemos entre las manos una obra de Jos\u00e9 Guzm\u00e1n Flores, de \u201cCHOVE\u201d. Como las anteriores, es fruto del cari\u00f1o por cualquier aspecto relacionado con Montefr\u00edo y de su sensibilidad hacia [&hellip;]<\/p>\n","protected":false},"author":1,"featured_media":0,"parent":0,"menu_order":0,"comment_status":"closed","ping_status":"closed","template":"","meta":{"footnotes":""},"class_list":["post-956","page","type-page","status-publish","hentry"],"_links":{"self":[{"href":"https:\/\/chove.hol.es\/web\/index.php?rest_route=\/wp\/v2\/pages\/956","targetHints":{"allow":["GET"]}}],"collection":[{"href":"https:\/\/chove.hol.es\/web\/index.php?rest_route=\/wp\/v2\/pages"}],"about":[{"href":"https:\/\/chove.hol.es\/web\/index.php?rest_route=\/wp\/v2\/types\/page"}],"author":[{"embeddable":true,"href":"https:\/\/chove.hol.es\/web\/index.php?rest_route=\/wp\/v2\/users\/1"}],"replies":[{"embeddable":true,"href":"https:\/\/chove.hol.es\/web\/index.php?rest_route=%2Fwp%2Fv2%2Fcomments&post=956"}],"version-history":[{"count":6,"href":"https:\/\/chove.hol.es\/web\/index.php?rest_route=\/wp\/v2\/pages\/956\/revisions"}],"predecessor-version":[{"id":1051,"href":"https:\/\/chove.hol.es\/web\/index.php?rest_route=\/wp\/v2\/pages\/956\/revisions\/1051"}],"wp:attachment":[{"href":"https:\/\/chove.hol.es\/web\/index.php?rest_route=%2Fwp%2Fv2%2Fmedia&parent=956"}],"curies":[{"name":"wp","href":"https:\/\/api.w.org\/{rel}","templated":true}]}}