{"id":960,"date":"2022-09-30T17:51:07","date_gmt":"2022-09-30T17:51:07","guid":{"rendered":"http:\/\/chove.hol.es\/web\/?page_id=960"},"modified":"2022-09-30T19:19:10","modified_gmt":"2022-09-30T19:19:10","slug":"saluda-del-alcade","status":"publish","type":"page","link":"https:\/\/chove.hol.es\/web\/?page_id=960","title":{"rendered":"Saluda del Alcade"},"content":{"rendered":"\n<ul class=\"wp-block-list\"><li><a href=\"http:\/\/chove.hol.es\/web\/?page_id=952\">Introducci\u00f3n al libro<\/a><\/li><li><a href=\"http:\/\/chove.hol.es\/web\/?page_id=961\" title=\"Saluda del Conejal de Cultura\">Saluda del Concejal de Cultura<\/a><\/li><li><a href=\"http:\/\/chove.hol.es\/web\/?page_id=956\">Pr\u00f3logo &#8211; Paco Cano<\/a><\/li><li><a href=\"http:\/\/chove.hol.es\/web\/?page_id=968\">Ir a fotos de la presentaci\u00f3n<\/a><\/li><li><a href=\"http:\/\/chove.hol.es\/web\/?page_id=103\">Prensa digital<\/a><\/li><li><a href=\"http:\/\/chove.hol.es\/web\/?page_id=991\">Fotos de las marcas<\/a><\/li><\/ul>\n\n\n\n<p>El documento que hoy presentamos, elaborado por el amigo Chove, supone una incursi\u00f3n m\u00e1s en la fecunda historia de nuestro pueblo. Y es que Montefr\u00edo es un lugar privilegiado en el que su vasto patrimonio ofrece m\u00faltiples posibilidades para que los estudiosos del arte y la historia indaguen en las diversas vertientes que, desde hace siglos, permanecen ocultas a los ojos del profano.<\/p>\n\n\n\n<p>&nbsp;&nbsp;&nbsp;&nbsp;&nbsp;&nbsp;&nbsp;&nbsp;&nbsp;&nbsp;&nbsp;&nbsp;&nbsp;&nbsp;&nbsp;&nbsp;&nbsp;&nbsp; El conocimiento de nuestra historia nos hace m\u00e1s grandes como sociedad y m\u00e1s fuertes como personas. Por ello, es obligatorio que los poderes p\u00fablicos alentemos y fomentemos todo tipo de estudios que nos hagan conocedores de nuestro origen y nuestra evoluci\u00f3n.<\/p>\n\n\n\n<p>&nbsp;&nbsp;&nbsp;&nbsp;&nbsp;&nbsp;&nbsp;&nbsp;&nbsp;&nbsp;&nbsp;&nbsp;&nbsp;&nbsp;&nbsp;&nbsp;&nbsp;&nbsp; Aplaudimos con entusiasmo y agradecemos la dedicaci\u00f3n que pone el autor en dar a conocer la idiosincrasia de nuestro pueblo con la publicaci\u00f3n de este, su cuarto libro, y la constante difusi\u00f3n de Montefr\u00edo y sus gentes, a trav\u00e9s de innumerables art\u00edculos que podemos encontrar en su blog&nbsp; <a href=\"http:\/\/chove.hol.es\/web\/\">http:\/\/chove.hol.es\/web\/<\/a> .<\/p>\n\n\n\n<p>&nbsp;&nbsp;&nbsp;&nbsp;&nbsp;&nbsp;&nbsp;&nbsp;&nbsp;&nbsp;&nbsp;&nbsp;&nbsp;&nbsp;&nbsp;&nbsp;&nbsp;&nbsp;&nbsp;&nbsp;&nbsp;&nbsp;&nbsp;&nbsp;&nbsp;&nbsp;&nbsp;&nbsp;&nbsp;&nbsp;&nbsp;&nbsp;&nbsp;&nbsp;&nbsp;&nbsp;&nbsp;&nbsp;&nbsp;&nbsp;&nbsp;&nbsp;&nbsp;&nbsp;&nbsp;&nbsp;&nbsp;&nbsp;&nbsp;&nbsp;&nbsp;&nbsp;&nbsp;&nbsp;&nbsp;&nbsp;&nbsp;&nbsp;&nbsp;&nbsp;&nbsp;&nbsp;&nbsp;&nbsp;&nbsp; AGUST\u00cdN GARC\u00edA MORENO<\/p>\n\n\n\n<p>&nbsp;&nbsp;&nbsp;&nbsp;&nbsp;&nbsp;&nbsp;&nbsp;&nbsp;&nbsp;&nbsp;&nbsp;&nbsp;&nbsp;&nbsp;&nbsp;&nbsp;&nbsp;&nbsp;&nbsp;&nbsp;&nbsp;&nbsp;&nbsp;&nbsp;&nbsp;&nbsp;&nbsp;&nbsp;&nbsp;&nbsp;&nbsp;&nbsp;&nbsp;&nbsp;&nbsp;&nbsp;&nbsp;&nbsp;&nbsp;&nbsp;&nbsp;&nbsp;&nbsp;&nbsp;&nbsp; ALCALDE EN FUNCIONES DE MONTEFR\u00cdO<\/p>\n","protected":false},"excerpt":{"rendered":"<p>Introducci\u00f3n al libro Saluda del Concejal de Cultura Pr\u00f3logo &#8211; Paco Cano Ir a fotos de la presentaci\u00f3n Prensa digital Fotos de las marcas El documento que hoy presentamos, elaborado por el amigo Chove, supone una incursi\u00f3n m\u00e1s en la fecunda historia de nuestro pueblo. Y es que Montefr\u00edo es un lugar privilegiado en el [&hellip;]<\/p>\n","protected":false},"author":1,"featured_media":0,"parent":0,"menu_order":0,"comment_status":"closed","ping_status":"closed","template":"","meta":{"footnotes":""},"class_list":["post-960","page","type-page","status-publish","hentry"],"_links":{"self":[{"href":"https:\/\/chove.hol.es\/web\/index.php?rest_route=\/wp\/v2\/pages\/960","targetHints":{"allow":["GET"]}}],"collection":[{"href":"https:\/\/chove.hol.es\/web\/index.php?rest_route=\/wp\/v2\/pages"}],"about":[{"href":"https:\/\/chove.hol.es\/web\/index.php?rest_route=\/wp\/v2\/types\/page"}],"author":[{"embeddable":true,"href":"https:\/\/chove.hol.es\/web\/index.php?rest_route=\/wp\/v2\/users\/1"}],"replies":[{"embeddable":true,"href":"https:\/\/chove.hol.es\/web\/index.php?rest_route=%2Fwp%2Fv2%2Fcomments&post=960"}],"version-history":[{"count":5,"href":"https:\/\/chove.hol.es\/web\/index.php?rest_route=\/wp\/v2\/pages\/960\/revisions"}],"predecessor-version":[{"id":1049,"href":"https:\/\/chove.hol.es\/web\/index.php?rest_route=\/wp\/v2\/pages\/960\/revisions\/1049"}],"wp:attachment":[{"href":"https:\/\/chove.hol.es\/web\/index.php?rest_route=%2Fwp%2Fv2%2Fmedia&parent=960"}],"curies":[{"name":"wp","href":"https:\/\/api.w.org\/{rel}","templated":true}]}}