{"id":961,"date":"2022-09-30T17:51:10","date_gmt":"2022-09-30T17:51:10","guid":{"rendered":"http:\/\/chove.hol.es\/web\/?page_id=961"},"modified":"2022-09-30T19:19:12","modified_gmt":"2022-09-30T19:19:12","slug":"saluda-del-concejal-de-cultura","status":"publish","type":"page","link":"https:\/\/chove.hol.es\/web\/?page_id=961","title":{"rendered":"Saluda del Concejal de Cultura"},"content":{"rendered":"\n<ul class=\"wp-block-list\"><li><a href=\"http:\/\/chove.hol.es\/web\/?page_id=952\">Introducci\u00f3n al libro<\/a><\/li><li><a href=\"http:\/\/chove.hol.es\/web\/?page_id=960\">Saluda del Alcalde<\/a><\/li><li><a href=\"http:\/\/chove.hol.es\/web\/?page_id=956\">Pr\u00f3logo &#8211; Paco Cano<\/a><\/li><li><a href=\"http:\/\/chove.hol.es\/web\/?page_id=968\">Ir a fotos de la presentaci\u00f3n<\/a><\/li><li><a href=\"http:\/\/chove.hol.es\/web\/?page_id=103\">Prensa digital<\/a><\/li><li><a href=\"http:\/\/chove.hol.es\/web\/?page_id=991\">Fotos de las marcas<\/a><\/li><\/ul>\n\n\n\n<p><strong>Miguel \u00c1ngel Camacho Guzm\u00e1n<\/strong><\/p>\n\n\n\n<p><strong>Concejal de Turismo, Cultura y Fiestas Ayuntamiento de Montefr\u00edo<\/strong><\/p>\n\n\n\n<p>Desde la Concejal\u00eda de Cultura, nos congratulamos de la edici\u00f3n del presente volumen que viene a enriquecer el conocimiento del extraordinario patrimonio que alberga el municipio de Montefr\u00edo.<\/p>\n\n\n\n<p>Siempre es motivo de alegr\u00eda dar la bienvenida a la producci\u00f3n de estudios y cualquier otro material que aporte una informaci\u00f3n m\u00e1s precisa y en profundidad sobre nuestro municipio. En este caso concreto sobre uno de los elementos m\u00e1s destacados del patrimonio cultural material de Montefr\u00edo y una de las m\u00e1s grandes e importantes iglesias neocl\u00e1sicas espa\u00f1olas, <strong>La iglesia de la Encarnaci\u00f3n<\/strong>. Dicho monumento fue declarado Bien de Inter\u00e9s Cultural (BIC) en el BOE de 3\/06\/1983, prueba de su valor tanto monumental como patrimonial al m\u00e1s alto nivel.<\/p>\n\n\n\n<p>Creemos muy conveniente el presente estudio que se centra en todo lo concerniente al trabajo de canter\u00eda del edificio, ya que el mayor valor de la iglesia de la Encarnaci\u00f3n radica en la obra minuciosa y concienzuda de ejecuci\u00f3n de los muros de canter\u00eda que la constituyen. Como ya se recoge en algunos materiales editados por este Ayuntamiento, la Iglesia de la Encarnaci\u00f3n, conf\u00eda sus cualidades est\u00e9ticas a la solidez, sobriedad, solemnidad y espacialidad que le aporta la geometr\u00eda y escala del espacio; caracter\u00edsticas que hacen muy complicado encontrar en la arquitectura espa\u00f1ola un espacio de la pureza est\u00e9tica y proporciones que este templo posee. De ah\u00ed lo oportuno del presente estudio que viene a aumentar el conocimiento sobre dicho monumento.<\/p>\n\n\n\n<p>Desde esta Concejal\u00eda queremos felicitar a &nbsp;Jos\u00e9 Guzm\u00e1n Flores por el presente estudio y agradecerle que siga trabajando, como ya ha venido haciendo con la edici\u00f3n de otros materiales sobre el acervo inmaterial de Montefr\u00edo,&nbsp; en su aportaci\u00f3n al conocimiento de las tradiciones y el patrimonio de nuestro municipio; ayudando a extender su conocimiento y puesta en valor.<\/p>\n","protected":false},"excerpt":{"rendered":"<p>Introducci\u00f3n al libro Saluda del Alcalde Pr\u00f3logo &#8211; Paco Cano Ir a fotos de la presentaci\u00f3n Prensa digital Fotos de las marcas Miguel \u00c1ngel Camacho Guzm\u00e1n Concejal de Turismo, Cultura y Fiestas Ayuntamiento de Montefr\u00edo Desde la Concejal\u00eda de Cultura, nos congratulamos de la edici\u00f3n del presente volumen que viene a enriquecer el conocimiento del [&hellip;]<\/p>\n","protected":false},"author":1,"featured_media":0,"parent":0,"menu_order":0,"comment_status":"closed","ping_status":"closed","template":"","meta":{"footnotes":""},"class_list":["post-961","page","type-page","status-publish","hentry"],"_links":{"self":[{"href":"https:\/\/chove.hol.es\/web\/index.php?rest_route=\/wp\/v2\/pages\/961","targetHints":{"allow":["GET"]}}],"collection":[{"href":"https:\/\/chove.hol.es\/web\/index.php?rest_route=\/wp\/v2\/pages"}],"about":[{"href":"https:\/\/chove.hol.es\/web\/index.php?rest_route=\/wp\/v2\/types\/page"}],"author":[{"embeddable":true,"href":"https:\/\/chove.hol.es\/web\/index.php?rest_route=\/wp\/v2\/users\/1"}],"replies":[{"embeddable":true,"href":"https:\/\/chove.hol.es\/web\/index.php?rest_route=%2Fwp%2Fv2%2Fcomments&post=961"}],"version-history":[{"count":6,"href":"https:\/\/chove.hol.es\/web\/index.php?rest_route=\/wp\/v2\/pages\/961\/revisions"}],"predecessor-version":[{"id":1050,"href":"https:\/\/chove.hol.es\/web\/index.php?rest_route=\/wp\/v2\/pages\/961\/revisions\/1050"}],"wp:attachment":[{"href":"https:\/\/chove.hol.es\/web\/index.php?rest_route=%2Fwp%2Fv2%2Fmedia&parent=961"}],"curies":[{"name":"wp","href":"https:\/\/api.w.org\/{rel}","templated":true}]}}