{"id":99,"date":"2015-12-23T11:57:51","date_gmt":"2015-12-23T11:57:51","guid":{"rendered":"http:\/\/chove.hol.es\/web\/?page_id=99"},"modified":"2024-10-30T21:00:27","modified_gmt":"2024-10-30T21:00:27","slug":"libros","status":"publish","type":"page","link":"https:\/\/chove.hol.es\/web\/?page_id=99","title":{"rendered":"Libros"},"content":{"rendered":"<p>Estos son todos los libros publicados:<\/p>\n<p><a title=\"Montefr\u00edo: Historia y Vidad de sus Gentes (A\u00f1os 50 y 60)\" href=\"http:\/\/chove.hol.es\/web\/?page_id=120\">Montefr\u00edo: Historia y Vidad de sus Gentes (A\u00f1os 50 y 60)<\/a><\/p>\n<p><a title=\"Montefr\u00edo: Temperatura, Pluviometr\u00eda y Usos del Agua\" href=\"http:\/\/chove.hol.es\/web\/?page_id=133\">Montefr\u00edo: Temperatura, Pluviometr\u00eda y Usos del Agua<\/a><\/p>\n<p><a title=\"La Candelaria y el Carnaval Montefrie\u00f1o\" href=\"http:\/\/chove.hol.es\/web\/?page_id=261\">La Candelaria y el Carnaval Montefrie\u00f1o<\/a><\/p>\n<p><a href=\"http:\/\/chove.hol.es\/web\/?page_id=952\">Las marcas de Cantero en la Iglesia de la Encarnaci\u00f3n de Montefr\u00edo<\/a><\/p>\n<p><a href=\"https:\/\/chove.hol.es\/web\/?page_id=1190\">Orientaci\u00f3n e Iluminaci\u00f3n de la Iglesia de la Encarnaci\u00f3n de Montefr\u00edo<\/a><\/p>\n","protected":false},"excerpt":{"rendered":"<p>Estos son todos los libros publicados: Montefr\u00edo: Historia y Vidad de sus Gentes (A\u00f1os 50 y 60) Montefr\u00edo: Temperatura, Pluviometr\u00eda y Usos del Agua La Candelaria y el Carnaval Montefrie\u00f1o Las marcas de Cantero en la Iglesia de la Encarnaci\u00f3n de Montefr\u00edo Orientaci\u00f3n e Iluminaci\u00f3n de la Iglesia de la Encarnaci\u00f3n de Montefr\u00edo<\/p>\n","protected":false},"author":1,"featured_media":0,"parent":12,"menu_order":0,"comment_status":"closed","ping_status":"open","template":"","meta":{"footnotes":""},"class_list":["post-99","page","type-page","status-publish","hentry"],"_links":{"self":[{"href":"https:\/\/chove.hol.es\/web\/index.php?rest_route=\/wp\/v2\/pages\/99","targetHints":{"allow":["GET"]}}],"collection":[{"href":"https:\/\/chove.hol.es\/web\/index.php?rest_route=\/wp\/v2\/pages"}],"about":[{"href":"https:\/\/chove.hol.es\/web\/index.php?rest_route=\/wp\/v2\/types\/page"}],"author":[{"embeddable":true,"href":"https:\/\/chove.hol.es\/web\/index.php?rest_route=\/wp\/v2\/users\/1"}],"replies":[{"embeddable":true,"href":"https:\/\/chove.hol.es\/web\/index.php?rest_route=%2Fwp%2Fv2%2Fcomments&post=99"}],"version-history":[{"count":6,"href":"https:\/\/chove.hol.es\/web\/index.php?rest_route=\/wp\/v2\/pages\/99\/revisions"}],"predecessor-version":[{"id":1264,"href":"https:\/\/chove.hol.es\/web\/index.php?rest_route=\/wp\/v2\/pages\/99\/revisions\/1264"}],"up":[{"embeddable":true,"href":"https:\/\/chove.hol.es\/web\/index.php?rest_route=\/wp\/v2\/pages\/12"}],"wp:attachment":[{"href":"https:\/\/chove.hol.es\/web\/index.php?rest_route=%2Fwp%2Fv2%2Fmedia&parent=99"}],"curies":[{"name":"wp","href":"https:\/\/api.w.org\/{rel}","templated":true}]}}